



{"id":1872,"date":"2025-08-28T03:33:00","date_gmt":"2025-08-28T03:33:00","guid":{"rendered":"https:\/\/unzend.net\/product\/unzend-ioncube-sourceguardian-decoder\/"},"modified":"2026-04-13T13:15:40","modified_gmt":"2026-04-13T13:15:40","slug":"unzend-ioncube-sourceguardian-decoder","status":"publish","type":"product","link":"https:\/\/unzend.net\/es\/product\/unzend-ioncube-sourceguardian-decoder\/","title":{"rendered":"UnZend v4.0.0"},"content":{"rendered":"<h2>UnZend v3.2.0 \u2014 ionCube Decodificador y SourceGuardian Decodificador<\/h2>\n<p><strong>UnZend<\/strong> es un decodificador profesional <em>ionCube Decoder<\/em> y <em>SourceGuardian Decoder<\/em> para PHP. Funciona completamente en su propia m\u00e1quina, mantiene su c\u00f3digo privado, y ofrece legible salida que usted puede mantener para actualizaciones y auditor\u00edas a largo plazo.<\/p>\n<h3>\u00bfPor qu\u00e9 elegir este decodificador ionCube?<\/h3>\n<ul>\n<li><strong>Sin conexi\u00f3n y privado:<\/strong> Tu c\u00f3digo nunca sale de tu dispositivo.<\/li>\n<li><strong>Por lotes y CLI primero:<\/strong> Decodifica carpetas, automatiza en scripts\/CI y obt\u00e9n registros y sumas de comprobaci\u00f3n limpios.<\/li>\n<li><strong>Salida legible:<\/strong> Reconstrucci\u00f3n de tablas de s\u00edmbolos y eliminaci\u00f3n de capas de ofuscaci\u00f3n comunes para un PHP f\u00e1cil de mantener.<\/li>\n<li><strong>Multiplataforma:<\/strong> Windows y Linux.<\/li>\n<li><strong>Dise\u00f1ado para equipos:<\/strong> Flujos de trabajo pr\u00e1cticos para agencias y equipos de ingenier\u00eda internos.<\/li>\n<\/ul>\n<p>M\u00e1s informaci\u00f3n en nuestras p\u00e1ginas espec\u00edficas:<br \/>\n<a href=\"https:\/\/unzend.net\/es\/ioncube-decoder\/\">ionCube Decoder<\/a> y<br \/>\n<a href=\"https:\/\/unzend.net\/es\/sourceguardian-decoder\/\">SourceGuardian Decodificador<\/a>.<br \/>\nGu\u00edas de configuraci\u00f3n completa en vivo en la <a href=\"https:\/\/unzend.net\/es\/docs\/\">Documentaci\u00f3n de UnZend<\/a>.<\/p>\n<h3>Versiones compatibles (ionCube y SourceGuardian)<\/h3>\n<p><strong>ionCube:<\/strong> Loader 10\u201315 \u2022 <strong>SourceGuardian:<\/strong> 11\u201317 \u2022 <strong>PHP:<\/strong> 5.6\u20138.5<\/p>\n<h3>Ejemplo de CLI del decodificador ionCube<\/h3>\n<pre><code>unzend decode --engine ioncube --input \/path\/locked.php --out .\/decoded\/<\/code><\/pre>\n<h3>Lo que obtienes<\/h3>\n<ul>\n<li>Licencia de software para UnZend v4.x (dispositivos dependientes del plan y ventana de actualizaci\u00f3n).<\/li>\n<li>Documentaci\u00f3n y gu\u00edas de inicio r\u00e1pido.<\/li>\n<li>Asistencia por correo electr\u00f3nico por parte de los ingenieros que trabajan en el decodificador.<\/li>\n<\/ul>\n<h3>Sistema Requisitos<\/h3>\n<ul>\n<li>Windows o Linux (64 bits)<\/li>\n<li>Moderna CPU, 8 GB RAM recomendada<\/li>\n<li>Espacio en disco para salida descodificada y registros<\/li>\n<\/ul>\n<h3>Legal &amp; Acceptable Use<\/h3>\n<p>Utilice UnZend \u00fanicamente para descodificar software que sea <strong>de su propiedad<\/strong> o para el que cuente con el <strong>permiso por escrito<\/strong> del propietario para recuperarlo. Usted es responsable de cumplir con la ley de derechos de autor y las normativas locales. Lea nuestra pol\u00edtica completa: <a href=\"\/legal\/acceptable-use\/\">Uso aceptable<\/a>.<\/p>\n<h3>\u00datil Externo Referencia<\/h3>\n<p>Consulte el sitio web oficial de <a href=\"https:\/\/www.php.net\/\" target=\"_blank\" rel=\"nofollow noopener\">PHP<\/a> para obtener informaci\u00f3n sobre la versi\u00f3n y detalles del entorno relevantes para los proyectos descodificados.<\/p>\n<h3>Pago<\/h3>\n<p><strong>Solo pagos con criptomonedas.<\/strong> Las instrucciones paso a paso se proporcionan al finalizar la compra.<\/p>\n<p><iframe style=\"width: 100%; aspect-ratio: 16\/9; border: 0;\" title=\"YouTube video\" data-src=\"https:\/\/www.youtube.com\/embed\/xyXOFIoQgeU?si=0B37EC5cSAgXK7KC\" allowfullscreen=\"allowfullscreen\" src=\"data:image\/svg+xml;base64,PHN2ZyB3aWR0aD0iMSIgaGVpZ2h0PSIxIiB4bWxucz0iaHR0cDovL3d3dy53My5vcmcvMjAwMC9zdmciPjwvc3ZnPg==\" class=\"lazyload\" data-load-mode=\"1\"><\/iframe><\/p>\n","protected":false},"excerpt":{"rendered":"<p>UnZend v3.2.0 \u2014 ionCube Decodificador y SourceGuardian Decodificador UnZend es un decodificador profesional ionCube Decoder y SourceGuardian Decoder para PHP. Funciona completamente en su propia m\u00e1quina, mantiene su c\u00f3digo privado, y ofrece legible salida que usted puede mantener para actualizaciones y auditor\u00edas a largo plazo. \u00bfPor qu\u00e9 elegir este decodificador ionCube? Sin conexi\u00f3n y privado: [&hellip;]<\/p>\n","protected":false},"featured_media":4464,"comment_status":"open","ping_status":"closed","template":"","meta":[],"product_brand":[99],"product_cat":[85],"product_tag":[],"class_list":{"0":"post-1872","1":"product","2":"type-product","3":"status-publish","4":"has-post-thumbnail","6":"product_brand-unzend","7":"product_cat-app-es","9":"first","10":"instock","11":"sale","12":"downloadable","13":"virtual","14":"sold-individually","15":"purchasable","16":"product-type-simple"},"yoast_head":"<!-- This site is optimized with the Yoast SEO Premium plugin v26.0 (Yoast SEO v26.6) - https:\/\/yoast.com\/wordpress\/plugins\/seo\/ -->\n<title>ionCube Decodificador \u2013 UnZend | SourceGuardian Decodificador<\/title>\n<meta name=\"description\" content=\"El decodificador ionCube de UnZend decodifica PHP cifrado con ionCube y SourceGuardian completamente sin conexi\u00f3n. Por lotes y CLI, salida legible, PHP 5.6-8.3. Solo pagos criptogr\u00e1ficos.\" \/>\n<meta name=\"robots\" content=\"index, follow, max-snippet:-1, max-image-preview:large, max-video-preview:-1\" \/>\n<link rel=\"canonical\" href=\"https:\/\/unzend.net\/es\/product\/unzend-ioncube-sourceguardian-decoder\/\" \/>\n<meta property=\"og:locale\" content=\"es_ES\" \/>\n<meta property=\"og:type\" content=\"article\" \/>\n<meta property=\"og:title\" content=\"UnZend v4.0.0\" \/>\n<meta property=\"og:description\" content=\"El decodificador ionCube de UnZend decodifica PHP cifrado con ionCube y SourceGuardian completamente sin conexi\u00f3n. Por lotes y CLI, salida legible, PHP 5.6-8.3. Solo pagos criptogr\u00e1ficos.\" \/>\n<meta property=\"og:url\" content=\"https:\/\/unzend.net\/es\/product\/unzend-ioncube-sourceguardian-decoder\/\" \/>\n<meta property=\"og:site_name\" content=\"UnZend\" \/>\n<meta property=\"article:modified_time\" content=\"2026-04-13T13:15:40+00:00\" \/>\n<meta property=\"og:image\" content=\"https:\/\/unzend.net\/wp-content\/uploads\/2025\/08\/unzend41.jpg\" \/>\n\t<meta property=\"og:image:width\" content=\"512\" \/>\n\t<meta property=\"og:image:height\" content=\"512\" \/>\n\t<meta property=\"og:image:type\" content=\"image\/jpeg\" \/>\n<meta name=\"twitter:card\" content=\"summary_large_image\" \/>\n<meta name=\"twitter:label1\" content=\"Precio\" \/>\n\t<meta name=\"twitter:data1\" content=\"&#036;198.00\" \/>\n\t<meta name=\"twitter:label2\" content=\"Disponibilidad\" \/>\n\t<meta name=\"twitter:data2\" content=\"Disponible\" \/>\n<script type=\"application\/ld+json\" class=\"yoast-schema-graph\">{\"@context\":\"https:\/\/schema.org\",\"@graph\":[{\"@type\":[\"WebPage\",\"ItemPage\"],\"@id\":\"https:\/\/unzend.net\/es\/product\/unzend-ioncube-sourceguardian-decoder\/\",\"url\":\"https:\/\/unzend.net\/es\/product\/unzend-ioncube-sourceguardian-decoder\/\",\"name\":\"ionCube Decodificador \u2013 UnZend | SourceGuardian Decodificador\",\"isPartOf\":{\"@id\":\"https:\/\/unzend.net\/es\/#website\"},\"primaryImageOfPage\":{\"@id\":\"https:\/\/unzend.net\/es\/product\/unzend-ioncube-sourceguardian-decoder\/#primaryimage\"},\"image\":{\"@id\":\"https:\/\/unzend.net\/es\/product\/unzend-ioncube-sourceguardian-decoder\/#primaryimage\"},\"thumbnailUrl\":\"https:\/\/unzend.net\/wp-content\/uploads\/2025\/08\/unzend41.jpg\",\"datePublished\":\"2025-08-28T03:33:00+00:00\",\"dateModified\":\"2026-04-13T13:15:40+00:00\",\"description\":\"El decodificador ionCube de UnZend decodifica PHP cifrado con ionCube y SourceGuardian completamente sin conexi\u00f3n. Por lotes y CLI, salida legible, PHP 5.6-8.3. Solo pagos criptogr\u00e1ficos.\",\"breadcrumb\":{\"@id\":\"https:\/\/unzend.net\/es\/product\/unzend-ioncube-sourceguardian-decoder\/#breadcrumb\"},\"inLanguage\":\"es\",\"potentialAction\":[{\"@type\":\"ReadAction\",\"target\":[\"https:\/\/unzend.net\/es\/product\/unzend-ioncube-sourceguardian-decoder\/\"]}]},{\"@type\":\"ImageObject\",\"inLanguage\":\"es\",\"@id\":\"https:\/\/unzend.net\/es\/product\/unzend-ioncube-sourceguardian-decoder\/#primaryimage\",\"url\":\"https:\/\/unzend.net\/wp-content\/uploads\/2025\/08\/unzend41.jpg\",\"contentUrl\":\"https:\/\/unzend.net\/wp-content\/uploads\/2025\/08\/unzend41.jpg\",\"width\":512,\"height\":512,\"caption\":\"UNZEND : ionCube Decoder\"},{\"@type\":\"BreadcrumbList\",\"@id\":\"https:\/\/unzend.net\/es\/product\/unzend-ioncube-sourceguardian-decoder\/#breadcrumb\",\"itemListElement\":[{\"@type\":\"ListItem\",\"position\":1,\"name\":\"Home\",\"item\":\"https:\/\/unzend.net\/es\/home\/\"},{\"@type\":\"ListItem\",\"position\":2,\"name\":\"Shop\",\"item\":\"https:\/\/unzend.net\/es\/shop\/\"},{\"@type\":\"ListItem\",\"position\":3,\"name\":\"UnZend v4.0.0\"}]},{\"@type\":\"WebSite\",\"@id\":\"https:\/\/unzend.net\/es\/#website\",\"url\":\"https:\/\/unzend.net\/es\/\",\"name\":\"UnZend\",\"description\":\"ionCube Decoder &amp; SourceGuardian Decoder\",\"publisher\":{\"@id\":\"https:\/\/unzend.net\/es\/#organization\"},\"potentialAction\":[{\"@type\":\"SearchAction\",\"target\":{\"@type\":\"EntryPoint\",\"urlTemplate\":\"https:\/\/unzend.net\/es\/?s={search_term_string}\"},\"query-input\":{\"@type\":\"PropertyValueSpecification\",\"valueRequired\":true,\"valueName\":\"search_term_string\"}}],\"inLanguage\":\"es\"},{\"@type\":\"Organization\",\"@id\":\"https:\/\/unzend.net\/es\/#organization\",\"name\":\"UnZend\",\"url\":\"https:\/\/unzend.net\/es\/\",\"logo\":{\"@type\":\"ImageObject\",\"inLanguage\":\"es\",\"@id\":\"https:\/\/unzend.net\/es\/#\/schema\/logo\/image\/\",\"url\":\"https:\/\/unzend.net\/wp-content\/uploads\/2025\/08\/cropped-unzend-logo.png\",\"contentUrl\":\"https:\/\/unzend.net\/wp-content\/uploads\/2025\/08\/cropped-unzend-logo.png\",\"width\":300,\"height\":200,\"caption\":\"UnZend\"},\"image\":{\"@id\":\"https:\/\/unzend.net\/es\/#\/schema\/logo\/image\/\"}}]}<\/script>\n<meta property=\"product:price:amount\" content=\"198.00\" \/>\n<meta property=\"product:price:currency\" content=\"USD\" \/>\n<meta property=\"og:availability\" content=\"instock\" \/>\n<meta property=\"product:availability\" content=\"instock\" \/>\n<meta property=\"product:retailer_item_id\" content=\"UZ-ION-ES\" \/>\n<meta property=\"product:condition\" content=\"new\" \/>\n<!-- \/ Yoast SEO Premium plugin. -->","yoast_head_json":{"title":"ionCube Decodificador \u2013 UnZend | SourceGuardian Decodificador","description":"El decodificador ionCube de UnZend decodifica PHP cifrado con ionCube y SourceGuardian completamente sin conexi\u00f3n. Por lotes y CLI, salida legible, PHP 5.6-8.3. Solo pagos criptogr\u00e1ficos.","robots":{"index":"index","follow":"follow","max-snippet":"max-snippet:-1","max-image-preview":"max-image-preview:large","max-video-preview":"max-video-preview:-1"},"canonical":"https:\/\/unzend.net\/es\/product\/unzend-ioncube-sourceguardian-decoder\/","og_locale":"es_ES","og_type":"article","og_title":"UnZend v4.0.0","og_description":"El decodificador ionCube de UnZend decodifica PHP cifrado con ionCube y SourceGuardian completamente sin conexi\u00f3n. Por lotes y CLI, salida legible, PHP 5.6-8.3. Solo pagos criptogr\u00e1ficos.","og_url":"https:\/\/unzend.net\/es\/product\/unzend-ioncube-sourceguardian-decoder\/","og_site_name":"UnZend","article_modified_time":"2026-04-13T13:15:40+00:00","og_image":[{"width":512,"height":512,"url":"https:\/\/unzend.net\/wp-content\/uploads\/2025\/08\/unzend41.jpg","type":"image\/jpeg"}],"twitter_card":"summary_large_image","twitter_misc":{"Precio":"&#36;198.00","Disponibilidad":"Disponible"},"schema":{"@context":"https:\/\/schema.org","@graph":[{"@type":["WebPage","ItemPage"],"@id":"https:\/\/unzend.net\/es\/product\/unzend-ioncube-sourceguardian-decoder\/","url":"https:\/\/unzend.net\/es\/product\/unzend-ioncube-sourceguardian-decoder\/","name":"ionCube Decodificador \u2013 UnZend | SourceGuardian Decodificador","isPartOf":{"@id":"https:\/\/unzend.net\/es\/#website"},"primaryImageOfPage":{"@id":"https:\/\/unzend.net\/es\/product\/unzend-ioncube-sourceguardian-decoder\/#primaryimage"},"image":{"@id":"https:\/\/unzend.net\/es\/product\/unzend-ioncube-sourceguardian-decoder\/#primaryimage"},"thumbnailUrl":"https:\/\/unzend.net\/wp-content\/uploads\/2025\/08\/unzend41.jpg","datePublished":"2025-08-28T03:33:00+00:00","dateModified":"2026-04-13T13:15:40+00:00","description":"El decodificador ionCube de UnZend decodifica PHP cifrado con ionCube y SourceGuardian completamente sin conexi\u00f3n. Por lotes y CLI, salida legible, PHP 5.6-8.3. Solo pagos criptogr\u00e1ficos.","breadcrumb":{"@id":"https:\/\/unzend.net\/es\/product\/unzend-ioncube-sourceguardian-decoder\/#breadcrumb"},"inLanguage":"es","potentialAction":[{"@type":"ReadAction","target":["https:\/\/unzend.net\/es\/product\/unzend-ioncube-sourceguardian-decoder\/"]}]},{"@type":"ImageObject","inLanguage":"es","@id":"https:\/\/unzend.net\/es\/product\/unzend-ioncube-sourceguardian-decoder\/#primaryimage","url":"https:\/\/unzend.net\/wp-content\/uploads\/2025\/08\/unzend41.jpg","contentUrl":"https:\/\/unzend.net\/wp-content\/uploads\/2025\/08\/unzend41.jpg","width":512,"height":512,"caption":"UNZEND : ionCube Decoder"},{"@type":"BreadcrumbList","@id":"https:\/\/unzend.net\/es\/product\/unzend-ioncube-sourceguardian-decoder\/#breadcrumb","itemListElement":[{"@type":"ListItem","position":1,"name":"Home","item":"https:\/\/unzend.net\/es\/home\/"},{"@type":"ListItem","position":2,"name":"Shop","item":"https:\/\/unzend.net\/es\/shop\/"},{"@type":"ListItem","position":3,"name":"UnZend v4.0.0"}]},{"@type":"WebSite","@id":"https:\/\/unzend.net\/es\/#website","url":"https:\/\/unzend.net\/es\/","name":"UnZend","description":"ionCube Decoder &amp; SourceGuardian Decoder","publisher":{"@id":"https:\/\/unzend.net\/es\/#organization"},"potentialAction":[{"@type":"SearchAction","target":{"@type":"EntryPoint","urlTemplate":"https:\/\/unzend.net\/es\/?s={search_term_string}"},"query-input":{"@type":"PropertyValueSpecification","valueRequired":true,"valueName":"search_term_string"}}],"inLanguage":"es"},{"@type":"Organization","@id":"https:\/\/unzend.net\/es\/#organization","name":"UnZend","url":"https:\/\/unzend.net\/es\/","logo":{"@type":"ImageObject","inLanguage":"es","@id":"https:\/\/unzend.net\/es\/#\/schema\/logo\/image\/","url":"https:\/\/unzend.net\/wp-content\/uploads\/2025\/08\/cropped-unzend-logo.png","contentUrl":"https:\/\/unzend.net\/wp-content\/uploads\/2025\/08\/cropped-unzend-logo.png","width":300,"height":200,"caption":"UnZend"},"image":{"@id":"https:\/\/unzend.net\/es\/#\/schema\/logo\/image\/"}}]},"product_price_amount":"198.00","product_price_currency":"USD","og_availability":"instock","product_availability":"instock","product_retailer_item_id":"UZ-ION-ES","product_condition":"new"},"_links":{"self":[{"href":"https:\/\/unzend.net\/es\/wp-json\/wp\/v2\/product\/1872","targetHints":{"allow":["GET"]}}],"collection":[{"href":"https:\/\/unzend.net\/es\/wp-json\/wp\/v2\/product"}],"about":[{"href":"https:\/\/unzend.net\/es\/wp-json\/wp\/v2\/types\/product"}],"replies":[{"embeddable":true,"href":"https:\/\/unzend.net\/es\/wp-json\/wp\/v2\/comments?post=1872"}],"wp:featuredmedia":[{"embeddable":true,"href":"https:\/\/unzend.net\/es\/wp-json\/wp\/v2\/media\/4464"}],"wp:attachment":[{"href":"https:\/\/unzend.net\/es\/wp-json\/wp\/v2\/media?parent=1872"}],"wp:term":[{"taxonomy":"product_brand","embeddable":true,"href":"https:\/\/unzend.net\/es\/wp-json\/wp\/v2\/product_brand?post=1872"},{"taxonomy":"product_cat","embeddable":true,"href":"https:\/\/unzend.net\/es\/wp-json\/wp\/v2\/product_cat?post=1872"},{"taxonomy":"product_tag","embeddable":true,"href":"https:\/\/unzend.net\/es\/wp-json\/wp\/v2\/product_tag?post=1872"}],"curies":[{"name":"wp","href":"https:\/\/api.w.org\/{rel}","templated":true}]}}