



{"id":2260,"date":"2025-08-27T09:29:11","date_gmt":"2025-08-27T09:29:11","guid":{"rendered":"https:\/\/unzend.net\/home\/"},"modified":"2025-11-25T15:27:08","modified_gmt":"2025-11-25T15:27:08","slug":"home","status":"publish","type":"page","link":"https:\/\/unzend.net\/fr\/","title":{"rendered":"Accueil"},"content":{"rendered":"\t\t<div data-elementor-type=\"wp-page\" data-elementor-id=\"2260\" class=\"elementor elementor-2260 elementor-147\">\n\t\t\t\t<div class=\"elementor-element elementor-element-568e0d7 e-con-full e-flex e-con e-parent\" data-id=\"568e0d7\" data-element_type=\"container\">\n\t\t\t\t<div class=\"elementor-element elementor-element-8c4eb1c elementor-widget__width-inherit elementor-widget elementor-widget-uzp_hero_plus\" data-id=\"8c4eb1c\" data-element_type=\"widget\" data-widget_type=\"uzp_hero_plus.default\">\n\t\t\t\t<div class=\"elementor-widget-container\">\n\t\t\t\t\t    <section class=\"uzp uzp-hero constellation\" data-style=\"constellation\">\n      <!-- \u0644\u0627\u06cc\u0647\u200c\u0647\u0627\u06cc \u067e\u0633\u200c\u0632\u0645\u06cc\u0646\u0647 \u0641\u0642\u0637 \u0628\u0631\u0627\u06cc \u0627\u06cc\u0646 \u0648\u06cc\u062c\u062a -->\n      <div class=\"back grid radar\" aria-hidden=\"true\"><\/div>\n              <div class=\"fx\" aria-hidden=\"true\"><\/div>\n            <div class=\"overlay\" style=\"opacity:0.39\"><\/div>\n\n      <div class=\"content\">\n                  <div class=\"kicker par\">D\u00e9codage ionCube &amp; SourceGuardian<\/div>\n        \n        <h1 class=\"par headline\" data-text=\"UNZEND\">\n          UNZEND        <\/h1>\n\n                  <p class=\"sub par\">D\u00e9codez du PHP crypt\u00e9 (ionCube &amp; SourceGuardian) localement \u2014 100% hors ligne, sans t\u00e9l\u00e9chargement.<\/p>\n        \n        <div class=\"ctas par\">\n                      <a class=\"btn\" href=\"\/fr\/product\/unzend-ioncube-sourceguardian-decoder\/\">\u26a1 D\u00e9marrer<\/a>\n          \n                      <a class=\"btn secondary\" href=\"\/fr\/login\">\ud83e\udded Se connecter<\/a>\n                  <\/div>\n      <\/div>\n    <\/section>\n    \t\t\t\t<\/div>\n\t\t\t\t<\/div>\n\t\t\t\t<\/div>\n\t\t<div class=\"elementor-element elementor-element-b890ed7 e-flex e-con-boxed e-con e-parent\" data-id=\"b890ed7\" data-element_type=\"container\">\n\t\t\t\t\t<div class=\"e-con-inner\">\n\t\t\t\t<div class=\"elementor-element elementor-element-e3bf9cc elementor-widget elementor-widget-uzp_separator_plus\" data-id=\"e3bf9cc\" data-element_type=\"widget\" data-widget_type=\"uzp_separator_plus.default\">\n\t\t\t\t<div class=\"elementor-widget-container\">\n\t\t\t\t\t<div class=\"uzp\"><div class=\"uzp-sep circuit\"><div class=\"line\"><\/div><\/div><\/div>\t\t\t\t<\/div>\n\t\t\t\t<\/div>\n\t\t\t\t\t<\/div>\n\t\t\t\t<\/div>\n\t\t<div class=\"elementor-element elementor-element-2a29e97 e-flex e-con-boxed e-con e-parent\" data-id=\"2a29e97\" data-element_type=\"container\">\n\t\t\t\t\t<div class=\"e-con-inner\">\n\t\t\t\t<div class=\"elementor-element elementor-element-acb2941 elementor-widget elementor-widget-uzp_features_plus\" data-id=\"acb2941\" data-element_type=\"widget\" data-widget_type=\"uzp_features_plus.default\">\n\t\t\t\t<div class=\"elementor-widget-container\">\n\t\t\t\t\t    <section class=\"uzp\">\n      <div class=\"uzp-features neon\">\n                  <article class=\"card\">\n                        <div class=\"icon\">\ud83d\udd12<\/div>\n            <h4>Hors ligne et priv\u00e9<\/h4>\n            <p>Votre code ne quitte jamais votre appareil.<\/p>\n                      <\/article>\n                  <article class=\"card\">\n                        <div class=\"icon\">\ud83e\udde9<\/div>\n            <h4>Support \u00e9tendu<\/h4>\n            <p>Prend en charge ionCube Loader&nbsp;10\u201114 et SourceGuardian&nbsp;11\u201115 sur PHP&nbsp;5.6\u20118.3.<\/p>\n                      <\/article>\n                  <article class=\"card\">\n                        <div class=\"icon\">\u2699\ufe0f<\/div>\n            <h4>En lot &amp; en ligne de commande<\/h4>\n            <p>D\u00e9coder les dossiers, automatiser dans les scripts\/CI, obtenir des journaux propres.<\/p>\n                      <\/article>\n                  <article class=\"card\">\n                        <div class=\"icon\">\u2728<\/div>\n            <h4>Sortie lisible<\/h4>\n            <p>Reconstruction des tables de symboles &amp; d\u00e9sobfuscation<\/p>\n                      <\/article>\n                  <article class=\"card\">\n                        <div class=\"icon\">\ud83d\udcbb<\/div>\n            <h4>Cross-platform<\/h4>\n            <p>Windows et Linux.<\/p>\n                      <\/article>\n                  <article class=\"card\">\n                        <div class=\"icon\">\ud83e\udd1d<\/div>\n            <h4>Human support<\/h4>\n            <p>Les ing\u00e9nieurs qui travaillent r\u00e9ellement sur le d\u00e9codeur.<\/p>\n                      <\/article>\n              <\/div>\n    <\/section>\n    \t\t\t\t<\/div>\n\t\t\t\t<\/div>\n\t\t\t\t\t<\/div>\n\t\t\t\t<\/div>\n\t\t<div class=\"elementor-element elementor-element-3508f94 e-flex e-con-boxed e-con e-parent\" data-id=\"3508f94\" data-element_type=\"container\">\n\t\t\t\t\t<div class=\"e-con-inner\">\n\t\t\t\t<div class=\"elementor-element elementor-element-31f3c24 elementor-widget elementor-widget-uzp_separator_plus\" data-id=\"31f3c24\" data-element_type=\"widget\" data-widget_type=\"uzp_separator_plus.default\">\n\t\t\t\t<div class=\"elementor-widget-container\">\n\t\t\t\t\t<div class=\"uzp\"><div class=\"uzp-sep neon-line\"><div class=\"line\"><\/div><\/div><\/div>\t\t\t\t<\/div>\n\t\t\t\t<\/div>\n\t\t\t\t\t<\/div>\n\t\t\t\t<\/div>\n\t\t<div class=\"elementor-element elementor-element-1fb85d6 e-flex e-con-boxed e-con e-parent\" data-id=\"1fb85d6\" data-element_type=\"container\">\n\t\t\t\t\t<div class=\"e-con-inner\">\n\t\t\t\t<div class=\"elementor-element elementor-element-3cd29c5 elementor-widget elementor-widget-uzp_cipher_reveal_plus\" data-id=\"3cd29c5\" data-element_type=\"widget\" data-widget_type=\"uzp_cipher_reveal_plus.default\">\n\t\t\t\t<div class=\"elementor-widget-container\">\n\t\t\t\t\t    <div class=\"uzp\">\n      <div class=\"uzp-terminal matrix\" data-autoplay=\"1\" data-speed=\"30\" data-lines=\"UnZend UI v3.0.0\nScan: locked.php \u2192 ionCube 14.x\nKey: derived from license.dat \u2713\nDecrypt\u2026 [||||||||||||||||||||] 100%\nRebuild symbols\u2026 92%\nOutput \u2192 \/decoded\/locked.dec.php\nDone in 2.08s \u2022\n\">\n        <div class=\"toolbar\"><strong>\u25cf \u25cf \u25cf<\/strong><span style=\"margin-left:.5rem;opacity:.8\">Cipher Reveal<\/span><\/div>        <div class=\"screen\"><span class=\"prompt\">$ <\/span><span class=\"cursor\"><\/span><\/div>\n      <\/div>\n    <\/div>\n    \t\t\t\t<\/div>\n\t\t\t\t<\/div>\n\t\t\t\t\t<\/div>\n\t\t\t\t<\/div>\n\t\t<div class=\"elementor-element elementor-element-3bdf226 e-flex e-con-boxed e-con e-parent\" data-id=\"3bdf226\" data-element_type=\"container\">\n\t\t\t\t\t<div class=\"e-con-inner\">\n\t\t\t\t<div class=\"elementor-element elementor-element-2646bad elementor-widget elementor-widget-uzp_separator_plus\" data-id=\"2646bad\" data-element_type=\"widget\" data-widget_type=\"uzp_separator_plus.default\">\n\t\t\t\t<div class=\"elementor-widget-container\">\n\t\t\t\t\t<div class=\"uzp\"><div class=\"uzp-sep neon-line\"><div class=\"line\"><\/div><\/div><\/div>\t\t\t\t<\/div>\n\t\t\t\t<\/div>\n\t\t\t\t<div class=\"elementor-element elementor-element-0b24e36 elementor-widget elementor-widget-heading\" data-id=\"0b24e36\" data-element_type=\"widget\" data-widget_type=\"heading.default\">\n\t\t\t\t\t<h2 class=\"elementor-heading-title elementor-size-default\">Foire aux questions<\/h2>\t\t\t\t<\/div>\n\t\t\t\t\t<\/div>\n\t\t\t\t<\/div>\n\t\t<div class=\"elementor-element elementor-element-e66b525 e-flex e-con-boxed e-con e-parent\" data-id=\"e66b525\" data-element_type=\"container\">\n\t\t\t\t\t<div class=\"e-con-inner\">\n\t\t\t\t<div class=\"elementor-element elementor-element-558f4e7 elementor-widget elementor-widget-uzp_faq_plus\" data-id=\"558f4e7\" data-element_type=\"widget\" id=\"faqs\" data-widget_type=\"uzp_faq_plus.default\">\n\t\t\t\t<div class=\"elementor-widget-container\">\n\t\t\t\t\t<section class=\"uzp\"><div class=\"uzp-faq\"><div class=\"item\"><div class=\"q\"><strong>Comment puis-je payer ?<\/strong><span>+<\/span><\/div><div class=\"a\">Pour le moment, UnZend n'accepte que les paiements en cryptomonnaies. Des instructions d\u00e9taill\u00e9es seront affich\u00e9es lors du passage \u00e0 la caisse.<\/div><\/div><div class=\"item\"><div class=\"q\"><strong>L&#039;utilisation d&#039;UnZend est-elle l\u00e9gale ?<\/strong><span>+<\/span><\/div><div class=\"a\">Yes. You may decode code that you own or code that you have explicit written permission to decrypt.<\/div><\/div><div class=\"item\"><div class=\"q\"><strong>Souhaitez-vous que je t\u00e9l\u00e9charge vos fichiers ?<\/strong><span>+<\/span><\/div><div class=\"a\">Non. Tout le traitement est effectu\u00e9 localement et hors ligne, vos fichiers ne sont donc jamais t\u00e9l\u00e9charg\u00e9s.<\/div><\/div><div class=\"item\"><div class=\"q\"><strong>Quelles versions sont prises en charge ?<\/strong><span>+<\/span><\/div><div class=\"a\">UnZend prend actuellement en charge les versions 10 \u00e0 14 d'ionCube Loader et les versions 11 \u00e0 15 de SourceGuardian sur PHP 5.6 \u00e0 8.3.<\/div><\/div><div class=\"item\"><div class=\"q\"><strong>Ai-je besoin de connaissances en programmation pour utiliser UnZend ?<\/strong><span>+<\/span><\/div><div class=\"a\">Aucune exp\u00e9rience en codage n'est requise. UnZend comprend une interface graphique permettant de lancer des t\u00e2ches, de s\u00e9lectionner des dossiers et d'afficher les r\u00e9sultats. De plus, les utilisateurs avanc\u00e9s peuvent utiliser une interface de ligne de commande (CLI) pour int\u00e9grer le d\u00e9codage dans des scripts d'automatisation ou des pipelines CI.<\/div><\/div><\/div><\/section>\t\t\t\t<\/div>\n\t\t\t\t<\/div>\n\t\t\t\t<div class=\"elementor-element elementor-element-b7178c5 elementor-widget elementor-widget-uzp_separator_plus\" data-id=\"b7178c5\" data-element_type=\"widget\" data-widget_type=\"uzp_separator_plus.default\">\n\t\t\t\t<div class=\"elementor-widget-container\">\n\t\t\t\t\t<div class=\"uzp\"><div class=\"uzp-sep circuit\"><div class=\"line\"><\/div><\/div><\/div>\t\t\t\t<\/div>\n\t\t\t\t<\/div>\n\t\t\t\t\t<\/div>\n\t\t\t\t<\/div>\n\t\t<div class=\"elementor-element elementor-element-ea3c170 e-flex e-con-boxed e-con e-parent\" data-id=\"ea3c170\" data-element_type=\"container\">\n\t\t\t\t\t<div class=\"e-con-inner\">\n\t\t\t\t<div class=\"elementor-element elementor-element-1909c29 elementor-widget elementor-widget-uzp_logos_plus\" data-id=\"1909c29\" data-element_type=\"widget\" data-widget_type=\"uzp_logos_plus.default\">\n\t\t\t\t<div class=\"elementor-widget-container\">\n\t\t\t\t\t<div class=\"uzp uzp-logos neon-cards\"><div class=\"item\"><span class=\"verified\" aria-label=\"verified\"><svg viewBox=\"0 0 16 16\" width=\"16\" height=\"16\" fill=\"currentColor\" aria-hidden=\"true\"><path d=\"M6.6 11.2 3.9 8.5l1.1-1.1 1.6 1.6 4-4 1.1 1.1-5.1 5.1z\"\/><\/svg><\/span><img decoding=\"async\" data-src=\"https:\/\/unzend.net\/wp-content\/uploads\/2025\/08\/trustwallet.png\" alt=\"Trust Wallet\" src=\"data:image\/svg+xml;base64,PHN2ZyB3aWR0aD0iMSIgaGVpZ2h0PSIxIiB4bWxucz0iaHR0cDovL3d3dy53My5vcmcvMjAwMC9zdmciPjwvc3ZnPg==\" class=\"lazyload\" style=\"--smush-placeholder-width: 200px; --smush-placeholder-aspect-ratio: 200\/200;\" \/><div class=\"label\">Trust Wallet<\/div><\/div><div class=\"item\"><span class=\"verified\" aria-label=\"verified\"><svg viewBox=\"0 0 16 16\" width=\"16\" height=\"16\" fill=\"currentColor\" aria-hidden=\"true\"><path d=\"M6.6 11.2 3.9 8.5l1.1-1.1 1.6 1.6 4-4 1.1 1.1-5.1 5.1z\"\/><\/svg><\/span><img decoding=\"async\" data-src=\"https:\/\/unzend.net\/wp-content\/uploads\/2025\/08\/atomicwallet-1.png\" alt=\"Atomic Wallet\" src=\"data:image\/svg+xml;base64,PHN2ZyB3aWR0aD0iMSIgaGVpZ2h0PSIxIiB4bWxucz0iaHR0cDovL3d3dy53My5vcmcvMjAwMC9zdmciPjwvc3ZnPg==\" class=\"lazyload\" style=\"--smush-placeholder-width: 240px; --smush-placeholder-aspect-ratio: 240\/240;\" \/><div class=\"label\">Atomic Wallet<\/div><\/div><div class=\"item\"><span class=\"verified\" aria-label=\"verified\"><svg viewBox=\"0 0 16 16\" width=\"16\" height=\"16\" fill=\"currentColor\" aria-hidden=\"true\"><path d=\"M6.6 11.2 3.9 8.5l1.1-1.1 1.6 1.6 4-4 1.1 1.1-5.1 5.1z\"\/><\/svg><\/span><img decoding=\"async\" data-src=\"https:\/\/unzend.net\/wp-content\/uploads\/2025\/08\/binance.png\" alt=\"Binance\" src=\"data:image\/svg+xml;base64,PHN2ZyB3aWR0aD0iMSIgaGVpZ2h0PSIxIiB4bWxucz0iaHR0cDovL3d3dy53My5vcmcvMjAwMC9zdmciPjwvc3ZnPg==\" class=\"lazyload\" style=\"--smush-placeholder-width: 200px; --smush-placeholder-aspect-ratio: 200\/200;\" \/><div class=\"label\">Binance<\/div><\/div><div class=\"item\"><span class=\"verified\" aria-label=\"verified\"><svg viewBox=\"0 0 16 16\" width=\"16\" height=\"16\" fill=\"currentColor\" aria-hidden=\"true\"><path d=\"M6.6 11.2 3.9 8.5l1.1-1.1 1.6 1.6 4-4 1.1 1.1-5.1 5.1z\"\/><\/svg><\/span><img decoding=\"async\" data-src=\"https:\/\/unzend.net\/wp-content\/uploads\/2025\/08\/ledger.png\" alt=\"Ledger\" src=\"data:image\/svg+xml;base64,PHN2ZyB3aWR0aD0iMSIgaGVpZ2h0PSIxIiB4bWxucz0iaHR0cDovL3d3dy53My5vcmcvMjAwMC9zdmciPjwvc3ZnPg==\" class=\"lazyload\" style=\"--smush-placeholder-width: 200px; --smush-placeholder-aspect-ratio: 200\/200;\" \/><div class=\"label\">Ledger<\/div><\/div><div class=\"item\"><span class=\"verified\" aria-label=\"verified\"><svg viewBox=\"0 0 16 16\" width=\"16\" height=\"16\" fill=\"currentColor\" aria-hidden=\"true\"><path d=\"M6.6 11.2 3.9 8.5l1.1-1.1 1.6 1.6 4-4 1.1 1.1-5.1 5.1z\"\/><\/svg><\/span><img decoding=\"async\" data-src=\"https:\/\/unzend.net\/wp-content\/uploads\/2025\/08\/unnamed.png\" alt=\"MetaMask\" src=\"data:image\/svg+xml;base64,PHN2ZyB3aWR0aD0iMSIgaGVpZ2h0PSIxIiB4bWxucz0iaHR0cDovL3d3dy53My5vcmcvMjAwMC9zdmciPjwvc3ZnPg==\" class=\"lazyload\" style=\"--smush-placeholder-width: 240px; --smush-placeholder-aspect-ratio: 240\/240;\" \/><div class=\"label\">MetaMask<\/div><\/div><div class=\"item\"><span class=\"verified\" aria-label=\"verified\"><svg viewBox=\"0 0 16 16\" width=\"16\" height=\"16\" fill=\"currentColor\" aria-hidden=\"true\"><path d=\"M6.6 11.2 3.9 8.5l1.1-1.1 1.6 1.6 4-4 1.1 1.1-5.1 5.1z\"\/><\/svg><\/span><img decoding=\"async\" data-src=\"https:\/\/unzend.net\/wp-content\/uploads\/2025\/08\/logo.clearbit.png\" alt=\"Trezor\" src=\"data:image\/svg+xml;base64,PHN2ZyB3aWR0aD0iMSIgaGVpZ2h0PSIxIiB4bWxucz0iaHR0cDovL3d3dy53My5vcmcvMjAwMC9zdmciPjwvc3ZnPg==\" class=\"lazyload\" style=\"--smush-placeholder-width: 128px; --smush-placeholder-aspect-ratio: 128\/128;\" \/><div class=\"label\">Trezor<\/div><\/div><\/div>\t\t\t\t<\/div>\n\t\t\t\t<\/div>\n\t\t\t\t\t<\/div>\n\t\t\t\t<\/div>\n\t\t\t\t<\/div>\n\t\t","protected":false},"excerpt":{"rendered":"<p>D\u00e9codage ionCube &amp; SourceGuardian UNZEND D\u00e9codez du PHP crypt\u00e9 (ionCube &amp; SourceGuardian) localement \u2014 100% hors ligne, sans t\u00e9l\u00e9chargement. \u26a1 D\u00e9marrer \ud83e\udded Se connecter \ud83d\udd12 Hors ligne et priv\u00e9 Votre code ne quitte jamais votre appareil. \ud83e\udde9 Support \u00e9tendu Prend en charge ionCube Loader&nbsp;10\u201114 et SourceGuardian&nbsp;11\u201115 sur PHP&nbsp;5.6\u20118.3. \u2699\ufe0f En lot &amp; en ligne de [&hellip;]<\/p>\n","protected":false},"author":1,"featured_media":2262,"parent":0,"menu_order":0,"comment_status":"closed","ping_status":"closed","template":"templates\/elementor-fullwidth.php","meta":{"footnotes":""},"class_list":["post-2260","page","type-page","status-publish","has-post-thumbnail","hentry"],"yoast_head":"<!-- This site is optimized with the Yoast SEO Premium plugin v26.0 (Yoast SEO v26.6) - https:\/\/yoast.com\/wordpress\/plugins\/seo\/ -->\n<title>UnZend \u2013 D\u00e9codeur ionCube &amp; SourceGuardian (Hors ligne)<\/title>\n<meta name=\"description\" content=\"UnZend est le d\u00e9codeur ionCube et SourceGuardian le plus rapide. D\u00e9codez localement les fichiers PHP crypt\u00e9s sous Windows ou Linux sans avoir\" \/>\n<meta name=\"robots\" content=\"index, follow, max-snippet:-1, max-image-preview:large, max-video-preview:-1\" \/>\n<link rel=\"canonical\" href=\"https:\/\/unzend.net\/fr\/\" \/>\n<meta property=\"og:locale\" content=\"fr_FR\" \/>\n<meta property=\"og:type\" content=\"article\" \/>\n<meta property=\"og:title\" content=\"UnZend \u2013 D\u00e9codeur ionCube &amp; SourceGuardian (Hors ligne)\" \/>\n<meta property=\"og:description\" content=\"UnZend est le d\u00e9codeur ionCube et SourceGuardian le plus rapide. D\u00e9codez localement les fichiers PHP crypt\u00e9s sous Windows ou Linux sans avoir\" \/>\n<meta property=\"og:url\" content=\"https:\/\/unzend.net\/fr\/\" \/>\n<meta property=\"og:site_name\" content=\"UnZend\" \/>\n<meta property=\"article:modified_time\" content=\"2025-11-25T15:27:08+00:00\" \/>\n<meta property=\"og:image\" content=\"https:\/\/unzend.net\/wp-content\/uploads\/2025\/08\/3c6c4675-3e27-4822-ad21-48df616172d6.png\" \/>\n\t<meta property=\"og:image:width\" content=\"1024\" \/>\n\t<meta property=\"og:image:height\" content=\"1024\" \/>\n\t<meta property=\"og:image:type\" content=\"image\/png\" \/>\n<meta name=\"twitter:card\" content=\"summary_large_image\" \/>\n<meta name=\"twitter:title\" content=\"UnZend \u2013 D\u00e9codeur ionCube &amp; SourceGuardian (Hors ligne)\" \/>\n<meta name=\"twitter:description\" content=\"UnZend est le d\u00e9codeur ionCube et SourceGuardian le plus rapide. D\u00e9codez localement les fichiers PHP crypt\u00e9s sous Windows ou Linux sans avoir\" \/>\n<meta name=\"twitter:label1\" content=\"Dur\u00e9e de lecture estim\u00e9e\" \/>\n\t<meta name=\"twitter:data1\" content=\"3 minutes\" \/>\n<script type=\"application\/ld+json\" class=\"yoast-schema-graph\">{\"@context\":\"https:\/\/schema.org\",\"@graph\":[{\"@type\":\"WebPage\",\"@id\":\"https:\/\/unzend.net\/fr\/\",\"url\":\"https:\/\/unzend.net\/fr\/\",\"name\":\"UnZend \u2013 D\u00e9codeur ionCube & SourceGuardian (Hors ligne)\",\"isPartOf\":{\"@id\":\"https:\/\/unzend.net\/fr\/#website\"},\"primaryImageOfPage\":{\"@id\":\"https:\/\/unzend.net\/fr\/#primaryimage\"},\"image\":{\"@id\":\"https:\/\/unzend.net\/fr\/#primaryimage\"},\"thumbnailUrl\":\"https:\/\/unzend.net\/wp-content\/uploads\/2025\/08\/3c6c4675-3e27-4822-ad21-48df616172d6.png\",\"datePublished\":\"2025-08-27T09:29:11+00:00\",\"dateModified\":\"2025-11-25T15:27:08+00:00\",\"description\":\"UnZend est le d\u00e9codeur ionCube et SourceGuardian le plus rapide. D\u00e9codez localement les fichiers PHP crypt\u00e9s sous Windows ou Linux sans avoir\",\"breadcrumb\":{\"@id\":\"https:\/\/unzend.net\/fr\/#breadcrumb\"},\"inLanguage\":\"fr-FR\",\"potentialAction\":[{\"@type\":\"ReadAction\",\"target\":[\"https:\/\/unzend.net\/fr\/\"]}]},{\"@type\":\"ImageObject\",\"inLanguage\":\"fr-FR\",\"@id\":\"https:\/\/unzend.net\/fr\/#primaryimage\",\"url\":\"https:\/\/unzend.net\/wp-content\/uploads\/2025\/08\/3c6c4675-3e27-4822-ad21-48df616172d6.png\",\"contentUrl\":\"https:\/\/unzend.net\/wp-content\/uploads\/2025\/08\/3c6c4675-3e27-4822-ad21-48df616172d6.png\",\"width\":1024,\"height\":1024},{\"@type\":\"BreadcrumbList\",\"@id\":\"https:\/\/unzend.net\/fr\/#breadcrumb\",\"itemListElement\":[{\"@type\":\"ListItem\",\"position\":1,\"name\":\"Home\",\"item\":\"https:\/\/unzend.net\/fr\/home\/\"},{\"@type\":\"ListItem\",\"position\":2,\"name\":\"Accueil\"}]},{\"@type\":\"WebSite\",\"@id\":\"https:\/\/unzend.net\/fr\/#website\",\"url\":\"https:\/\/unzend.net\/fr\/\",\"name\":\"UnZend\",\"description\":\"ionCube Decoder &amp; SourceGuardian Decoder\",\"publisher\":{\"@id\":\"https:\/\/unzend.net\/fr\/#organization\"},\"potentialAction\":[{\"@type\":\"SearchAction\",\"target\":{\"@type\":\"EntryPoint\",\"urlTemplate\":\"https:\/\/unzend.net\/fr\/?s={search_term_string}\"},\"query-input\":{\"@type\":\"PropertyValueSpecification\",\"valueRequired\":true,\"valueName\":\"search_term_string\"}}],\"inLanguage\":\"fr-FR\"},{\"@type\":\"Organization\",\"@id\":\"https:\/\/unzend.net\/fr\/#organization\",\"name\":\"UnZend\",\"url\":\"https:\/\/unzend.net\/fr\/\",\"logo\":{\"@type\":\"ImageObject\",\"inLanguage\":\"fr-FR\",\"@id\":\"https:\/\/unzend.net\/fr\/#\/schema\/logo\/image\/\",\"url\":\"https:\/\/unzend.net\/wp-content\/uploads\/2025\/08\/cropped-unzend-logo.png\",\"contentUrl\":\"https:\/\/unzend.net\/wp-content\/uploads\/2025\/08\/cropped-unzend-logo.png\",\"width\":300,\"height\":200,\"caption\":\"UnZend\"},\"image\":{\"@id\":\"https:\/\/unzend.net\/fr\/#\/schema\/logo\/image\/\"}}]}<\/script>\n<!-- \/ Yoast SEO Premium plugin. -->","yoast_head_json":{"title":"UnZend \u2013 D\u00e9codeur ionCube & SourceGuardian (Hors ligne)","description":"UnZend est le d\u00e9codeur ionCube et SourceGuardian le plus rapide. D\u00e9codez localement les fichiers PHP crypt\u00e9s sous Windows ou Linux sans avoir","robots":{"index":"index","follow":"follow","max-snippet":"max-snippet:-1","max-image-preview":"max-image-preview:large","max-video-preview":"max-video-preview:-1"},"canonical":"https:\/\/unzend.net\/fr\/","og_locale":"fr_FR","og_type":"article","og_title":"UnZend \u2013 D\u00e9codeur ionCube & SourceGuardian (Hors ligne)","og_description":"UnZend est le d\u00e9codeur ionCube et SourceGuardian le plus rapide. D\u00e9codez localement les fichiers PHP crypt\u00e9s sous Windows ou Linux sans avoir","og_url":"https:\/\/unzend.net\/fr\/","og_site_name":"UnZend","article_modified_time":"2025-11-25T15:27:08+00:00","og_image":[{"width":1024,"height":1024,"url":"https:\/\/unzend.net\/wp-content\/uploads\/2025\/08\/3c6c4675-3e27-4822-ad21-48df616172d6.png","type":"image\/png"}],"twitter_card":"summary_large_image","twitter_title":"UnZend \u2013 D\u00e9codeur ionCube & SourceGuardian (Hors ligne)","twitter_description":"UnZend est le d\u00e9codeur ionCube et SourceGuardian le plus rapide. D\u00e9codez localement les fichiers PHP crypt\u00e9s sous Windows ou Linux sans avoir","twitter_misc":{"Dur\u00e9e de lecture estim\u00e9e":"3 minutes"},"schema":{"@context":"https:\/\/schema.org","@graph":[{"@type":"WebPage","@id":"https:\/\/unzend.net\/fr\/","url":"https:\/\/unzend.net\/fr\/","name":"UnZend \u2013 D\u00e9codeur ionCube & SourceGuardian (Hors ligne)","isPartOf":{"@id":"https:\/\/unzend.net\/fr\/#website"},"primaryImageOfPage":{"@id":"https:\/\/unzend.net\/fr\/#primaryimage"},"image":{"@id":"https:\/\/unzend.net\/fr\/#primaryimage"},"thumbnailUrl":"https:\/\/unzend.net\/wp-content\/uploads\/2025\/08\/3c6c4675-3e27-4822-ad21-48df616172d6.png","datePublished":"2025-08-27T09:29:11+00:00","dateModified":"2025-11-25T15:27:08+00:00","description":"UnZend est le d\u00e9codeur ionCube et SourceGuardian le plus rapide. D\u00e9codez localement les fichiers PHP crypt\u00e9s sous Windows ou Linux sans avoir","breadcrumb":{"@id":"https:\/\/unzend.net\/fr\/#breadcrumb"},"inLanguage":"fr-FR","potentialAction":[{"@type":"ReadAction","target":["https:\/\/unzend.net\/fr\/"]}]},{"@type":"ImageObject","inLanguage":"fr-FR","@id":"https:\/\/unzend.net\/fr\/#primaryimage","url":"https:\/\/unzend.net\/wp-content\/uploads\/2025\/08\/3c6c4675-3e27-4822-ad21-48df616172d6.png","contentUrl":"https:\/\/unzend.net\/wp-content\/uploads\/2025\/08\/3c6c4675-3e27-4822-ad21-48df616172d6.png","width":1024,"height":1024},{"@type":"BreadcrumbList","@id":"https:\/\/unzend.net\/fr\/#breadcrumb","itemListElement":[{"@type":"ListItem","position":1,"name":"Home","item":"https:\/\/unzend.net\/fr\/home\/"},{"@type":"ListItem","position":2,"name":"Accueil"}]},{"@type":"WebSite","@id":"https:\/\/unzend.net\/fr\/#website","url":"https:\/\/unzend.net\/fr\/","name":"UnZend","description":"ionCube Decoder &amp; SourceGuardian Decoder","publisher":{"@id":"https:\/\/unzend.net\/fr\/#organization"},"potentialAction":[{"@type":"SearchAction","target":{"@type":"EntryPoint","urlTemplate":"https:\/\/unzend.net\/fr\/?s={search_term_string}"},"query-input":{"@type":"PropertyValueSpecification","valueRequired":true,"valueName":"search_term_string"}}],"inLanguage":"fr-FR"},{"@type":"Organization","@id":"https:\/\/unzend.net\/fr\/#organization","name":"UnZend","url":"https:\/\/unzend.net\/fr\/","logo":{"@type":"ImageObject","inLanguage":"fr-FR","@id":"https:\/\/unzend.net\/fr\/#\/schema\/logo\/image\/","url":"https:\/\/unzend.net\/wp-content\/uploads\/2025\/08\/cropped-unzend-logo.png","contentUrl":"https:\/\/unzend.net\/wp-content\/uploads\/2025\/08\/cropped-unzend-logo.png","width":300,"height":200,"caption":"UnZend"},"image":{"@id":"https:\/\/unzend.net\/fr\/#\/schema\/logo\/image\/"}}]}},"_links":{"self":[{"href":"https:\/\/unzend.net\/fr\/wp-json\/wp\/v2\/pages\/2260","targetHints":{"allow":["GET"]}}],"collection":[{"href":"https:\/\/unzend.net\/fr\/wp-json\/wp\/v2\/pages"}],"about":[{"href":"https:\/\/unzend.net\/fr\/wp-json\/wp\/v2\/types\/page"}],"author":[{"embeddable":true,"href":"https:\/\/unzend.net\/fr\/wp-json\/wp\/v2\/users\/1"}],"replies":[{"embeddable":true,"href":"https:\/\/unzend.net\/fr\/wp-json\/wp\/v2\/comments?post=2260"}],"version-history":[{"count":16,"href":"https:\/\/unzend.net\/fr\/wp-json\/wp\/v2\/pages\/2260\/revisions"}],"predecessor-version":[{"id":3951,"href":"https:\/\/unzend.net\/fr\/wp-json\/wp\/v2\/pages\/2260\/revisions\/3951"}],"wp:featuredmedia":[{"embeddable":true,"href":"https:\/\/unzend.net\/fr\/wp-json\/wp\/v2\/media\/2262"}],"wp:attachment":[{"href":"https:\/\/unzend.net\/fr\/wp-json\/wp\/v2\/media?parent=2260"}],"curies":[{"name":"wp","href":"https:\/\/api.w.org\/{rel}","templated":true}]}}