



{"id":1390,"date":"2025-08-27T09:29:11","date_gmt":"2025-08-27T09:29:11","guid":{"rendered":"https:\/\/unzend.net\/home\/"},"modified":"2025-11-25T15:25:54","modified_gmt":"2025-11-25T15:25:54","slug":"home","status":"publish","type":"page","link":"https:\/\/unzend.net\/pt-br\/","title":{"rendered":"Home"},"content":{"rendered":"\t\t<div data-elementor-type=\"wp-page\" data-elementor-id=\"1390\" class=\"elementor elementor-1390 elementor-147\">\n\t\t\t\t<div class=\"elementor-element elementor-element-568e0d7 e-con-full e-flex e-con e-parent\" data-id=\"568e0d7\" data-element_type=\"container\">\n\t\t\t\t<div class=\"elementor-element elementor-element-8c4eb1c elementor-widget__width-inherit elementor-widget elementor-widget-uzp_hero_plus\" data-id=\"8c4eb1c\" data-element_type=\"widget\" data-widget_type=\"uzp_hero_plus.default\">\n\t\t\t\t<div class=\"elementor-widget-container\">\n\t\t\t\t\t    <section class=\"uzp uzp-hero constellation\" data-style=\"constellation\">\n      <!-- \u0644\u0627\u06cc\u0647\u200c\u0647\u0627\u06cc \u067e\u0633\u200c\u0632\u0645\u06cc\u0646\u0647 \u0641\u0642\u0637 \u0628\u0631\u0627\u06cc \u0627\u06cc\u0646 \u0648\u06cc\u062c\u062a -->\n      <div class=\"back grid radar\" aria-hidden=\"true\"><\/div>\n              <div class=\"fx\" aria-hidden=\"true\"><\/div>\n            <div class=\"overlay\" style=\"opacity:0.39\"><\/div>\n\n      <div class=\"content\">\n                  <div class=\"kicker par\">Decodificador ionCube &amp; Decodificador SourceGuardian<\/div>\n        \n        <h1 class=\"par headline\" data-text=\"UNZEND\">\n          UNZEND        <\/h1>\n\n                  <p class=\"sub par\">Decodifique PHP com ionCube e SourceGuardian direto na sua m\u00e1quina \u2014 100% offline.<\/p>\n        \n        <div class=\"ctas par\">\n                      <a class=\"btn\" href=\"\/pt-br\/product\/unzend-ioncube-sourceguardian-decoder\/\">\u26a1 Iniciar<\/a>\n          \n                      <a class=\"btn secondary\" href=\"\/pt-br\/login\">\ud83e\udded Entrar<\/a>\n                  <\/div>\n      <\/div>\n    <\/section>\n    \t\t\t\t<\/div>\n\t\t\t\t<\/div>\n\t\t\t\t<\/div>\n\t\t<div class=\"elementor-element elementor-element-b890ed7 e-flex e-con-boxed e-con e-parent\" data-id=\"b890ed7\" data-element_type=\"container\">\n\t\t\t\t\t<div class=\"e-con-inner\">\n\t\t\t\t<div class=\"elementor-element elementor-element-e3bf9cc elementor-widget elementor-widget-uzp_separator_plus\" data-id=\"e3bf9cc\" data-element_type=\"widget\" data-widget_type=\"uzp_separator_plus.default\">\n\t\t\t\t<div class=\"elementor-widget-container\">\n\t\t\t\t\t<div class=\"uzp\"><div class=\"uzp-sep circuit\"><div class=\"line\"><\/div><\/div><\/div>\t\t\t\t<\/div>\n\t\t\t\t<\/div>\n\t\t\t\t\t<\/div>\n\t\t\t\t<\/div>\n\t\t<div class=\"elementor-element elementor-element-2a29e97 e-flex e-con-boxed e-con e-parent\" data-id=\"2a29e97\" data-element_type=\"container\">\n\t\t\t\t\t<div class=\"e-con-inner\">\n\t\t\t\t<div class=\"elementor-element elementor-element-acb2941 elementor-widget elementor-widget-uzp_features_plus\" data-id=\"acb2941\" data-element_type=\"widget\" data-widget_type=\"uzp_features_plus.default\">\n\t\t\t\t<div class=\"elementor-widget-container\">\n\t\t\t\t\t    <section class=\"uzp\">\n      <div class=\"uzp-features neon\">\n                  <article class=\"card\">\n                        <div class=\"icon\">\ud83d\udd12<\/div>\n            <h4>Offline e Privado<\/h4>\n            <p>Seu c\u00f3digo nunca sai do seu dispositivo.<\/p>\n                      <\/article>\n                  <article class=\"card\">\n                        <div class=\"icon\">\ud83e\udde9<\/div>\n            <h4>Suporte para vers\u00e3o ampla<\/h4>\n            <p>Suporta ionCube Loader 10-14 e SourceGuardian 11-15 em PHP 5.6-8.3.<\/p>\n                      <\/article>\n                  <article class=\"card\">\n                        <div class=\"icon\">\u2699\ufe0f<\/div>\n            <h4>Em lote e com foco em CLI<\/h4>\n            <p>Decodifique Pastas, Automatize em Scripts\/CI, Obtenha Logs Limpos.<\/p>\n                      <\/article>\n                  <article class=\"card\">\n                        <div class=\"icon\">\u2728<\/div>\n            <h4>Sa\u00edda leg\u00edvel<\/h4>\n            <p>Tabelas de s\u00edmbolos reconstru\u00eddas e remo\u00e7\u00e3o de ofusca\u00e7\u00e3o comum.<\/p>\n                      <\/article>\n                  <article class=\"card\">\n                        <div class=\"icon\">\ud83d\udcbb<\/div>\n            <h4>Multiplataforma<\/h4>\n            <p>Windows e Linux.<\/p>\n                      <\/article>\n                  <article class=\"card\">\n                        <div class=\"icon\">\ud83e\udd1d<\/div>\n            <h4>Suporte humano<\/h4>\n            <p>Engenheiros que realmente trabalham no decodificador.<\/p>\n                      <\/article>\n              <\/div>\n    <\/section>\n    \t\t\t\t<\/div>\n\t\t\t\t<\/div>\n\t\t\t\t\t<\/div>\n\t\t\t\t<\/div>\n\t\t<div class=\"elementor-element elementor-element-3508f94 e-flex e-con-boxed e-con e-parent\" data-id=\"3508f94\" data-element_type=\"container\">\n\t\t\t\t\t<div class=\"e-con-inner\">\n\t\t\t\t<div class=\"elementor-element elementor-element-31f3c24 elementor-widget elementor-widget-uzp_separator_plus\" data-id=\"31f3c24\" data-element_type=\"widget\" data-widget_type=\"uzp_separator_plus.default\">\n\t\t\t\t<div class=\"elementor-widget-container\">\n\t\t\t\t\t<div class=\"uzp\"><div class=\"uzp-sep neon-line\"><div class=\"line\"><\/div><\/div><\/div>\t\t\t\t<\/div>\n\t\t\t\t<\/div>\n\t\t\t\t\t<\/div>\n\t\t\t\t<\/div>\n\t\t<div class=\"elementor-element elementor-element-1fb85d6 e-flex e-con-boxed e-con e-parent\" data-id=\"1fb85d6\" data-element_type=\"container\">\n\t\t\t\t\t<div class=\"e-con-inner\">\n\t\t\t\t<div class=\"elementor-element elementor-element-3cd29c5 elementor-widget elementor-widget-uzp_cipher_reveal_plus\" data-id=\"3cd29c5\" data-element_type=\"widget\" data-widget_type=\"uzp_cipher_reveal_plus.default\">\n\t\t\t\t<div class=\"elementor-widget-container\">\n\t\t\t\t\t    <div class=\"uzp\">\n      <div class=\"uzp-terminal matrix\" data-autoplay=\"1\" data-speed=\"30\" data-lines=\"UnZend UI v3.0.0\nScan: locked.php \u2192 ionCube 14.x\nKey: derived from license.dat \u2713\nDecrypt\u2026 [||||||||||||||||||||] 100%\nRebuild symbols\u2026 92%\nOutput \u2192 \/decoded\/locked.dec.php\nDone in 2.08s \u2022\n\">\n        <div class=\"toolbar\"><strong>\u25cf \u25cf \u25cf<\/strong><span style=\"margin-left:.5rem;opacity:.8\">Cipher Reveal<\/span><\/div>        <div class=\"screen\"><span class=\"prompt\">$ <\/span><span class=\"cursor\"><\/span><\/div>\n      <\/div>\n    <\/div>\n    \t\t\t\t<\/div>\n\t\t\t\t<\/div>\n\t\t\t\t\t<\/div>\n\t\t\t\t<\/div>\n\t\t<div class=\"elementor-element elementor-element-ed675f0 e-flex e-con-boxed e-con e-parent\" data-id=\"ed675f0\" data-element_type=\"container\">\n\t\t\t\t\t<div class=\"e-con-inner\">\n\t\t\t\t<div class=\"elementor-element elementor-element-78d104a elementor-widget elementor-widget-uzp_separator_plus\" data-id=\"78d104a\" data-element_type=\"widget\" data-widget_type=\"uzp_separator_plus.default\">\n\t\t\t\t<div class=\"elementor-widget-container\">\n\t\t\t\t\t<div class=\"uzp\"><div class=\"uzp-sep neon-line\"><div class=\"line\"><\/div><\/div><\/div>\t\t\t\t<\/div>\n\t\t\t\t<\/div>\n\t\t\t\t\t<\/div>\n\t\t\t\t<\/div>\n\t\t<div class=\"elementor-element elementor-element-e66b525 e-flex e-con-boxed e-con e-parent\" data-id=\"e66b525\" data-element_type=\"container\">\n\t\t\t\t\t<div class=\"e-con-inner\">\n\t\t\t\t<div class=\"elementor-element elementor-element-558f4e7 elementor-widget elementor-widget-uzp_faq_plus\" data-id=\"558f4e7\" data-element_type=\"widget\" id=\"faqs\" data-widget_type=\"uzp_faq_plus.default\">\n\t\t\t\t<div class=\"elementor-widget-container\">\n\t\t\t\t\t<section class=\"uzp\"><div class=\"uzp-faq\"><div class=\"item\"><div class=\"q\"><strong>Como posso pagar?<\/strong><span>+<\/span><\/div><div class=\"a\">No momento, a UnZend aceita apenas pagamentos em criptomoedas. Instru\u00e7\u00f5es detalhadas ser\u00e3o exibidas durante o checkout.<\/div><\/div><div class=\"item\"><div class=\"q\"><strong>O uso do UnZend \u00e9 legal?<\/strong><span>+<\/span><\/div><div class=\"a\">Sim. Voc\u00ea pode decodificar c\u00f3digos que possui ou c\u00f3digos para os quais possui permiss\u00e3o expl\u00edcita por escrito para decifrar.<\/div><\/div><div class=\"item\"><div class=\"q\"><strong>Voc\u00ea faz o upload dos meus arquivos?<\/strong><span>+<\/span><\/div><div class=\"a\">N\u00e3o. Todo o processamento \u00e9 realizado localmente e offline, portanto seus arquivos nunca s\u00e3o enviados.<\/div><\/div><div class=\"item\"><div class=\"q\"><strong>Quais vers\u00f5es s\u00e3o suportadas?<\/strong><span>+<\/span><\/div><div class=\"a\">UnZend atualmente suporta as vers\u00f5es 10\u201314 do ionCube Loader e as vers\u00f5es 11\u201315 do SourceGuardian no PHP 5.6\u20138.3.<\/div><\/div><div class=\"item\"><div class=\"q\"><strong>Precisa de conhecimentos de programa\u00e7\u00e3o para usar o UnZend?<\/strong><span>+<\/span><\/div><div class=\"a\">Nenhuma experi\u00eancia em codifica\u00e7\u00e3o \u00e9 necess\u00e1ria. O UnZend inclui uma interface gr\u00e1fica para iniciar tarefas, selecionar pastas e visualizar resultados. Al\u00e9m disso, usu\u00e1rios avan\u00e7ados podem utilizar uma interface de linha de comando (CLI) para integrar a decodifica\u00e7\u00e3o em scripts de automa\u00e7\u00e3o ou pipelines de CI.<\/div><\/div><\/div><\/section>\t\t\t\t<\/div>\n\t\t\t\t<\/div>\n\t\t\t\t<div class=\"elementor-element elementor-element-b7178c5 elementor-widget elementor-widget-uzp_separator_plus\" data-id=\"b7178c5\" data-element_type=\"widget\" data-widget_type=\"uzp_separator_plus.default\">\n\t\t\t\t<div class=\"elementor-widget-container\">\n\t\t\t\t\t<div class=\"uzp\"><div class=\"uzp-sep circuit\"><div class=\"line\"><\/div><\/div><\/div>\t\t\t\t<\/div>\n\t\t\t\t<\/div>\n\t\t\t\t\t<\/div>\n\t\t\t\t<\/div>\n\t\t<div class=\"elementor-element elementor-element-ea3c170 e-flex e-con-boxed e-con e-parent\" data-id=\"ea3c170\" data-element_type=\"container\">\n\t\t\t\t\t<div class=\"e-con-inner\">\n\t\t\t\t<div class=\"elementor-element elementor-element-1909c29 elementor-widget elementor-widget-uzp_logos_plus\" data-id=\"1909c29\" data-element_type=\"widget\" data-widget_type=\"uzp_logos_plus.default\">\n\t\t\t\t<div class=\"elementor-widget-container\">\n\t\t\t\t\t<div class=\"uzp uzp-logos neon-cards\"><div class=\"item\"><span class=\"verified\" aria-label=\"verified\"><svg viewBox=\"0 0 16 16\" width=\"16\" height=\"16\" fill=\"currentColor\" aria-hidden=\"true\"><path d=\"M6.6 11.2 3.9 8.5l1.1-1.1 1.6 1.6 4-4 1.1 1.1-5.1 5.1z\"\/><\/svg><\/span><img decoding=\"async\" data-src=\"https:\/\/unzend.net\/wp-content\/uploads\/2025\/08\/trustwallet.png\" alt=\"Trust Wallet\" src=\"data:image\/svg+xml;base64,PHN2ZyB3aWR0aD0iMSIgaGVpZ2h0PSIxIiB4bWxucz0iaHR0cDovL3d3dy53My5vcmcvMjAwMC9zdmciPjwvc3ZnPg==\" class=\"lazyload\" style=\"--smush-placeholder-width: 200px; --smush-placeholder-aspect-ratio: 200\/200;\" \/><div class=\"label\">Trust Wallet<\/div><\/div><div class=\"item\"><span class=\"verified\" aria-label=\"verified\"><svg viewBox=\"0 0 16 16\" width=\"16\" height=\"16\" fill=\"currentColor\" aria-hidden=\"true\"><path d=\"M6.6 11.2 3.9 8.5l1.1-1.1 1.6 1.6 4-4 1.1 1.1-5.1 5.1z\"\/><\/svg><\/span><img decoding=\"async\" data-src=\"https:\/\/unzend.net\/wp-content\/uploads\/2025\/08\/atomicwallet-1.png\" alt=\"Atomic Wallet\" src=\"data:image\/svg+xml;base64,PHN2ZyB3aWR0aD0iMSIgaGVpZ2h0PSIxIiB4bWxucz0iaHR0cDovL3d3dy53My5vcmcvMjAwMC9zdmciPjwvc3ZnPg==\" class=\"lazyload\" style=\"--smush-placeholder-width: 240px; --smush-placeholder-aspect-ratio: 240\/240;\" \/><div class=\"label\">Atomic Wallet<\/div><\/div><div class=\"item\"><span class=\"verified\" aria-label=\"verified\"><svg viewBox=\"0 0 16 16\" width=\"16\" height=\"16\" fill=\"currentColor\" aria-hidden=\"true\"><path d=\"M6.6 11.2 3.9 8.5l1.1-1.1 1.6 1.6 4-4 1.1 1.1-5.1 5.1z\"\/><\/svg><\/span><img decoding=\"async\" data-src=\"https:\/\/unzend.net\/wp-content\/uploads\/2025\/08\/binance.png\" alt=\"Binance\" src=\"data:image\/svg+xml;base64,PHN2ZyB3aWR0aD0iMSIgaGVpZ2h0PSIxIiB4bWxucz0iaHR0cDovL3d3dy53My5vcmcvMjAwMC9zdmciPjwvc3ZnPg==\" class=\"lazyload\" style=\"--smush-placeholder-width: 200px; --smush-placeholder-aspect-ratio: 200\/200;\" \/><div class=\"label\">Binance<\/div><\/div><div class=\"item\"><span class=\"verified\" aria-label=\"verified\"><svg viewBox=\"0 0 16 16\" width=\"16\" height=\"16\" fill=\"currentColor\" aria-hidden=\"true\"><path d=\"M6.6 11.2 3.9 8.5l1.1-1.1 1.6 1.6 4-4 1.1 1.1-5.1 5.1z\"\/><\/svg><\/span><img decoding=\"async\" data-src=\"https:\/\/unzend.net\/wp-content\/uploads\/2025\/08\/ledger.png\" alt=\"Ledger\" src=\"data:image\/svg+xml;base64,PHN2ZyB3aWR0aD0iMSIgaGVpZ2h0PSIxIiB4bWxucz0iaHR0cDovL3d3dy53My5vcmcvMjAwMC9zdmciPjwvc3ZnPg==\" class=\"lazyload\" style=\"--smush-placeholder-width: 200px; --smush-placeholder-aspect-ratio: 200\/200;\" \/><div class=\"label\">Ledger<\/div><\/div><div class=\"item\"><span class=\"verified\" aria-label=\"verified\"><svg viewBox=\"0 0 16 16\" width=\"16\" height=\"16\" fill=\"currentColor\" aria-hidden=\"true\"><path d=\"M6.6 11.2 3.9 8.5l1.1-1.1 1.6 1.6 4-4 1.1 1.1-5.1 5.1z\"\/><\/svg><\/span><img decoding=\"async\" data-src=\"https:\/\/unzend.net\/wp-content\/uploads\/2025\/08\/unnamed.png\" alt=\"MetaMask\" src=\"data:image\/svg+xml;base64,PHN2ZyB3aWR0aD0iMSIgaGVpZ2h0PSIxIiB4bWxucz0iaHR0cDovL3d3dy53My5vcmcvMjAwMC9zdmciPjwvc3ZnPg==\" class=\"lazyload\" style=\"--smush-placeholder-width: 240px; --smush-placeholder-aspect-ratio: 240\/240;\" \/><div class=\"label\">MetaMask<\/div><\/div><div class=\"item\"><span class=\"verified\" aria-label=\"verified\"><svg viewBox=\"0 0 16 16\" width=\"16\" height=\"16\" fill=\"currentColor\" aria-hidden=\"true\"><path d=\"M6.6 11.2 3.9 8.5l1.1-1.1 1.6 1.6 4-4 1.1 1.1-5.1 5.1z\"\/><\/svg><\/span><img decoding=\"async\" data-src=\"https:\/\/unzend.net\/wp-content\/uploads\/2025\/08\/logo.clearbit.png\" alt=\"Trezor\" src=\"data:image\/svg+xml;base64,PHN2ZyB3aWR0aD0iMSIgaGVpZ2h0PSIxIiB4bWxucz0iaHR0cDovL3d3dy53My5vcmcvMjAwMC9zdmciPjwvc3ZnPg==\" class=\"lazyload\" style=\"--smush-placeholder-width: 128px; --smush-placeholder-aspect-ratio: 128\/128;\" \/><div class=\"label\">Trezor<\/div><\/div><\/div>\t\t\t\t<\/div>\n\t\t\t\t<\/div>\n\t\t\t\t\t<\/div>\n\t\t\t\t<\/div>\n\t\t\t\t<\/div>\n\t\t","protected":false},"excerpt":{"rendered":"<p>Decodificador ionCube &amp; Decodificador SourceGuardian UNZEND Decodifique PHP com ionCube e SourceGuardian direto na sua m\u00e1quina \u2014 100% offline. \u26a1 Iniciar \ud83e\udded Entrar \ud83d\udd12 Offline e Privado Seu c\u00f3digo nunca sai do seu dispositivo. \ud83e\udde9 Suporte para vers\u00e3o ampla Suporta ionCube Loader 10-14 e SourceGuardian 11-15 em PHP 5.6-8.3. \u2699\ufe0f Em lote e com foco [&hellip;]<\/p>\n","protected":false},"author":1,"featured_media":1392,"parent":0,"menu_order":0,"comment_status":"closed","ping_status":"closed","template":"templates\/elementor-fullwidth.php","meta":{"footnotes":""},"class_list":["post-1390","page","type-page","status-publish","has-post-thumbnail","hentry"],"yoast_head":"<!-- This site is optimized with the Yoast SEO Premium plugin v26.0 (Yoast SEO v26.6) - https:\/\/yoast.com\/wordpress\/plugins\/seo\/ -->\n<title>UnZend \u2013 Decodificador ionCube e Decodificador SourceGuardian<\/title>\n<meta name=\"description\" content=\"O UnZend \u00e9 o decodificador ionCube e SourceGuardian mais r\u00e1pido. Decodifique arquivos PHP criptografados localmente no Windows ou Linux sem\" \/>\n<meta name=\"robots\" content=\"index, follow, max-snippet:-1, max-image-preview:large, max-video-preview:-1\" \/>\n<link rel=\"canonical\" href=\"https:\/\/unzend.net\/pt-br\/\" \/>\n<meta property=\"og:locale\" content=\"pt_BR\" \/>\n<meta property=\"og:type\" content=\"article\" \/>\n<meta property=\"og:title\" content=\"UnZend \u2013 Decodificador ionCube e Decodificador SourceGuardian\" \/>\n<meta property=\"og:description\" content=\"O UnZend \u00e9 o decodificador ionCube e SourceGuardian mais r\u00e1pido. Decodifique arquivos PHP criptografados localmente no Windows ou Linux sem\" \/>\n<meta property=\"og:url\" content=\"https:\/\/unzend.net\/pt-br\/\" \/>\n<meta property=\"og:site_name\" content=\"UnZend\" \/>\n<meta property=\"article:modified_time\" content=\"2025-11-25T15:25:54+00:00\" \/>\n<meta property=\"og:image\" content=\"https:\/\/unzend.net\/wp-content\/uploads\/2025\/08\/3c6c4675-3e27-4822-ad21-48df616172d6.png\" \/>\n\t<meta property=\"og:image:width\" content=\"1024\" \/>\n\t<meta property=\"og:image:height\" content=\"1024\" \/>\n\t<meta property=\"og:image:type\" content=\"image\/png\" \/>\n<meta name=\"twitter:card\" content=\"summary_large_image\" \/>\n<meta name=\"twitter:title\" content=\"UnZend \u2013 Decodificador ionCube e Decodificador SourceGuardian\" \/>\n<meta name=\"twitter:description\" content=\"O UnZend \u00e9 o decodificador ionCube e SourceGuardian mais r\u00e1pido. Decodifique arquivos PHP criptografados localmente no Windows ou Linux sem\" \/>\n<meta name=\"twitter:label1\" content=\"Est. tempo de leitura\" \/>\n\t<meta name=\"twitter:data1\" content=\"3 minutos\" \/>\n<script type=\"application\/ld+json\" class=\"yoast-schema-graph\">{\"@context\":\"https:\/\/schema.org\",\"@graph\":[{\"@type\":\"WebPage\",\"@id\":\"https:\/\/unzend.net\/pt-br\/\",\"url\":\"https:\/\/unzend.net\/pt-br\/\",\"name\":\"UnZend \u2013 Decodificador ionCube e Decodificador SourceGuardian\",\"isPartOf\":{\"@id\":\"https:\/\/unzend.net\/pt-br\/#website\"},\"primaryImageOfPage\":{\"@id\":\"https:\/\/unzend.net\/pt-br\/#primaryimage\"},\"image\":{\"@id\":\"https:\/\/unzend.net\/pt-br\/#primaryimage\"},\"thumbnailUrl\":\"https:\/\/unzend.net\/wp-content\/uploads\/2025\/08\/3c6c4675-3e27-4822-ad21-48df616172d6.png\",\"datePublished\":\"2025-08-27T09:29:11+00:00\",\"dateModified\":\"2025-11-25T15:25:54+00:00\",\"description\":\"O UnZend \u00e9 o decodificador ionCube e SourceGuardian mais r\u00e1pido. Decodifique arquivos PHP criptografados localmente no Windows ou Linux sem\",\"breadcrumb\":{\"@id\":\"https:\/\/unzend.net\/pt-br\/#breadcrumb\"},\"inLanguage\":\"pt-BR\",\"potentialAction\":[{\"@type\":\"ReadAction\",\"target\":[\"https:\/\/unzend.net\/pt-br\/\"]}]},{\"@type\":\"ImageObject\",\"inLanguage\":\"pt-BR\",\"@id\":\"https:\/\/unzend.net\/pt-br\/#primaryimage\",\"url\":\"https:\/\/unzend.net\/wp-content\/uploads\/2025\/08\/3c6c4675-3e27-4822-ad21-48df616172d6.png\",\"contentUrl\":\"https:\/\/unzend.net\/wp-content\/uploads\/2025\/08\/3c6c4675-3e27-4822-ad21-48df616172d6.png\",\"width\":1024,\"height\":1024},{\"@type\":\"BreadcrumbList\",\"@id\":\"https:\/\/unzend.net\/pt-br\/#breadcrumb\",\"itemListElement\":[{\"@type\":\"ListItem\",\"position\":1,\"name\":\"Home\",\"item\":\"https:\/\/unzend.net\/pt-br\/home\/\"},{\"@type\":\"ListItem\",\"position\":2,\"name\":\"Home\"}]},{\"@type\":\"WebSite\",\"@id\":\"https:\/\/unzend.net\/pt-br\/#website\",\"url\":\"https:\/\/unzend.net\/pt-br\/\",\"name\":\"UnZend\",\"description\":\"ionCube Decoder &amp; SourceGuardian Decoder\",\"publisher\":{\"@id\":\"https:\/\/unzend.net\/pt-br\/#organization\"},\"potentialAction\":[{\"@type\":\"SearchAction\",\"target\":{\"@type\":\"EntryPoint\",\"urlTemplate\":\"https:\/\/unzend.net\/pt-br\/?s={search_term_string}\"},\"query-input\":{\"@type\":\"PropertyValueSpecification\",\"valueRequired\":true,\"valueName\":\"search_term_string\"}}],\"inLanguage\":\"pt-BR\"},{\"@type\":\"Organization\",\"@id\":\"https:\/\/unzend.net\/pt-br\/#organization\",\"name\":\"UnZend\",\"url\":\"https:\/\/unzend.net\/pt-br\/\",\"logo\":{\"@type\":\"ImageObject\",\"inLanguage\":\"pt-BR\",\"@id\":\"https:\/\/unzend.net\/pt-br\/#\/schema\/logo\/image\/\",\"url\":\"https:\/\/unzend.net\/wp-content\/uploads\/2025\/08\/cropped-unzend-logo.png\",\"contentUrl\":\"https:\/\/unzend.net\/wp-content\/uploads\/2025\/08\/cropped-unzend-logo.png\",\"width\":300,\"height\":200,\"caption\":\"UnZend\"},\"image\":{\"@id\":\"https:\/\/unzend.net\/pt-br\/#\/schema\/logo\/image\/\"}}]}<\/script>\n<!-- \/ Yoast SEO Premium plugin. -->","yoast_head_json":{"title":"UnZend \u2013 Decodificador ionCube e Decodificador SourceGuardian","description":"O UnZend \u00e9 o decodificador ionCube e SourceGuardian mais r\u00e1pido. Decodifique arquivos PHP criptografados localmente no Windows ou Linux sem","robots":{"index":"index","follow":"follow","max-snippet":"max-snippet:-1","max-image-preview":"max-image-preview:large","max-video-preview":"max-video-preview:-1"},"canonical":"https:\/\/unzend.net\/pt-br\/","og_locale":"pt_BR","og_type":"article","og_title":"UnZend \u2013 Decodificador ionCube e Decodificador SourceGuardian","og_description":"O UnZend \u00e9 o decodificador ionCube e SourceGuardian mais r\u00e1pido. Decodifique arquivos PHP criptografados localmente no Windows ou Linux sem","og_url":"https:\/\/unzend.net\/pt-br\/","og_site_name":"UnZend","article_modified_time":"2025-11-25T15:25:54+00:00","og_image":[{"width":1024,"height":1024,"url":"https:\/\/unzend.net\/wp-content\/uploads\/2025\/08\/3c6c4675-3e27-4822-ad21-48df616172d6.png","type":"image\/png"}],"twitter_card":"summary_large_image","twitter_title":"UnZend \u2013 Decodificador ionCube e Decodificador SourceGuardian","twitter_description":"O UnZend \u00e9 o decodificador ionCube e SourceGuardian mais r\u00e1pido. Decodifique arquivos PHP criptografados localmente no Windows ou Linux sem","twitter_misc":{"Est. tempo de leitura":"3 minutos"},"schema":{"@context":"https:\/\/schema.org","@graph":[{"@type":"WebPage","@id":"https:\/\/unzend.net\/pt-br\/","url":"https:\/\/unzend.net\/pt-br\/","name":"UnZend \u2013 Decodificador ionCube e Decodificador SourceGuardian","isPartOf":{"@id":"https:\/\/unzend.net\/pt-br\/#website"},"primaryImageOfPage":{"@id":"https:\/\/unzend.net\/pt-br\/#primaryimage"},"image":{"@id":"https:\/\/unzend.net\/pt-br\/#primaryimage"},"thumbnailUrl":"https:\/\/unzend.net\/wp-content\/uploads\/2025\/08\/3c6c4675-3e27-4822-ad21-48df616172d6.png","datePublished":"2025-08-27T09:29:11+00:00","dateModified":"2025-11-25T15:25:54+00:00","description":"O UnZend \u00e9 o decodificador ionCube e SourceGuardian mais r\u00e1pido. Decodifique arquivos PHP criptografados localmente no Windows ou Linux sem","breadcrumb":{"@id":"https:\/\/unzend.net\/pt-br\/#breadcrumb"},"inLanguage":"pt-BR","potentialAction":[{"@type":"ReadAction","target":["https:\/\/unzend.net\/pt-br\/"]}]},{"@type":"ImageObject","inLanguage":"pt-BR","@id":"https:\/\/unzend.net\/pt-br\/#primaryimage","url":"https:\/\/unzend.net\/wp-content\/uploads\/2025\/08\/3c6c4675-3e27-4822-ad21-48df616172d6.png","contentUrl":"https:\/\/unzend.net\/wp-content\/uploads\/2025\/08\/3c6c4675-3e27-4822-ad21-48df616172d6.png","width":1024,"height":1024},{"@type":"BreadcrumbList","@id":"https:\/\/unzend.net\/pt-br\/#breadcrumb","itemListElement":[{"@type":"ListItem","position":1,"name":"Home","item":"https:\/\/unzend.net\/pt-br\/home\/"},{"@type":"ListItem","position":2,"name":"Home"}]},{"@type":"WebSite","@id":"https:\/\/unzend.net\/pt-br\/#website","url":"https:\/\/unzend.net\/pt-br\/","name":"UnZend","description":"ionCube Decoder &amp; SourceGuardian Decoder","publisher":{"@id":"https:\/\/unzend.net\/pt-br\/#organization"},"potentialAction":[{"@type":"SearchAction","target":{"@type":"EntryPoint","urlTemplate":"https:\/\/unzend.net\/pt-br\/?s={search_term_string}"},"query-input":{"@type":"PropertyValueSpecification","valueRequired":true,"valueName":"search_term_string"}}],"inLanguage":"pt-BR"},{"@type":"Organization","@id":"https:\/\/unzend.net\/pt-br\/#organization","name":"UnZend","url":"https:\/\/unzend.net\/pt-br\/","logo":{"@type":"ImageObject","inLanguage":"pt-BR","@id":"https:\/\/unzend.net\/pt-br\/#\/schema\/logo\/image\/","url":"https:\/\/unzend.net\/wp-content\/uploads\/2025\/08\/cropped-unzend-logo.png","contentUrl":"https:\/\/unzend.net\/wp-content\/uploads\/2025\/08\/cropped-unzend-logo.png","width":300,"height":200,"caption":"UnZend"},"image":{"@id":"https:\/\/unzend.net\/pt-br\/#\/schema\/logo\/image\/"}}]}},"_links":{"self":[{"href":"https:\/\/unzend.net\/pt-br\/wp-json\/wp\/v2\/pages\/1390","targetHints":{"allow":["GET"]}}],"collection":[{"href":"https:\/\/unzend.net\/pt-br\/wp-json\/wp\/v2\/pages"}],"about":[{"href":"https:\/\/unzend.net\/pt-br\/wp-json\/wp\/v2\/types\/page"}],"author":[{"embeddable":true,"href":"https:\/\/unzend.net\/pt-br\/wp-json\/wp\/v2\/users\/1"}],"replies":[{"embeddable":true,"href":"https:\/\/unzend.net\/pt-br\/wp-json\/wp\/v2\/comments?post=1390"}],"version-history":[{"count":17,"href":"https:\/\/unzend.net\/pt-br\/wp-json\/wp\/v2\/pages\/1390\/revisions"}],"predecessor-version":[{"id":3942,"href":"https:\/\/unzend.net\/pt-br\/wp-json\/wp\/v2\/pages\/1390\/revisions\/3942"}],"wp:featuredmedia":[{"embeddable":true,"href":"https:\/\/unzend.net\/pt-br\/wp-json\/wp\/v2\/media\/1392"}],"wp:attachment":[{"href":"https:\/\/unzend.net\/pt-br\/wp-json\/wp\/v2\/media?parent=1390"}],"curies":[{"name":"wp","href":"https:\/\/api.w.org\/{rel}","templated":true}]}}