



{"id":545,"date":"2025-08-27T09:29:11","date_gmt":"2025-08-27T09:29:11","guid":{"rendered":"https:\/\/unzend.net\/home\/"},"modified":"2025-11-25T15:23:39","modified_gmt":"2025-11-25T15:23:39","slug":"home","status":"publish","type":"page","link":"https:\/\/unzend.net\/tr\/","title":{"rendered":"Home"},"content":{"rendered":"\t\t<div data-elementor-type=\"wp-page\" data-elementor-id=\"545\" class=\"elementor elementor-545 elementor-147\">\n\t\t\t\t<div class=\"elementor-element elementor-element-568e0d7 e-con-full e-flex e-con e-parent\" data-id=\"568e0d7\" data-element_type=\"container\">\n\t\t\t\t<div class=\"elementor-element elementor-element-8c4eb1c elementor-widget__width-inherit elementor-widget elementor-widget-uzp_hero_plus\" data-id=\"8c4eb1c\" data-element_type=\"widget\" data-widget_type=\"uzp_hero_plus.default\">\n\t\t\t\t<div class=\"elementor-widget-container\">\n\t\t\t\t\t    <section class=\"uzp uzp-hero constellation\" data-style=\"constellation\">\n      <!-- \u0644\u0627\u06cc\u0647\u200c\u0647\u0627\u06cc \u067e\u0633\u200c\u0632\u0645\u06cc\u0646\u0647 \u0641\u0642\u0637 \u0628\u0631\u0627\u06cc \u0627\u06cc\u0646 \u0648\u06cc\u062c\u062a -->\n      <div class=\"back grid radar\" aria-hidden=\"true\"><\/div>\n              <div class=\"fx\" aria-hidden=\"true\"><\/div>\n            <div class=\"overlay\" style=\"opacity:0.39\"><\/div>\n\n      <div class=\"content\">\n                  <div class=\"kicker par\">ionCube Dekoderi ve SourceGuardian Dekoderi<\/div>\n        \n        <h1 class=\"par headline\" data-text=\"UNZEND\">\n          UNZEND        <\/h1>\n\n                  <p class=\"sub par\">Kendi makinenizde ionCube ve SourceGuardian \u015fifreli PHP kodlar\u0131n\u0131 \u00e7\u00f6z\u00fcn. Y\u00fckleme yapmadan \u2013 %100 \u00e7evrimd\u0131\u015f\u0131.<\/p>\n        \n        <div class=\"ctas par\">\n                      <a class=\"btn\" href=\"\/tr\/product\/unzend-ioncube-sourceguardian-decoder\/\">\u26a1 Ba\u015fla<\/a>\n          \n                      <a class=\"btn secondary\" href=\"\/tr\/login\">\ud83e\udded Giri\u015f Yap<\/a>\n                  <\/div>\n      <\/div>\n    <\/section>\n    \t\t\t\t<\/div>\n\t\t\t\t<\/div>\n\t\t\t\t<\/div>\n\t\t<div class=\"elementor-element elementor-element-b890ed7 e-flex e-con-boxed e-con e-parent\" data-id=\"b890ed7\" data-element_type=\"container\">\n\t\t\t\t\t<div class=\"e-con-inner\">\n\t\t\t\t<div class=\"elementor-element elementor-element-e3bf9cc elementor-widget elementor-widget-uzp_separator_plus\" data-id=\"e3bf9cc\" data-element_type=\"widget\" data-widget_type=\"uzp_separator_plus.default\">\n\t\t\t\t<div class=\"elementor-widget-container\">\n\t\t\t\t\t<div class=\"uzp\"><div class=\"uzp-sep circuit\"><div class=\"line\"><\/div><\/div><\/div>\t\t\t\t<\/div>\n\t\t\t\t<\/div>\n\t\t\t\t\t<\/div>\n\t\t\t\t<\/div>\n\t\t<div class=\"elementor-element elementor-element-2a29e97 e-flex e-con-boxed e-con e-parent\" data-id=\"2a29e97\" data-element_type=\"container\">\n\t\t\t\t\t<div class=\"e-con-inner\">\n\t\t\t\t<div class=\"elementor-element elementor-element-acb2941 elementor-widget elementor-widget-uzp_features_plus\" data-id=\"acb2941\" data-element_type=\"widget\" data-widget_type=\"uzp_features_plus.default\">\n\t\t\t\t<div class=\"elementor-widget-container\">\n\t\t\t\t\t    <section class=\"uzp\">\n      <div class=\"uzp-features neon\">\n                  <article class=\"card\">\n                        <div class=\"icon\">\ud83d\udd12<\/div>\n            <h4>\u00c7evrimd\u0131\u015f\u0131 ve \u00d6zel<\/h4>\n            <p>Kodunuz Asla Cihaz\u0131n\u0131zdan Ayr\u0131lmaz.<\/p>\n                      <\/article>\n                  <article class=\"card\">\n                        <div class=\"icon\">\ud83e\udde9<\/div>\n            <h4>Geni\u015f s\u00fcr\u00fcm deste\u011fi<\/h4>\n            <p>PHP 5.6\u20118.3 \u00fczerinde ionCube Loader 10\u201114 ve SourceGuardian 11\u201115 deste\u011fi sa\u011flar.<\/p>\n                      <\/article>\n                  <article class=\"card\">\n                        <div class=\"icon\">\u2699\ufe0f<\/div>\n            <h4>Toplu \u0130\u015flem ve CLI \u00d6ncelikli<\/h4>\n            <p>Klas\u00f6rleri \u00c7\u00f6z, Betiklerde\/CI&#039;da Otomatikle\u015ftir, Temiz G\u00fcnl\u00fckleri Al<\/p>\n                      <\/article>\n                  <article class=\"card\">\n                        <div class=\"icon\">\u2728<\/div>\n            <h4>Okunabilir \u00e7\u0131kt\u0131<\/h4>\n            <p>Sembol Tablolar\u0131n\u0131n Yeniden Olu\u015fturulmas\u0131 ve Yayg\u0131n \u015eifreleme Y\u00f6ntemlerinin Kald\u0131r\u0131lmas\u0131<\/p>\n                      <\/article>\n                  <article class=\"card\">\n                        <div class=\"icon\">\ud83d\udcbb<\/div>\n            <h4>\u00c7apraz platform<\/h4>\n            <p>Windows ve Linux.<\/p>\n                      <\/article>\n                  <article class=\"card\">\n                        <div class=\"icon\">\ud83e\udd1d<\/div>\n            <h4>\u0130nsan Deste\u011fi<\/h4>\n            <p>Ger\u00e7ekten Decoder \u00dczerinde \u00c7al\u0131\u015fan M\u00fchendisler<\/p>\n                      <\/article>\n              <\/div>\n    <\/section>\n    \t\t\t\t<\/div>\n\t\t\t\t<\/div>\n\t\t\t\t\t<\/div>\n\t\t\t\t<\/div>\n\t\t<div class=\"elementor-element elementor-element-3508f94 e-flex e-con-boxed e-con e-parent\" data-id=\"3508f94\" data-element_type=\"container\">\n\t\t\t\t\t<div class=\"e-con-inner\">\n\t\t\t\t<div class=\"elementor-element elementor-element-31f3c24 elementor-widget elementor-widget-uzp_separator_plus\" data-id=\"31f3c24\" data-element_type=\"widget\" data-widget_type=\"uzp_separator_plus.default\">\n\t\t\t\t<div class=\"elementor-widget-container\">\n\t\t\t\t\t<div class=\"uzp\"><div class=\"uzp-sep neon-line\"><div class=\"line\"><\/div><\/div><\/div>\t\t\t\t<\/div>\n\t\t\t\t<\/div>\n\t\t\t\t\t<\/div>\n\t\t\t\t<\/div>\n\t\t<div class=\"elementor-element elementor-element-1fb85d6 e-flex e-con-boxed e-con e-parent\" data-id=\"1fb85d6\" data-element_type=\"container\">\n\t\t\t\t\t<div class=\"e-con-inner\">\n\t\t\t\t<div class=\"elementor-element elementor-element-3cd29c5 elementor-widget elementor-widget-uzp_cipher_reveal_plus\" data-id=\"3cd29c5\" data-element_type=\"widget\" data-widget_type=\"uzp_cipher_reveal_plus.default\">\n\t\t\t\t<div class=\"elementor-widget-container\">\n\t\t\t\t\t    <div class=\"uzp\">\n      <div class=\"uzp-terminal matrix\" data-autoplay=\"1\" data-speed=\"30\" data-lines=\"UnZend UI v3.0.0  \nTarama: locked.php \u2192 ionCube 14.x  \nAnahtar: license.dat&#039;ten t\u00fcretildi \u2713  \n\u015eifre \u00e7\u00f6z\u00fcl\u00fcyor\u2026 [||||||||||||||||||||] 100%  \nSemboller yeniden olu\u015fturuluyor\u2026 92%  \n\u00c7\u0131kt\u0131 \u2192 \/decoded\/locked.dec.php  \nTamamland\u0131, s\u00fcre: 2.08s \u2022\">\n        <div class=\"toolbar\"><strong>\u25cf \u25cf \u25cf<\/strong><span style=\"margin-left:.5rem;opacity:.8\">Cipher Reveal<\/span><\/div>        <div class=\"screen\"><span class=\"prompt\">$ <\/span><span class=\"cursor\"><\/span><\/div>\n      <\/div>\n    <\/div>\n    \t\t\t\t<\/div>\n\t\t\t\t<\/div>\n\t\t\t\t\t<\/div>\n\t\t\t\t<\/div>\n\t\t<div class=\"elementor-element elementor-element-3bdf226 e-flex e-con-boxed e-con e-parent\" data-id=\"3bdf226\" data-element_type=\"container\">\n\t\t\t\t\t<div class=\"e-con-inner\">\n\t\t\t\t<div class=\"elementor-element elementor-element-2646bad elementor-widget elementor-widget-uzp_separator_plus\" data-id=\"2646bad\" data-element_type=\"widget\" data-widget_type=\"uzp_separator_plus.default\">\n\t\t\t\t<div class=\"elementor-widget-container\">\n\t\t\t\t\t<div class=\"uzp\"><div class=\"uzp-sep neon-line\"><div class=\"line\"><\/div><\/div><\/div>\t\t\t\t<\/div>\n\t\t\t\t<\/div>\n\t\t\t\t<div class=\"elementor-element elementor-element-0b24e36 elementor-widget elementor-widget-heading\" data-id=\"0b24e36\" data-element_type=\"widget\" data-widget_type=\"heading.default\">\n\t\t\t\t\t<h2 class=\"elementor-heading-title elementor-size-default\">FAQ<\/h2>\t\t\t\t<\/div>\n\t\t\t\t\t<\/div>\n\t\t\t\t<\/div>\n\t\t<div class=\"elementor-element elementor-element-e66b525 e-flex e-con-boxed e-con e-parent\" data-id=\"e66b525\" data-element_type=\"container\">\n\t\t\t\t\t<div class=\"e-con-inner\">\n\t\t\t\t<div class=\"elementor-element elementor-element-558f4e7 elementor-widget elementor-widget-uzp_faq_plus\" data-id=\"558f4e7\" data-element_type=\"widget\" id=\"faqs\" data-widget_type=\"uzp_faq_plus.default\">\n\t\t\t\t<div class=\"elementor-widget-container\">\n\t\t\t\t\t<section class=\"uzp\"><div class=\"uzp-faq\"><div class=\"item\"><div class=\"q\"><strong>Nas\u0131l \u00f6deme yapabilirim?<\/strong><span>+<\/span><\/div><div class=\"a\">\u015eu anda, UnZend yaln\u0131zca kripto para birimi \u00f6demelerini kabul etmektedir. Detayl\u0131 talimatlar \u00f6deme s\u0131ras\u0131nda g\u00f6sterilecektir.<\/div><\/div><div class=\"item\"><div class=\"q\"><strong>UnZend kullan\u0131m\u0131 yasal m\u0131?<\/strong><span>+<\/span><\/div><div class=\"a\">Evet. Kendi sahip oldu\u011funuz veya a\u00e7\u0131k\u00e7a \u015fifre \u00e7\u00f6zme izni verdi\u011finiz kodlar\u0131 \u00e7\u00f6zebilirsiniz.<\/div><\/div><div class=\"item\"><div class=\"q\"><strong>Dosyalar\u0131m\u0131 y\u00fckl\u00fcyor musunuz?<\/strong><span>+<\/span><\/div><div class=\"a\">Hay\u0131r. T\u00fcm i\u015flemler yerel ve \u00e7evrimd\u0131\u015f\u0131 olarak ger\u00e7ekle\u015ftirilir, bu nedenle dosyalar\u0131n\u0131z asla y\u00fcklenmez.<\/div><\/div><div class=\"item\"><div class=\"q\"><strong>Hangi s\u00fcr\u00fcmler desteklenmektedir?<\/strong><span>+<\/span><\/div><div class=\"a\">UnZend \u015fu anda PHP 5.6\u20138.3 \u00fczerinde ionCube Loader s\u00fcr\u00fcmleri 10\u201314 ve SourceGuardian s\u00fcr\u00fcmleri 11\u201315'i desteklemektedir.<\/div><\/div><div class=\"item\"><div class=\"q\"><strong>UnZend&#039;i kullanmak i\u00e7in programlama bilgisine ihtiyac\u0131n\u0131z var m\u0131?<\/strong><span>+<\/span><\/div><div class=\"a\">Kodlama deneyimi gerekmez. UnZend, i\u015fleri ba\u015flatmak, klas\u00f6rleri se\u00e7mek ve sonu\u00e7lar\u0131 g\u00f6r\u00fcnt\u00fclemek i\u00e7in grafiksel bir aray\u00fcz i\u00e7erir. Ayr\u0131ca, geli\u015fmi\u015f kullan\u0131c\u0131lar, kod \u00e7\u00f6zmeyi otomasyon betikleri veya CI boru hatlar\u0131na entegre etmek i\u00e7in komut sat\u0131r\u0131 aray\u00fcz\u00fcn\u00fc (CLI) kullanabilirler.<\/div><\/div><\/div><\/section>\t\t\t\t<\/div>\n\t\t\t\t<\/div>\n\t\t\t\t<div class=\"elementor-element elementor-element-b7178c5 elementor-widget elementor-widget-uzp_separator_plus\" data-id=\"b7178c5\" data-element_type=\"widget\" data-widget_type=\"uzp_separator_plus.default\">\n\t\t\t\t<div class=\"elementor-widget-container\">\n\t\t\t\t\t<div class=\"uzp\"><div class=\"uzp-sep circuit\"><div class=\"line\"><\/div><\/div><\/div>\t\t\t\t<\/div>\n\t\t\t\t<\/div>\n\t\t\t\t\t<\/div>\n\t\t\t\t<\/div>\n\t\t<div class=\"elementor-element elementor-element-ea3c170 e-flex e-con-boxed e-con e-parent\" data-id=\"ea3c170\" data-element_type=\"container\">\n\t\t\t\t\t<div class=\"e-con-inner\">\n\t\t\t\t<div class=\"elementor-element elementor-element-1909c29 elementor-widget elementor-widget-uzp_logos_plus\" data-id=\"1909c29\" data-element_type=\"widget\" data-widget_type=\"uzp_logos_plus.default\">\n\t\t\t\t<div class=\"elementor-widget-container\">\n\t\t\t\t\t<div class=\"uzp uzp-logos neon-cards\"><div class=\"item\"><span class=\"verified\" aria-label=\"verified\"><svg viewBox=\"0 0 16 16\" width=\"16\" height=\"16\" fill=\"currentColor\" aria-hidden=\"true\"><path d=\"M6.6 11.2 3.9 8.5l1.1-1.1 1.6 1.6 4-4 1.1 1.1-5.1 5.1z\"\/><\/svg><\/span><img decoding=\"async\" data-src=\"https:\/\/unzend.net\/wp-content\/uploads\/2025\/08\/trustwallet.png\" alt=\"Trust Wallet\" src=\"data:image\/svg+xml;base64,PHN2ZyB3aWR0aD0iMSIgaGVpZ2h0PSIxIiB4bWxucz0iaHR0cDovL3d3dy53My5vcmcvMjAwMC9zdmciPjwvc3ZnPg==\" class=\"lazyload\" style=\"--smush-placeholder-width: 200px; --smush-placeholder-aspect-ratio: 200\/200;\" \/><div class=\"label\">Trust Wallet<\/div><\/div><div class=\"item\"><span class=\"verified\" aria-label=\"verified\"><svg viewBox=\"0 0 16 16\" width=\"16\" height=\"16\" fill=\"currentColor\" aria-hidden=\"true\"><path d=\"M6.6 11.2 3.9 8.5l1.1-1.1 1.6 1.6 4-4 1.1 1.1-5.1 5.1z\"\/><\/svg><\/span><img decoding=\"async\" data-src=\"https:\/\/unzend.net\/wp-content\/uploads\/2025\/08\/atomicwallet-1.png\" alt=\"Atomic Wallet\" src=\"data:image\/svg+xml;base64,PHN2ZyB3aWR0aD0iMSIgaGVpZ2h0PSIxIiB4bWxucz0iaHR0cDovL3d3dy53My5vcmcvMjAwMC9zdmciPjwvc3ZnPg==\" class=\"lazyload\" style=\"--smush-placeholder-width: 240px; --smush-placeholder-aspect-ratio: 240\/240;\" \/><div class=\"label\">Atomic Wallet<\/div><\/div><div class=\"item\"><span class=\"verified\" aria-label=\"verified\"><svg viewBox=\"0 0 16 16\" width=\"16\" height=\"16\" fill=\"currentColor\" aria-hidden=\"true\"><path d=\"M6.6 11.2 3.9 8.5l1.1-1.1 1.6 1.6 4-4 1.1 1.1-5.1 5.1z\"\/><\/svg><\/span><img decoding=\"async\" data-src=\"https:\/\/unzend.net\/wp-content\/uploads\/2025\/08\/binance.png\" alt=\"Binance\" src=\"data:image\/svg+xml;base64,PHN2ZyB3aWR0aD0iMSIgaGVpZ2h0PSIxIiB4bWxucz0iaHR0cDovL3d3dy53My5vcmcvMjAwMC9zdmciPjwvc3ZnPg==\" class=\"lazyload\" style=\"--smush-placeholder-width: 200px; --smush-placeholder-aspect-ratio: 200\/200;\" \/><div class=\"label\">Binance<\/div><\/div><div class=\"item\"><span class=\"verified\" aria-label=\"verified\"><svg viewBox=\"0 0 16 16\" width=\"16\" height=\"16\" fill=\"currentColor\" aria-hidden=\"true\"><path d=\"M6.6 11.2 3.9 8.5l1.1-1.1 1.6 1.6 4-4 1.1 1.1-5.1 5.1z\"\/><\/svg><\/span><img decoding=\"async\" data-src=\"https:\/\/unzend.net\/wp-content\/uploads\/2025\/08\/ledger.png\" alt=\"Ledger\" src=\"data:image\/svg+xml;base64,PHN2ZyB3aWR0aD0iMSIgaGVpZ2h0PSIxIiB4bWxucz0iaHR0cDovL3d3dy53My5vcmcvMjAwMC9zdmciPjwvc3ZnPg==\" class=\"lazyload\" style=\"--smush-placeholder-width: 200px; --smush-placeholder-aspect-ratio: 200\/200;\" \/><div class=\"label\">Ledger<\/div><\/div><div class=\"item\"><span class=\"verified\" aria-label=\"verified\"><svg viewBox=\"0 0 16 16\" width=\"16\" height=\"16\" fill=\"currentColor\" aria-hidden=\"true\"><path d=\"M6.6 11.2 3.9 8.5l1.1-1.1 1.6 1.6 4-4 1.1 1.1-5.1 5.1z\"\/><\/svg><\/span><img decoding=\"async\" data-src=\"https:\/\/unzend.net\/wp-content\/uploads\/2025\/08\/unnamed.png\" alt=\"MetaMask\" src=\"data:image\/svg+xml;base64,PHN2ZyB3aWR0aD0iMSIgaGVpZ2h0PSIxIiB4bWxucz0iaHR0cDovL3d3dy53My5vcmcvMjAwMC9zdmciPjwvc3ZnPg==\" class=\"lazyload\" style=\"--smush-placeholder-width: 240px; --smush-placeholder-aspect-ratio: 240\/240;\" \/><div class=\"label\">MetaMask<\/div><\/div><div class=\"item\"><span class=\"verified\" aria-label=\"verified\"><svg viewBox=\"0 0 16 16\" width=\"16\" height=\"16\" fill=\"currentColor\" aria-hidden=\"true\"><path d=\"M6.6 11.2 3.9 8.5l1.1-1.1 1.6 1.6 4-4 1.1 1.1-5.1 5.1z\"\/><\/svg><\/span><img decoding=\"async\" data-src=\"https:\/\/unzend.net\/wp-content\/uploads\/2025\/08\/logo.clearbit.png\" alt=\"Trezor\" src=\"data:image\/svg+xml;base64,PHN2ZyB3aWR0aD0iMSIgaGVpZ2h0PSIxIiB4bWxucz0iaHR0cDovL3d3dy53My5vcmcvMjAwMC9zdmciPjwvc3ZnPg==\" class=\"lazyload\" style=\"--smush-placeholder-width: 128px; --smush-placeholder-aspect-ratio: 128\/128;\" \/><div class=\"label\">Trezor<\/div><\/div><\/div>\t\t\t\t<\/div>\n\t\t\t\t<\/div>\n\t\t\t\t\t<\/div>\n\t\t\t\t<\/div>\n\t\t\t\t<\/div>\n\t\t","protected":false},"excerpt":{"rendered":"<p>ionCube Dekoderi ve SourceGuardian Dekoderi UNZEND Kendi makinenizde ionCube ve SourceGuardian \u015fifreli PHP kodlar\u0131n\u0131 \u00e7\u00f6z\u00fcn. Y\u00fckleme yapmadan \u2013 %100 \u00e7evrimd\u0131\u015f\u0131. \u26a1 Ba\u015fla \ud83e\udded Giri\u015f Yap \ud83d\udd12 \u00c7evrimd\u0131\u015f\u0131 ve \u00d6zel Kodunuz Asla Cihaz\u0131n\u0131zdan Ayr\u0131lmaz. \ud83e\udde9 Geni\u015f s\u00fcr\u00fcm deste\u011fi PHP 5.6\u20118.3 \u00fczerinde ionCube Loader 10\u201114 ve SourceGuardian 11\u201115 deste\u011fi sa\u011flar. \u2699\ufe0f Toplu \u0130\u015flem ve CLI \u00d6ncelikli Klas\u00f6rleri [&hellip;]<\/p>\n","protected":false},"author":1,"featured_media":510,"parent":0,"menu_order":0,"comment_status":"closed","ping_status":"closed","template":"templates\/elementor-fullwidth.php","meta":{"footnotes":""},"class_list":["post-545","page","type-page","status-publish","has-post-thumbnail","hentry"],"yoast_head":"<!-- This site is optimized with the Yoast SEO Premium plugin v26.0 (Yoast SEO v26.6) - https:\/\/yoast.com\/wordpress\/plugins\/seo\/ -->\n<title>UnZend \u2013 ionCube \u00c7\u00f6z\u00fcc\u00fc &amp; SourceGuardian \u00c7\u00f6z\u00fcc\u00fc (\u00c7evrimd\u0131\u015f\u0131)<\/title>\n<meta name=\"description\" content=\"UnZend en h\u0131zl\u0131 ionCube ve SourceGuardian \u00c7\u00f6z\u00fcc\u00fcs\u00fcd\u00fcr. \u015eifrelenmi\u015f PHP dosyalar\u0131n\u0131 Windows veya Linux\u2019ta y\u00fckleme yapmadan yerel olarak \u00e7\u00f6z\u00fcn.\" \/>\n<meta name=\"robots\" content=\"index, follow, max-snippet:-1, max-image-preview:large, max-video-preview:-1\" \/>\n<link rel=\"canonical\" href=\"https:\/\/unzend.net\/tr\/\" \/>\n<meta property=\"og:locale\" content=\"tr_TR\" \/>\n<meta property=\"og:type\" content=\"article\" \/>\n<meta property=\"og:title\" content=\"UnZend \u2013 ionCube \u00c7\u00f6z\u00fcc\u00fc &amp; SourceGuardian \u00c7\u00f6z\u00fcc\u00fc (\u00c7evrimd\u0131\u015f\u0131)\" \/>\n<meta property=\"og:description\" content=\"UnZend en h\u0131zl\u0131 ionCube ve SourceGuardian \u00c7\u00f6z\u00fcc\u00fcs\u00fcd\u00fcr. \u015eifrelenmi\u015f PHP dosyalar\u0131n\u0131 Windows veya Linux\u2019ta y\u00fckleme yapmadan yerel olarak \u00e7\u00f6z\u00fcn.\" \/>\n<meta property=\"og:url\" content=\"https:\/\/unzend.net\/tr\/\" \/>\n<meta property=\"og:site_name\" content=\"UnZend\" \/>\n<meta property=\"article:modified_time\" content=\"2025-11-25T15:23:39+00:00\" \/>\n<meta property=\"og:image\" content=\"https:\/\/unzend.net\/wp-content\/uploads\/2025\/08\/3c6c4675-3e27-4822-ad21-48df616172d6.png\" \/>\n\t<meta property=\"og:image:width\" content=\"1024\" \/>\n\t<meta property=\"og:image:height\" content=\"1024\" \/>\n\t<meta property=\"og:image:type\" content=\"image\/png\" \/>\n<meta name=\"twitter:card\" content=\"summary_large_image\" \/>\n<meta name=\"twitter:title\" content=\"UnZend \u2013 ionCube \u00c7\u00f6z\u00fcc\u00fc &amp; SourceGuardian \u00c7\u00f6z\u00fcc\u00fc (\u00c7evrimd\u0131\u015f\u0131)\" \/>\n<meta name=\"twitter:description\" content=\"UnZend en h\u0131zl\u0131 ionCube ve SourceGuardian \u00c7\u00f6z\u00fcc\u00fcs\u00fcd\u00fcr. \u015eifrelenmi\u015f PHP dosyalar\u0131n\u0131 Windows veya Linux\u2019ta y\u00fckleme yapmadan yerel olarak \u00e7\u00f6z\u00fcn.\" \/>\n<meta name=\"twitter:label1\" content=\"Tahmini okuma s\u00fcresi\" \/>\n\t<meta name=\"twitter:data1\" content=\"3 dakika\" \/>\n<script type=\"application\/ld+json\" class=\"yoast-schema-graph\">{\"@context\":\"https:\/\/schema.org\",\"@graph\":[{\"@type\":\"WebPage\",\"@id\":\"https:\/\/unzend.net\/tr\/\",\"url\":\"https:\/\/unzend.net\/tr\/\",\"name\":\"UnZend \u2013 ionCube \u00c7\u00f6z\u00fcc\u00fc & SourceGuardian \u00c7\u00f6z\u00fcc\u00fc (\u00c7evrimd\u0131\u015f\u0131)\",\"isPartOf\":{\"@id\":\"https:\/\/unzend.net\/tr\/#website\"},\"primaryImageOfPage\":{\"@id\":\"https:\/\/unzend.net\/tr\/#primaryimage\"},\"image\":{\"@id\":\"https:\/\/unzend.net\/tr\/#primaryimage\"},\"thumbnailUrl\":\"https:\/\/unzend.net\/wp-content\/uploads\/2025\/08\/3c6c4675-3e27-4822-ad21-48df616172d6.png\",\"datePublished\":\"2025-08-27T09:29:11+00:00\",\"dateModified\":\"2025-11-25T15:23:39+00:00\",\"description\":\"UnZend en h\u0131zl\u0131 ionCube ve SourceGuardian \u00c7\u00f6z\u00fcc\u00fcs\u00fcd\u00fcr. \u015eifrelenmi\u015f PHP dosyalar\u0131n\u0131 Windows veya Linux\u2019ta y\u00fckleme yapmadan yerel olarak \u00e7\u00f6z\u00fcn.\",\"breadcrumb\":{\"@id\":\"https:\/\/unzend.net\/tr\/#breadcrumb\"},\"inLanguage\":\"tr\",\"potentialAction\":[{\"@type\":\"ReadAction\",\"target\":[\"https:\/\/unzend.net\/tr\/\"]}]},{\"@type\":\"ImageObject\",\"inLanguage\":\"tr\",\"@id\":\"https:\/\/unzend.net\/tr\/#primaryimage\",\"url\":\"https:\/\/unzend.net\/wp-content\/uploads\/2025\/08\/3c6c4675-3e27-4822-ad21-48df616172d6.png\",\"contentUrl\":\"https:\/\/unzend.net\/wp-content\/uploads\/2025\/08\/3c6c4675-3e27-4822-ad21-48df616172d6.png\",\"width\":1024,\"height\":1024},{\"@type\":\"BreadcrumbList\",\"@id\":\"https:\/\/unzend.net\/tr\/#breadcrumb\",\"itemListElement\":[{\"@type\":\"ListItem\",\"position\":1,\"name\":\"Home\",\"item\":\"https:\/\/unzend.net\/tr\/home\/\"},{\"@type\":\"ListItem\",\"position\":2,\"name\":\"Home\"}]},{\"@type\":\"WebSite\",\"@id\":\"https:\/\/unzend.net\/tr\/#website\",\"url\":\"https:\/\/unzend.net\/tr\/\",\"name\":\"UnZend\",\"description\":\"ionCube Decoder &amp; SourceGuardian Decoder\",\"publisher\":{\"@id\":\"https:\/\/unzend.net\/tr\/#organization\"},\"potentialAction\":[{\"@type\":\"SearchAction\",\"target\":{\"@type\":\"EntryPoint\",\"urlTemplate\":\"https:\/\/unzend.net\/tr\/?s={search_term_string}\"},\"query-input\":{\"@type\":\"PropertyValueSpecification\",\"valueRequired\":true,\"valueName\":\"search_term_string\"}}],\"inLanguage\":\"tr\"},{\"@type\":\"Organization\",\"@id\":\"https:\/\/unzend.net\/tr\/#organization\",\"name\":\"UnZend\",\"url\":\"https:\/\/unzend.net\/tr\/\",\"logo\":{\"@type\":\"ImageObject\",\"inLanguage\":\"tr\",\"@id\":\"https:\/\/unzend.net\/tr\/#\/schema\/logo\/image\/\",\"url\":\"https:\/\/unzend.net\/wp-content\/uploads\/2025\/08\/cropped-unzend-logo.png\",\"contentUrl\":\"https:\/\/unzend.net\/wp-content\/uploads\/2025\/08\/cropped-unzend-logo.png\",\"width\":300,\"height\":200,\"caption\":\"UnZend\"},\"image\":{\"@id\":\"https:\/\/unzend.net\/tr\/#\/schema\/logo\/image\/\"}}]}<\/script>\n<!-- \/ Yoast SEO Premium plugin. -->","yoast_head_json":{"title":"UnZend \u2013 ionCube \u00c7\u00f6z\u00fcc\u00fc & SourceGuardian \u00c7\u00f6z\u00fcc\u00fc (\u00c7evrimd\u0131\u015f\u0131)","description":"UnZend en h\u0131zl\u0131 ionCube ve SourceGuardian \u00c7\u00f6z\u00fcc\u00fcs\u00fcd\u00fcr. \u015eifrelenmi\u015f PHP dosyalar\u0131n\u0131 Windows veya Linux\u2019ta y\u00fckleme yapmadan yerel olarak \u00e7\u00f6z\u00fcn.","robots":{"index":"index","follow":"follow","max-snippet":"max-snippet:-1","max-image-preview":"max-image-preview:large","max-video-preview":"max-video-preview:-1"},"canonical":"https:\/\/unzend.net\/tr\/","og_locale":"tr_TR","og_type":"article","og_title":"UnZend \u2013 ionCube \u00c7\u00f6z\u00fcc\u00fc & SourceGuardian \u00c7\u00f6z\u00fcc\u00fc (\u00c7evrimd\u0131\u015f\u0131)","og_description":"UnZend en h\u0131zl\u0131 ionCube ve SourceGuardian \u00c7\u00f6z\u00fcc\u00fcs\u00fcd\u00fcr. \u015eifrelenmi\u015f PHP dosyalar\u0131n\u0131 Windows veya Linux\u2019ta y\u00fckleme yapmadan yerel olarak \u00e7\u00f6z\u00fcn.","og_url":"https:\/\/unzend.net\/tr\/","og_site_name":"UnZend","article_modified_time":"2025-11-25T15:23:39+00:00","og_image":[{"width":1024,"height":1024,"url":"https:\/\/unzend.net\/wp-content\/uploads\/2025\/08\/3c6c4675-3e27-4822-ad21-48df616172d6.png","type":"image\/png"}],"twitter_card":"summary_large_image","twitter_title":"UnZend \u2013 ionCube \u00c7\u00f6z\u00fcc\u00fc & SourceGuardian \u00c7\u00f6z\u00fcc\u00fc (\u00c7evrimd\u0131\u015f\u0131)","twitter_description":"UnZend en h\u0131zl\u0131 ionCube ve SourceGuardian \u00c7\u00f6z\u00fcc\u00fcs\u00fcd\u00fcr. \u015eifrelenmi\u015f PHP dosyalar\u0131n\u0131 Windows veya Linux\u2019ta y\u00fckleme yapmadan yerel olarak \u00e7\u00f6z\u00fcn.","twitter_misc":{"Tahmini okuma s\u00fcresi":"3 dakika"},"schema":{"@context":"https:\/\/schema.org","@graph":[{"@type":"WebPage","@id":"https:\/\/unzend.net\/tr\/","url":"https:\/\/unzend.net\/tr\/","name":"UnZend \u2013 ionCube \u00c7\u00f6z\u00fcc\u00fc & SourceGuardian \u00c7\u00f6z\u00fcc\u00fc (\u00c7evrimd\u0131\u015f\u0131)","isPartOf":{"@id":"https:\/\/unzend.net\/tr\/#website"},"primaryImageOfPage":{"@id":"https:\/\/unzend.net\/tr\/#primaryimage"},"image":{"@id":"https:\/\/unzend.net\/tr\/#primaryimage"},"thumbnailUrl":"https:\/\/unzend.net\/wp-content\/uploads\/2025\/08\/3c6c4675-3e27-4822-ad21-48df616172d6.png","datePublished":"2025-08-27T09:29:11+00:00","dateModified":"2025-11-25T15:23:39+00:00","description":"UnZend en h\u0131zl\u0131 ionCube ve SourceGuardian \u00c7\u00f6z\u00fcc\u00fcs\u00fcd\u00fcr. \u015eifrelenmi\u015f PHP dosyalar\u0131n\u0131 Windows veya Linux\u2019ta y\u00fckleme yapmadan yerel olarak \u00e7\u00f6z\u00fcn.","breadcrumb":{"@id":"https:\/\/unzend.net\/tr\/#breadcrumb"},"inLanguage":"tr","potentialAction":[{"@type":"ReadAction","target":["https:\/\/unzend.net\/tr\/"]}]},{"@type":"ImageObject","inLanguage":"tr","@id":"https:\/\/unzend.net\/tr\/#primaryimage","url":"https:\/\/unzend.net\/wp-content\/uploads\/2025\/08\/3c6c4675-3e27-4822-ad21-48df616172d6.png","contentUrl":"https:\/\/unzend.net\/wp-content\/uploads\/2025\/08\/3c6c4675-3e27-4822-ad21-48df616172d6.png","width":1024,"height":1024},{"@type":"BreadcrumbList","@id":"https:\/\/unzend.net\/tr\/#breadcrumb","itemListElement":[{"@type":"ListItem","position":1,"name":"Home","item":"https:\/\/unzend.net\/tr\/home\/"},{"@type":"ListItem","position":2,"name":"Home"}]},{"@type":"WebSite","@id":"https:\/\/unzend.net\/tr\/#website","url":"https:\/\/unzend.net\/tr\/","name":"UnZend","description":"ionCube Decoder &amp; SourceGuardian Decoder","publisher":{"@id":"https:\/\/unzend.net\/tr\/#organization"},"potentialAction":[{"@type":"SearchAction","target":{"@type":"EntryPoint","urlTemplate":"https:\/\/unzend.net\/tr\/?s={search_term_string}"},"query-input":{"@type":"PropertyValueSpecification","valueRequired":true,"valueName":"search_term_string"}}],"inLanguage":"tr"},{"@type":"Organization","@id":"https:\/\/unzend.net\/tr\/#organization","name":"UnZend","url":"https:\/\/unzend.net\/tr\/","logo":{"@type":"ImageObject","inLanguage":"tr","@id":"https:\/\/unzend.net\/tr\/#\/schema\/logo\/image\/","url":"https:\/\/unzend.net\/wp-content\/uploads\/2025\/08\/cropped-unzend-logo.png","contentUrl":"https:\/\/unzend.net\/wp-content\/uploads\/2025\/08\/cropped-unzend-logo.png","width":300,"height":200,"caption":"UnZend"},"image":{"@id":"https:\/\/unzend.net\/tr\/#\/schema\/logo\/image\/"}}]}},"_links":{"self":[{"href":"https:\/\/unzend.net\/tr\/wp-json\/wp\/v2\/pages\/545","targetHints":{"allow":["GET"]}}],"collection":[{"href":"https:\/\/unzend.net\/tr\/wp-json\/wp\/v2\/pages"}],"about":[{"href":"https:\/\/unzend.net\/tr\/wp-json\/wp\/v2\/types\/page"}],"author":[{"embeddable":true,"href":"https:\/\/unzend.net\/tr\/wp-json\/wp\/v2\/users\/1"}],"replies":[{"embeddable":true,"href":"https:\/\/unzend.net\/tr\/wp-json\/wp\/v2\/comments?post=545"}],"version-history":[{"count":20,"href":"https:\/\/unzend.net\/tr\/wp-json\/wp\/v2\/pages\/545\/revisions"}],"predecessor-version":[{"id":3925,"href":"https:\/\/unzend.net\/tr\/wp-json\/wp\/v2\/pages\/545\/revisions\/3925"}],"wp:featuredmedia":[{"embeddable":true,"href":"https:\/\/unzend.net\/tr\/wp-json\/wp\/v2\/media\/510"}],"wp:attachment":[{"href":"https:\/\/unzend.net\/tr\/wp-json\/wp\/v2\/media?parent=545"}],"curies":[{"name":"wp","href":"https:\/\/api.w.org\/{rel}","templated":true}]}}