



{"id":576,"date":"2025-08-29T16:26:35","date_gmt":"2025-08-29T16:26:35","guid":{"rendered":"https:\/\/unzend.net\/fiyatlandirma\/"},"modified":"2025-10-12T14:34:28","modified_gmt":"2025-10-12T14:34:28","slug":"fiyatlandirma","status":"publish","type":"page","link":"https:\/\/unzend.net\/tr\/fiyatlandirma\/","title":{"rendered":"Fiyatland\u0131rma"},"content":{"rendered":"\t\t<div data-elementor-type=\"wp-page\" data-elementor-id=\"576\" class=\"elementor elementor-576 elementor-479\">\n\t\t\t\t<div class=\"elementor-element elementor-element-9d88764 e-grid e-con-boxed e-con e-parent\" data-id=\"9d88764\" data-element_type=\"container\">\n\t\t\t\t\t<div class=\"e-con-inner\">\n\t\t\t\t<div class=\"elementor-element elementor-element-f080983 elementor-widget elementor-widget-heading\" data-id=\"f080983\" data-element_type=\"widget\" data-widget_type=\"heading.default\">\n\t\t\t\t\t<h2 class=\"elementor-heading-title elementor-size-default\">Size Uygun Plan\u0131 Se\u00e7in<\/h2>\t\t\t\t<\/div>\n\t\t\t\t<div class=\"elementor-element elementor-element-2194a3b elementor-widget elementor-widget-text-editor\" data-id=\"2194a3b\" data-element_type=\"widget\" data-widget_type=\"text-editor.default\">\n\t\t\t\t\t\t\t\t\t<p>\u0130\u015f ak\u0131\u015f\u0131n\u0131z i\u00e7in m\u00fckemmel UnZend lisans\u0131n\u0131 bulun. \u0130ster tek ba\u015f\u0131na \u00e7al\u0131\u015fan bir geli\u015ftirici ister kurumsal bir ekip olun, planlar\u0131m\u0131z ihtiya\u00e7lar\u0131n\u0131za g\u00f6re uyarlanm\u0131\u015ft\u0131r.<\/p>\t\t\t\t\t\t\t\t<\/div>\n\t\t\t\t\t<\/div>\n\t\t\t\t<\/div>\n\t\t<div class=\"elementor-element elementor-element-0396fe1 e-flex e-con-boxed e-con e-parent\" data-id=\"0396fe1\" data-element_type=\"container\">\n\t\t\t\t\t<div class=\"e-con-inner\">\n\t\t\t\t<div class=\"elementor-element elementor-element-3e3cbc1 elementor-widget elementor-widget-uzp_pricing_plus\" data-id=\"3e3cbc1\" data-element_type=\"widget\" data-widget_type=\"uzp_pricing_plus.default\">\n\t\t\t\t<div class=\"elementor-widget-container\">\n\t\t\t\t\t    <section class=\"unzend-plus uzp-pricing\">\n      <div class=\"grid\">\n                  <div class=\"pr-card\">\n                          <span class=\"badge\">Basic<\/span>\n            \n            <h4 class=\"section-title\" style=\"margin-bottom:8px\">Standard<\/h4>\n\n            <div class=\"price\" aria-label=\"$168\">\n              <span class=\"cur\">$<\/span>              <span class=\"amt\">168<\/span>\n                          <\/div>\n\n                          <ul class=\"features\">\n                                  <li>Serbest \u00c7al\u0131\u015fanlar \u0130\u00e7in<\/li>\n                                  <li>1 Cihaz<\/li>\n                                  <li>6 Ayl\u0131k G\u00fcncellemeler<\/li>\n                                  <li>Toplu \u0130\u015flem (\u2264200 Dosya)<\/li>\n                                  <li>Standart Destek<\/li>\n                              <\/ul>\n            \n                          <div class=\"crypto-logos\">\n                <span class=\"coin c-btc\"><svg xmlns='http:\/\/www.w3.org\/2000\/svg' viewBox='0 0 64 64'><circle cx='32' cy='32' r='30' fill='#f7931a'\/><text x='32' y='40' font-size='28' text-anchor='middle' fill='#fff' font-family='Arial'>\u20bf<\/text><\/svg><span class=\"label\">BTC<\/span><\/span><span class=\"coin c-eth\"><svg xmlns='http:\/\/www.w3.org\/2000\/svg' viewBox='0 0 64 64'><circle cx='32' cy='32' r='30' fill='#627eea'\/><path d='M32 10L20 32l12-8 12 8-12-22zm0 44l12-18-12 8-12-8 12 18z' fill='#fff'\/><\/svg><span class=\"label\">ETH<\/span><\/span><span class=\"coin c-usdt\"><svg xmlns='http:\/\/www.w3.org\/2000\/svg' viewBox='0 0 64 64'><circle cx='32' cy='32' r='30' fill='#26a17b'\/><text x='32' y='40' font-size='26' text-anchor='middle' fill='#fff' font-family='Arial'>T<\/text><\/svg><span class=\"label\">USDT<\/span><\/span>              <\/div>\n            \n            <a class=\"uz-btn uz-btn--primary\" href=\"\/tr\/product\/unzend-ioncube-sourceguardian-decoder\/?attribute_pa_model=standard\">\n              Se\u00e7iniz            <\/a>\n          <\/div>\n                  <div class=\"pr-card highlight\">\n                          <span class=\"badge\">Popular<\/span>\n            \n            <h4 class=\"section-title\" style=\"margin-bottom:8px\">Pro<\/h4>\n\n            <div class=\"price\" aria-label=\"$299\">\n              <span class=\"cur\">$<\/span>              <span class=\"amt\">299<\/span>\n                          <\/div>\n\n                          <ul class=\"features\">\n                                  <li>K\u00fc\u00e7\u00fck Tak\u0131mlar \u0130\u00e7in<\/li>\n                                  <li>3 Cihaz<\/li>\n                                  <li>12 Ayl\u0131k G\u00fcncelleme<\/li>\n                                  <li>S\u0131n\u0131rs\u0131z Toplu \u0130\u015flem<\/li>\n                                  <li>CLI + \u00d6ncelikli Destek<\/li>\n                              <\/ul>\n            \n                          <div class=\"crypto-logos\">\n                <span class=\"coin c-btc\"><svg xmlns='http:\/\/www.w3.org\/2000\/svg' viewBox='0 0 64 64'><circle cx='32' cy='32' r='30' fill='#f7931a'\/><text x='32' y='40' font-size='28' text-anchor='middle' fill='#fff' font-family='Arial'>\u20bf<\/text><\/svg><span class=\"label\">BTC<\/span><\/span><span class=\"coin c-eth\"><svg xmlns='http:\/\/www.w3.org\/2000\/svg' viewBox='0 0 64 64'><circle cx='32' cy='32' r='30' fill='#627eea'\/><path d='M32 10L20 32l12-8 12 8-12-22zm0 44l12-18-12 8-12-8 12 18z' fill='#fff'\/><\/svg><span class=\"label\">ETH<\/span><\/span><span class=\"coin c-usdt\"><svg xmlns='http:\/\/www.w3.org\/2000\/svg' viewBox='0 0 64 64'><circle cx='32' cy='32' r='30' fill='#26a17b'\/><text x='32' y='40' font-size='26' text-anchor='middle' fill='#fff' font-family='Arial'>T<\/text><\/svg><span class=\"label\">USDT<\/span><\/span>              <\/div>\n            \n            <a class=\"uz-btn uz-btn--primary\" href=\"\/tr\/product\/unzend-ioncube-sourceguardian-decoder\/?attribute_pa_model=pro\">\n              Se\u00e7iniz            <\/a>\n          <\/div>\n                  <div class=\"pr-card\">\n                          <span class=\"badge\">VIP<\/span>\n            \n            <h4 class=\"section-title\" style=\"margin-bottom:8px\">Ultimate<\/h4>\n\n            <div class=\"price\" aria-label=\"$699\">\n              <span class=\"cur\">$<\/span>              <span class=\"amt\">699<\/span>\n                          <\/div>\n\n                          <ul class=\"features\">\n                                  <li>Ajanslar ve \u0130\u015fletmeler \u0130\u00e7in<\/li>\n                                  <li>5 Cihaz<\/li>\n                                  <li>\u00d6m\u00fcr Boyu G\u00fcncellemeler<\/li>\n                                  <li>Projeler Aras\u0131nda Dahili Kullan\u0131m<\/li>\n                                  <li>\u00d6zel Destek Kanal\u0131<\/li>\n                              <\/ul>\n            \n                          <div class=\"crypto-logos\">\n                <span class=\"coin c-btc\"><svg xmlns='http:\/\/www.w3.org\/2000\/svg' viewBox='0 0 64 64'><circle cx='32' cy='32' r='30' fill='#f7931a'\/><text x='32' y='40' font-size='28' text-anchor='middle' fill='#fff' font-family='Arial'>\u20bf<\/text><\/svg><span class=\"label\">BTC<\/span><\/span><span class=\"coin c-eth\"><svg xmlns='http:\/\/www.w3.org\/2000\/svg' viewBox='0 0 64 64'><circle cx='32' cy='32' r='30' fill='#627eea'\/><path d='M32 10L20 32l12-8 12 8-12-22zm0 44l12-18-12 8-12-8 12 18z' fill='#fff'\/><\/svg><span class=\"label\">ETH<\/span><\/span><span class=\"coin c-usdt\"><svg xmlns='http:\/\/www.w3.org\/2000\/svg' viewBox='0 0 64 64'><circle cx='32' cy='32' r='30' fill='#26a17b'\/><text x='32' y='40' font-size='26' text-anchor='middle' fill='#fff' font-family='Arial'>T<\/text><\/svg><span class=\"label\">USDT<\/span><\/span>              <\/div>\n            \n            <a class=\"uz-btn uz-btn--primary\" href=\"\/tr\/product\/unzend-ioncube-sourceguardian-decoder\/?attribute_pa_model=ultimate\">\n              Se\u00e7iniz            <\/a>\n          <\/div>\n              <\/div>\n    <\/section>\n    \t\t\t\t<\/div>\n\t\t\t\t<\/div>\n\t\t\t\t\t<\/div>\n\t\t\t\t<\/div>\n\t\t\t\t<\/div>\n\t\t","protected":false},"excerpt":{"rendered":"<p>Size Uygun Plan\u0131 Se\u00e7in \u0130\u015f ak\u0131\u015f\u0131n\u0131z i\u00e7in m\u00fckemmel UnZend lisans\u0131n\u0131 bulun. \u0130ster tek ba\u015f\u0131na \u00e7al\u0131\u015fan bir geli\u015ftirici ister kurumsal bir ekip olun, planlar\u0131m\u0131z ihtiya\u00e7lar\u0131n\u0131za g\u00f6re uyarlanm\u0131\u015ft\u0131r. Basic Standard $ 168 Serbest \u00c7al\u0131\u015fanlar \u0130\u00e7in 1 Cihaz 6 Ayl\u0131k G\u00fcncellemeler Toplu \u0130\u015flem (\u2264200 Dosya) Standart Destek \u20bfBTCETHTUSDT Se\u00e7iniz Popular Pro $ 299 K\u00fc\u00e7\u00fck Tak\u0131mlar \u0130\u00e7in 3 Cihaz [&hellip;]<\/p>\n","protected":false},"author":1,"featured_media":0,"parent":0,"menu_order":0,"comment_status":"closed","ping_status":"closed","template":"templates\/elementor-fullwidth.php","meta":{"footnotes":""},"class_list":["post-576","page","type-page","status-publish","hentry"],"yoast_head":"<!-- This site is optimized with the Yoast SEO Premium plugin v26.0 (Yoast SEO v26.6) - https:\/\/yoast.com\/wordpress\/plugins\/seo\/ -->\n<title>Fiyatland\u0131rma - UnZend<\/title>\n<meta name=\"robots\" content=\"index, follow, max-snippet:-1, max-image-preview:large, max-video-preview:-1\" \/>\n<link rel=\"canonical\" href=\"https:\/\/unzend.net\/tr\/fiyatlandirma\/\" \/>\n<meta property=\"og:locale\" content=\"tr_TR\" \/>\n<meta property=\"og:type\" content=\"article\" \/>\n<meta property=\"og:title\" content=\"Fiyatland\u0131rma - UnZend\" \/>\n<meta property=\"og:description\" content=\"Size Uygun Plan\u0131 Se\u00e7in \u0130\u015f ak\u0131\u015f\u0131n\u0131z i\u00e7in m\u00fckemmel UnZend lisans\u0131n\u0131 bulun. \u0130ster tek ba\u015f\u0131na \u00e7al\u0131\u015fan bir geli\u015ftirici ister kurumsal bir ekip olun, planlar\u0131m\u0131z ihtiya\u00e7lar\u0131n\u0131za g\u00f6re uyarlanm\u0131\u015ft\u0131r. Basic Standard $ 168 Serbest \u00c7al\u0131\u015fanlar \u0130\u00e7in 1 Cihaz 6 Ayl\u0131k G\u00fcncellemeler Toplu \u0130\u015flem (\u2264200 Dosya) Standart Destek \u20bfBTCETHTUSDT Se\u00e7iniz Popular Pro $ 299 K\u00fc\u00e7\u00fck Tak\u0131mlar \u0130\u00e7in 3 Cihaz [&hellip;]\" \/>\n<meta property=\"og:url\" content=\"https:\/\/unzend.net\/tr\/fiyatlandirma\/\" \/>\n<meta property=\"og:site_name\" content=\"UnZend\" \/>\n<meta property=\"article:modified_time\" content=\"2025-10-12T14:34:28+00:00\" \/>\n<meta name=\"twitter:card\" content=\"summary_large_image\" \/>\n<meta name=\"twitter:label1\" content=\"Tahmini okuma s\u00fcresi\" \/>\n\t<meta name=\"twitter:data1\" content=\"1 dakika\" \/>\n<script type=\"application\/ld+json\" class=\"yoast-schema-graph\">{\"@context\":\"https:\/\/schema.org\",\"@graph\":[{\"@type\":\"WebPage\",\"@id\":\"https:\/\/unzend.net\/tr\/fiyatlandirma\/\",\"url\":\"https:\/\/unzend.net\/tr\/fiyatlandirma\/\",\"name\":\"Fiyatland\u0131rma - UnZend\",\"isPartOf\":{\"@id\":\"https:\/\/unzend.net\/tr\/#website\"},\"datePublished\":\"2025-08-29T16:26:35+00:00\",\"dateModified\":\"2025-10-12T14:34:28+00:00\",\"breadcrumb\":{\"@id\":\"https:\/\/unzend.net\/tr\/fiyatlandirma\/#breadcrumb\"},\"inLanguage\":\"tr\",\"potentialAction\":[{\"@type\":\"ReadAction\",\"target\":[\"https:\/\/unzend.net\/tr\/fiyatlandirma\/\"]}]},{\"@type\":\"BreadcrumbList\",\"@id\":\"https:\/\/unzend.net\/tr\/fiyatlandirma\/#breadcrumb\",\"itemListElement\":[{\"@type\":\"ListItem\",\"position\":1,\"name\":\"Home\",\"item\":\"https:\/\/unzend.net\/tr\/home\/\"},{\"@type\":\"ListItem\",\"position\":2,\"name\":\"Fiyatland\u0131rma\"}]},{\"@type\":\"WebSite\",\"@id\":\"https:\/\/unzend.net\/tr\/#website\",\"url\":\"https:\/\/unzend.net\/tr\/\",\"name\":\"UnZend\",\"description\":\"ionCube Decoder &amp; SourceGuardian Decoder\",\"publisher\":{\"@id\":\"https:\/\/unzend.net\/tr\/#organization\"},\"potentialAction\":[{\"@type\":\"SearchAction\",\"target\":{\"@type\":\"EntryPoint\",\"urlTemplate\":\"https:\/\/unzend.net\/tr\/?s={search_term_string}\"},\"query-input\":{\"@type\":\"PropertyValueSpecification\",\"valueRequired\":true,\"valueName\":\"search_term_string\"}}],\"inLanguage\":\"tr\"},{\"@type\":\"Organization\",\"@id\":\"https:\/\/unzend.net\/tr\/#organization\",\"name\":\"UnZend\",\"url\":\"https:\/\/unzend.net\/tr\/\",\"logo\":{\"@type\":\"ImageObject\",\"inLanguage\":\"tr\",\"@id\":\"https:\/\/unzend.net\/tr\/#\/schema\/logo\/image\/\",\"url\":\"https:\/\/unzend.net\/wp-content\/uploads\/2025\/08\/cropped-unzend-logo.png\",\"contentUrl\":\"https:\/\/unzend.net\/wp-content\/uploads\/2025\/08\/cropped-unzend-logo.png\",\"width\":300,\"height\":200,\"caption\":\"UnZend\"},\"image\":{\"@id\":\"https:\/\/unzend.net\/tr\/#\/schema\/logo\/image\/\"}}]}<\/script>\n<!-- \/ Yoast SEO Premium plugin. -->","yoast_head_json":{"title":"Fiyatland\u0131rma - UnZend","robots":{"index":"index","follow":"follow","max-snippet":"max-snippet:-1","max-image-preview":"max-image-preview:large","max-video-preview":"max-video-preview:-1"},"canonical":"https:\/\/unzend.net\/tr\/fiyatlandirma\/","og_locale":"tr_TR","og_type":"article","og_title":"Fiyatland\u0131rma - UnZend","og_description":"Size Uygun Plan\u0131 Se\u00e7in \u0130\u015f ak\u0131\u015f\u0131n\u0131z i\u00e7in m\u00fckemmel UnZend lisans\u0131n\u0131 bulun. \u0130ster tek ba\u015f\u0131na \u00e7al\u0131\u015fan bir geli\u015ftirici ister kurumsal bir ekip olun, planlar\u0131m\u0131z ihtiya\u00e7lar\u0131n\u0131za g\u00f6re uyarlanm\u0131\u015ft\u0131r. Basic Standard $ 168 Serbest \u00c7al\u0131\u015fanlar \u0130\u00e7in 1 Cihaz 6 Ayl\u0131k G\u00fcncellemeler Toplu \u0130\u015flem (\u2264200 Dosya) Standart Destek \u20bfBTCETHTUSDT Se\u00e7iniz Popular Pro $ 299 K\u00fc\u00e7\u00fck Tak\u0131mlar \u0130\u00e7in 3 Cihaz [&hellip;]","og_url":"https:\/\/unzend.net\/tr\/fiyatlandirma\/","og_site_name":"UnZend","article_modified_time":"2025-10-12T14:34:28+00:00","twitter_card":"summary_large_image","twitter_misc":{"Tahmini okuma s\u00fcresi":"1 dakika"},"schema":{"@context":"https:\/\/schema.org","@graph":[{"@type":"WebPage","@id":"https:\/\/unzend.net\/tr\/fiyatlandirma\/","url":"https:\/\/unzend.net\/tr\/fiyatlandirma\/","name":"Fiyatland\u0131rma - UnZend","isPartOf":{"@id":"https:\/\/unzend.net\/tr\/#website"},"datePublished":"2025-08-29T16:26:35+00:00","dateModified":"2025-10-12T14:34:28+00:00","breadcrumb":{"@id":"https:\/\/unzend.net\/tr\/fiyatlandirma\/#breadcrumb"},"inLanguage":"tr","potentialAction":[{"@type":"ReadAction","target":["https:\/\/unzend.net\/tr\/fiyatlandirma\/"]}]},{"@type":"BreadcrumbList","@id":"https:\/\/unzend.net\/tr\/fiyatlandirma\/#breadcrumb","itemListElement":[{"@type":"ListItem","position":1,"name":"Home","item":"https:\/\/unzend.net\/tr\/home\/"},{"@type":"ListItem","position":2,"name":"Fiyatland\u0131rma"}]},{"@type":"WebSite","@id":"https:\/\/unzend.net\/tr\/#website","url":"https:\/\/unzend.net\/tr\/","name":"UnZend","description":"ionCube Decoder &amp; SourceGuardian Decoder","publisher":{"@id":"https:\/\/unzend.net\/tr\/#organization"},"potentialAction":[{"@type":"SearchAction","target":{"@type":"EntryPoint","urlTemplate":"https:\/\/unzend.net\/tr\/?s={search_term_string}"},"query-input":{"@type":"PropertyValueSpecification","valueRequired":true,"valueName":"search_term_string"}}],"inLanguage":"tr"},{"@type":"Organization","@id":"https:\/\/unzend.net\/tr\/#organization","name":"UnZend","url":"https:\/\/unzend.net\/tr\/","logo":{"@type":"ImageObject","inLanguage":"tr","@id":"https:\/\/unzend.net\/tr\/#\/schema\/logo\/image\/","url":"https:\/\/unzend.net\/wp-content\/uploads\/2025\/08\/cropped-unzend-logo.png","contentUrl":"https:\/\/unzend.net\/wp-content\/uploads\/2025\/08\/cropped-unzend-logo.png","width":300,"height":200,"caption":"UnZend"},"image":{"@id":"https:\/\/unzend.net\/tr\/#\/schema\/logo\/image\/"}}]}},"_links":{"self":[{"href":"https:\/\/unzend.net\/tr\/wp-json\/wp\/v2\/pages\/576","targetHints":{"allow":["GET"]}}],"collection":[{"href":"https:\/\/unzend.net\/tr\/wp-json\/wp\/v2\/pages"}],"about":[{"href":"https:\/\/unzend.net\/tr\/wp-json\/wp\/v2\/types\/page"}],"author":[{"embeddable":true,"href":"https:\/\/unzend.net\/tr\/wp-json\/wp\/v2\/users\/1"}],"replies":[{"embeddable":true,"href":"https:\/\/unzend.net\/tr\/wp-json\/wp\/v2\/comments?post=576"}],"version-history":[{"count":19,"href":"https:\/\/unzend.net\/tr\/wp-json\/wp\/v2\/pages\/576\/revisions"}],"predecessor-version":[{"id":3378,"href":"https:\/\/unzend.net\/tr\/wp-json\/wp\/v2\/pages\/576\/revisions\/3378"}],"wp:attachment":[{"href":"https:\/\/unzend.net\/tr\/wp-json\/wp\/v2\/media?parent=576"}],"curies":[{"name":"wp","href":"https:\/\/api.w.org\/{rel}","templated":true}]}}