



{"id":1593,"date":"2025-08-27T09:29:11","date_gmt":"2025-08-27T09:29:11","guid":{"rendered":"https:\/\/unzend.net\/home\/"},"modified":"2025-11-25T15:19:54","modified_gmt":"2025-11-25T15:19:54","slug":"home","status":"publish","type":"page","link":"https:\/\/unzend.net\/vi\/","title":{"rendered":"Home"},"content":{"rendered":"\t\t<div data-elementor-type=\"wp-page\" data-elementor-id=\"1593\" class=\"elementor elementor-1593 elementor-147\">\n\t\t\t\t<div class=\"elementor-element elementor-element-568e0d7 e-con-full e-flex e-con e-parent\" data-id=\"568e0d7\" data-element_type=\"container\">\n\t\t\t\t<div class=\"elementor-element elementor-element-8c4eb1c elementor-widget__width-inherit elementor-widget elementor-widget-uzp_hero_plus\" data-id=\"8c4eb1c\" data-element_type=\"widget\" data-widget_type=\"uzp_hero_plus.default\">\n\t\t\t\t<div class=\"elementor-widget-container\">\n\t\t\t\t\t    <section class=\"uzp uzp-hero constellation\" data-style=\"constellation\">\n      <!-- \u0644\u0627\u06cc\u0647\u200c\u0647\u0627\u06cc \u067e\u0633\u200c\u0632\u0645\u06cc\u0646\u0647 \u0641\u0642\u0637 \u0628\u0631\u0627\u06cc \u0627\u06cc\u0646 \u0648\u06cc\u062c\u062a -->\n      <div class=\"back grid radar\" aria-hidden=\"true\"><\/div>\n              <div class=\"fx\" aria-hidden=\"true\"><\/div>\n            <div class=\"overlay\" style=\"opacity:0.39\"><\/div>\n\n      <div class=\"content\">\n                  <div class=\"kicker par\">Gi\u1ea3i m\u00e3 ionCube &amp; SourceGuardian<\/div>\n        \n        <h1 class=\"par headline\" data-text=\"UNZEND\">\n          UNZEND        <\/h1>\n\n                  <p class=\"sub par\">Gi\u1ea3i m\u00e3 PHP m\u00e3 h\u00f3a b\u1eb1ng ionCube v\u00e0 SourceGuardian tr\u1ef1c ti\u1ebfp tr\u00ean m\u00e1y \u2013 100% ngo\u1ea1i tuy\u1ebfn.<\/p>\n        \n        <div class=\"ctas par\">\n                      <a class=\"btn\" href=\"\/vi\/product\/unzend-ioncube-sourceguardian-decoder\/\">\u26a1 B\u1eaft \u0111\u1ea7u<\/a>\n          \n                      <a class=\"btn secondary\" href=\"\/vi\/login\">\ud83e\udded \u0110\u0103ng nh\u1eadp<\/a>\n                  <\/div>\n      <\/div>\n    <\/section>\n    \t\t\t\t<\/div>\n\t\t\t\t<\/div>\n\t\t\t\t<\/div>\n\t\t<div class=\"elementor-element elementor-element-b890ed7 e-flex e-con-boxed e-con e-parent\" data-id=\"b890ed7\" data-element_type=\"container\">\n\t\t\t\t\t<div class=\"e-con-inner\">\n\t\t\t\t<div class=\"elementor-element elementor-element-e3bf9cc elementor-widget elementor-widget-uzp_separator_plus\" data-id=\"e3bf9cc\" data-element_type=\"widget\" data-widget_type=\"uzp_separator_plus.default\">\n\t\t\t\t<div class=\"elementor-widget-container\">\n\t\t\t\t\t<div class=\"uzp\"><div class=\"uzp-sep circuit\"><div class=\"line\"><\/div><\/div><\/div>\t\t\t\t<\/div>\n\t\t\t\t<\/div>\n\t\t\t\t\t<\/div>\n\t\t\t\t<\/div>\n\t\t<div class=\"elementor-element elementor-element-2a29e97 e-flex e-con-boxed e-con e-parent\" data-id=\"2a29e97\" data-element_type=\"container\">\n\t\t\t\t\t<div class=\"e-con-inner\">\n\t\t\t\t<div class=\"elementor-element elementor-element-acb2941 elementor-widget elementor-widget-uzp_features_plus\" data-id=\"acb2941\" data-element_type=\"widget\" data-widget_type=\"uzp_features_plus.default\">\n\t\t\t\t<div class=\"elementor-widget-container\">\n\t\t\t\t\t    <section class=\"uzp\">\n      <div class=\"uzp-features neon\">\n                  <article class=\"card\">\n                        <div class=\"icon\">\ud83d\udd12<\/div>\n            <h4>Ngo\u1ea1i tuy\u1ebfn &amp; Ri\u00eang t\u01b0<\/h4>\n            <p>M\u00e3 c\u1ee7a b\u1ea1n kh\u00f4ng bao gi\u1edd r\u1eddi kh\u1ecfi thi\u1ebft b\u1ecb c\u1ee7a b\u1ea1n.<\/p>\n                      <\/article>\n                  <article class=\"card\">\n                        <div class=\"icon\">\ud83e\udde9<\/div>\n            <h4>H\u1ed7 tr\u1ee3 phi\u00ean b\u1ea3n r\u1ed9ng<\/h4>\n            <p>H\u1ed7 tr\u1ee3 ionCube Loader 10\u201114 v\u00e0 SourceGuardian 11\u201115 tr\u00ean PHP 5.6\u20118.3.<\/p>\n                      <\/article>\n                  <article class=\"card\">\n                        <div class=\"icon\">\u2699\ufe0f<\/div>\n            <h4>T\u1eadp l\u1ec7nh &amp; \u01b0u ti\u00ean d\u00f2ng l\u1ec7nh<\/h4>\n            <p>Gi\u1ea3i m\u00e3 Th\u01b0 m\u1ee5c, T\u1ef1 \u0111\u1ed9ng h\u00f3a trong Scripts\/CI, Nh\u1eadn nh\u1eadt k\u00fd s\u1ea1ch s\u1ebd.<\/p>\n                      <\/article>\n                  <article class=\"card\">\n                        <div class=\"icon\">\u2728<\/div>\n            <h4>K\u1ebft qu\u1ea3 c\u00f3 th\u1ec3 \u0111\u1ecdc \u0111\u01b0\u1ee3c<\/h4>\n            <p>X\u00e2y d\u1ef1ng l\u1ea1i B\u1ea3ng k\u00fd hi\u1ec7u v\u00e0 lo\u1ea1i b\u1ecf c\u00e1c ph\u01b0\u01a1ng ph\u00e1p l\u00e0m r\u1ed1i ph\u1ed5 bi\u1ebfn.<\/p>\n                      <\/article>\n                  <article class=\"card\">\n                        <div class=\"icon\">\ud83d\udcbb<\/div>\n            <h4>\u0110a n\u1ec1n t\u1ea3ng<\/h4>\n            <p>Windows v\u00e0 Linux.<\/p>\n                      <\/article>\n                  <article class=\"card\">\n                        <div class=\"icon\">\ud83e\udd1d<\/div>\n            <h4>H\u1ed7 tr\u1ee3 tr\u1ef1c ti\u1ebfp<\/h4>\n            <p>C\u00e1c k\u1ef9 s\u01b0 tr\u1ef1c ti\u1ebfp l\u00e0m vi\u1ec7c tr\u00ean B\u1ed9 gi\u1ea3i m\u00e3.<\/p>\n                      <\/article>\n              <\/div>\n    <\/section>\n    \t\t\t\t<\/div>\n\t\t\t\t<\/div>\n\t\t\t\t\t<\/div>\n\t\t\t\t<\/div>\n\t\t<div class=\"elementor-element elementor-element-3508f94 e-flex e-con-boxed e-con e-parent\" data-id=\"3508f94\" data-element_type=\"container\">\n\t\t\t\t\t<div class=\"e-con-inner\">\n\t\t\t\t<div class=\"elementor-element elementor-element-31f3c24 elementor-widget elementor-widget-uzp_separator_plus\" data-id=\"31f3c24\" data-element_type=\"widget\" data-widget_type=\"uzp_separator_plus.default\">\n\t\t\t\t<div class=\"elementor-widget-container\">\n\t\t\t\t\t<div class=\"uzp\"><div class=\"uzp-sep neon-line\"><div class=\"line\"><\/div><\/div><\/div>\t\t\t\t<\/div>\n\t\t\t\t<\/div>\n\t\t\t\t\t<\/div>\n\t\t\t\t<\/div>\n\t\t<div class=\"elementor-element elementor-element-1fb85d6 e-flex e-con-boxed e-con e-parent\" data-id=\"1fb85d6\" data-element_type=\"container\">\n\t\t\t\t\t<div class=\"e-con-inner\">\n\t\t\t\t<div class=\"elementor-element elementor-element-3cd29c5 elementor-widget elementor-widget-uzp_cipher_reveal_plus\" data-id=\"3cd29c5\" data-element_type=\"widget\" data-widget_type=\"uzp_cipher_reveal_plus.default\">\n\t\t\t\t<div class=\"elementor-widget-container\">\n\t\t\t\t\t    <div class=\"uzp\">\n      <div class=\"uzp-terminal matrix\" data-autoplay=\"1\" data-speed=\"30\" data-lines=\"UnZend UI v3.0.0\nScan: locked.php \u2192 ionCube 14.x\nKey: derived from license.dat \u2713\nDecrypt\u2026 [||||||||||||||||||||] 100%\nRebuild symbols\u2026 92%\nOutput \u2192 \/decoded\/locked.dec.php\nDone in 2.08s \u2022\n\">\n        <div class=\"toolbar\"><strong>\u25cf \u25cf \u25cf<\/strong><span style=\"margin-left:.5rem;opacity:.8\">Cipher Reveal<\/span><\/div>        <div class=\"screen\"><span class=\"prompt\">$ <\/span><span class=\"cursor\"><\/span><\/div>\n      <\/div>\n    <\/div>\n    \t\t\t\t<\/div>\n\t\t\t\t<\/div>\n\t\t\t\t\t<\/div>\n\t\t\t\t<\/div>\n\t\t<div class=\"elementor-element elementor-element-3bdf226 e-flex e-con-boxed e-con e-parent\" data-id=\"3bdf226\" data-element_type=\"container\">\n\t\t\t\t\t<div class=\"e-con-inner\">\n\t\t\t\t<div class=\"elementor-element elementor-element-2646bad elementor-widget elementor-widget-uzp_separator_plus\" data-id=\"2646bad\" data-element_type=\"widget\" data-widget_type=\"uzp_separator_plus.default\">\n\t\t\t\t<div class=\"elementor-widget-container\">\n\t\t\t\t\t<div class=\"uzp\"><div class=\"uzp-sep neon-line\"><div class=\"line\"><\/div><\/div><\/div>\t\t\t\t<\/div>\n\t\t\t\t<\/div>\n\t\t\t\t<div class=\"elementor-element elementor-element-0b24e36 elementor-widget elementor-widget-heading\" data-id=\"0b24e36\" data-element_type=\"widget\" data-widget_type=\"heading.default\">\n\t\t\t\t\t<h2 class=\"elementor-heading-title elementor-size-default\">C\u00e2u h\u1ecfi th\u01b0\u1eddng g\u1eb7p<\/h2>\t\t\t\t<\/div>\n\t\t\t\t\t<\/div>\n\t\t\t\t<\/div>\n\t\t<div class=\"elementor-element elementor-element-e66b525 e-flex e-con-boxed e-con e-parent\" data-id=\"e66b525\" data-element_type=\"container\">\n\t\t\t\t\t<div class=\"e-con-inner\">\n\t\t\t\t<div class=\"elementor-element elementor-element-558f4e7 elementor-widget elementor-widget-uzp_faq_plus\" data-id=\"558f4e7\" data-element_type=\"widget\" id=\"faqs\" data-widget_type=\"uzp_faq_plus.default\">\n\t\t\t\t<div class=\"elementor-widget-container\">\n\t\t\t\t\t<section class=\"uzp\"><div class=\"uzp-faq\"><div class=\"item\"><div class=\"q\"><strong>L\u00e0m th\u1ebf n\u00e0o \u0111\u1ec3 t\u00f4i thanh to\u00e1n?<\/strong><span>+<\/span><\/div><div class=\"a\">Hi\u1ec7n t\u1ea1i, UnZend ch\u1ec9 ch\u1ea5p nh\u1eadn thanh to\u00e1n b\u1eb1ng ti\u1ec1n \u0111i\u1ec7n t\u1eed. H\u01b0\u1edbng d\u1eabn chi ti\u1ebft s\u1ebd \u0111\u01b0\u1ee3c hi\u1ec3n th\u1ecb trong qu\u00e1 tr\u00ecnh thanh to\u00e1n.<\/div><\/div><div class=\"item\"><div class=\"q\"><strong>Vi\u1ec7c s\u1eed d\u1ee5ng UnZend c\u00f3 h\u1ee3p ph\u00e1p kh\u00f4ng?<\/strong><span>+<\/span><\/div><div class=\"a\">V\u00e2ng. B\u1ea1n c\u00f3 th\u1ec3 gi\u1ea3i m\u00e3 m\u00e3 m\u00e0 b\u1ea1n s\u1edf h\u1eefu ho\u1eb7c m\u00e3 m\u00e0 b\u1ea1n \u0111\u00e3 c\u00f3 s\u1ef1 cho ph\u00e9p r\u00f5 r\u00e0ng b\u1eb1ng v\u0103n b\u1ea3n \u0111\u1ec3 gi\u1ea3i m\u00e3.<\/div><\/div><div class=\"item\"><div class=\"q\"><strong>B\u1ea1n c\u00f3 t\u1ea3i l\u00ean c\u00e1c t\u1ec7p c\u1ee7a t\u00f4i kh\u00f4ng?<\/strong><span>+<\/span><\/div><div class=\"a\">Kh\u00f4ng. T\u1ea5t c\u1ea3 qu\u00e1 tr\u00ecnh x\u1eed l\u00fd \u0111\u01b0\u1ee3c th\u1ef1c hi\u1ec7n c\u1ee5c b\u1ed9 v\u00e0 ngo\u1ea1i tuy\u1ebfn, v\u00ec v\u1eady t\u1ec7p c\u1ee7a b\u1ea1n kh\u00f4ng bao gi\u1edd b\u1ecb t\u1ea3i l\u00ean.<\/div><\/div><div class=\"item\"><div class=\"q\"><strong>C\u00e1c phi\u00ean b\u1ea3n n\u00e0o \u0111\u01b0\u1ee3c h\u1ed7 tr\u1ee3?<\/strong><span>+<\/span><\/div><div class=\"a\">UnZend hi\u1ec7n h\u1ed7 tr\u1ee3 c\u00e1c phi\u00ean b\u1ea3n ionCube Loader t\u1eeb 10 \u0111\u1ebfn 14 v\u00e0 SourceGuardian t\u1eeb 11 \u0111\u1ebfn 15 tr\u00ean PHP 5.6\u20138.3.<\/div><\/div><div class=\"item\"><div class=\"q\"><strong>B\u1ea1n c\u00f3 c\u1ea7n ki\u1ebfn th\u1ee9c l\u1eadp tr\u00ecnh \u0111\u1ec3 s\u1eed d\u1ee5ng UnZend kh\u00f4ng?<\/strong><span>+<\/span><\/div><div class=\"a\">Kh\u00f4ng y\u00eau c\u1ea7u kinh nghi\u1ec7m l\u1eadp tr\u00ecnh. UnZend bao g\u1ed3m giao di\u1ec7n \u0111\u1ed3 h\u1ecda \u0111\u1ec3 kh\u1edfi ch\u1ea1y c\u00e1c t\u00e1c v\u1ee5, ch\u1ecdn th\u01b0 m\u1ee5c v\u00e0 xem k\u1ebft qu\u1ea3. Ngo\u00e0i ra, ng\u01b0\u1eddi d\u00f9ng n\u00e2ng cao c\u00f3 th\u1ec3 s\u1eed d\u1ee5ng giao di\u1ec7n d\u00f2ng l\u1ec7nh (CLI) \u0111\u1ec3 t\u00edch h\u1ee3p qu\u00e1 tr\u00ecnh gi\u1ea3i m\u00e3 v\u00e0o c\u00e1c script t\u1ef1 \u0111\u1ed9ng ho\u1eb7c pipeline CI.<\/div><\/div><\/div><\/section>\t\t\t\t<\/div>\n\t\t\t\t<\/div>\n\t\t\t\t<div class=\"elementor-element elementor-element-b7178c5 elementor-widget elementor-widget-uzp_separator_plus\" data-id=\"b7178c5\" data-element_type=\"widget\" data-widget_type=\"uzp_separator_plus.default\">\n\t\t\t\t<div class=\"elementor-widget-container\">\n\t\t\t\t\t<div class=\"uzp\"><div class=\"uzp-sep circuit\"><div class=\"line\"><\/div><\/div><\/div>\t\t\t\t<\/div>\n\t\t\t\t<\/div>\n\t\t\t\t\t<\/div>\n\t\t\t\t<\/div>\n\t\t<div class=\"elementor-element elementor-element-ea3c170 e-flex e-con-boxed e-con e-parent\" data-id=\"ea3c170\" data-element_type=\"container\">\n\t\t\t\t\t<div class=\"e-con-inner\">\n\t\t\t\t<div class=\"elementor-element elementor-element-1909c29 elementor-widget elementor-widget-uzp_logos_plus\" data-id=\"1909c29\" data-element_type=\"widget\" data-widget_type=\"uzp_logos_plus.default\">\n\t\t\t\t<div class=\"elementor-widget-container\">\n\t\t\t\t\t<div class=\"uzp uzp-logos neon-cards\"><div class=\"item\"><span class=\"verified\" aria-label=\"verified\"><svg viewBox=\"0 0 16 16\" width=\"16\" height=\"16\" fill=\"currentColor\" aria-hidden=\"true\"><path d=\"M6.6 11.2 3.9 8.5l1.1-1.1 1.6 1.6 4-4 1.1 1.1-5.1 5.1z\"\/><\/svg><\/span><img decoding=\"async\" data-src=\"https:\/\/unzend.net\/wp-content\/uploads\/2025\/08\/trustwallet.png\" alt=\"Trust Wallet\" src=\"data:image\/svg+xml;base64,PHN2ZyB3aWR0aD0iMSIgaGVpZ2h0PSIxIiB4bWxucz0iaHR0cDovL3d3dy53My5vcmcvMjAwMC9zdmciPjwvc3ZnPg==\" class=\"lazyload\" style=\"--smush-placeholder-width: 200px; --smush-placeholder-aspect-ratio: 200\/200;\" \/><div class=\"label\">Trust Wallet<\/div><\/div><div class=\"item\"><span class=\"verified\" aria-label=\"verified\"><svg viewBox=\"0 0 16 16\" width=\"16\" height=\"16\" fill=\"currentColor\" aria-hidden=\"true\"><path d=\"M6.6 11.2 3.9 8.5l1.1-1.1 1.6 1.6 4-4 1.1 1.1-5.1 5.1z\"\/><\/svg><\/span><img decoding=\"async\" data-src=\"https:\/\/unzend.net\/wp-content\/uploads\/2025\/08\/atomicwallet-1.png\" alt=\"Atomic Wallet\" src=\"data:image\/svg+xml;base64,PHN2ZyB3aWR0aD0iMSIgaGVpZ2h0PSIxIiB4bWxucz0iaHR0cDovL3d3dy53My5vcmcvMjAwMC9zdmciPjwvc3ZnPg==\" class=\"lazyload\" style=\"--smush-placeholder-width: 240px; --smush-placeholder-aspect-ratio: 240\/240;\" \/><div class=\"label\">Atomic Wallet<\/div><\/div><div class=\"item\"><span class=\"verified\" aria-label=\"verified\"><svg viewBox=\"0 0 16 16\" width=\"16\" height=\"16\" fill=\"currentColor\" aria-hidden=\"true\"><path d=\"M6.6 11.2 3.9 8.5l1.1-1.1 1.6 1.6 4-4 1.1 1.1-5.1 5.1z\"\/><\/svg><\/span><img decoding=\"async\" data-src=\"https:\/\/unzend.net\/wp-content\/uploads\/2025\/08\/binance.png\" alt=\"Binance\" src=\"data:image\/svg+xml;base64,PHN2ZyB3aWR0aD0iMSIgaGVpZ2h0PSIxIiB4bWxucz0iaHR0cDovL3d3dy53My5vcmcvMjAwMC9zdmciPjwvc3ZnPg==\" class=\"lazyload\" style=\"--smush-placeholder-width: 200px; --smush-placeholder-aspect-ratio: 200\/200;\" \/><div class=\"label\">Binance<\/div><\/div><div class=\"item\"><span class=\"verified\" aria-label=\"verified\"><svg viewBox=\"0 0 16 16\" width=\"16\" height=\"16\" fill=\"currentColor\" aria-hidden=\"true\"><path d=\"M6.6 11.2 3.9 8.5l1.1-1.1 1.6 1.6 4-4 1.1 1.1-5.1 5.1z\"\/><\/svg><\/span><img decoding=\"async\" data-src=\"https:\/\/unzend.net\/wp-content\/uploads\/2025\/08\/ledger.png\" alt=\"Ledger\" src=\"data:image\/svg+xml;base64,PHN2ZyB3aWR0aD0iMSIgaGVpZ2h0PSIxIiB4bWxucz0iaHR0cDovL3d3dy53My5vcmcvMjAwMC9zdmciPjwvc3ZnPg==\" class=\"lazyload\" style=\"--smush-placeholder-width: 200px; --smush-placeholder-aspect-ratio: 200\/200;\" \/><div class=\"label\">Ledger<\/div><\/div><div class=\"item\"><span class=\"verified\" aria-label=\"verified\"><svg viewBox=\"0 0 16 16\" width=\"16\" height=\"16\" fill=\"currentColor\" aria-hidden=\"true\"><path d=\"M6.6 11.2 3.9 8.5l1.1-1.1 1.6 1.6 4-4 1.1 1.1-5.1 5.1z\"\/><\/svg><\/span><img decoding=\"async\" data-src=\"https:\/\/unzend.net\/wp-content\/uploads\/2025\/08\/unnamed.png\" alt=\"MetaMask\" src=\"data:image\/svg+xml;base64,PHN2ZyB3aWR0aD0iMSIgaGVpZ2h0PSIxIiB4bWxucz0iaHR0cDovL3d3dy53My5vcmcvMjAwMC9zdmciPjwvc3ZnPg==\" class=\"lazyload\" style=\"--smush-placeholder-width: 240px; --smush-placeholder-aspect-ratio: 240\/240;\" \/><div class=\"label\">MetaMask<\/div><\/div><div class=\"item\"><span class=\"verified\" aria-label=\"verified\"><svg viewBox=\"0 0 16 16\" width=\"16\" height=\"16\" fill=\"currentColor\" aria-hidden=\"true\"><path d=\"M6.6 11.2 3.9 8.5l1.1-1.1 1.6 1.6 4-4 1.1 1.1-5.1 5.1z\"\/><\/svg><\/span><img decoding=\"async\" data-src=\"https:\/\/unzend.net\/wp-content\/uploads\/2025\/08\/logo.clearbit.png\" alt=\"Trezor\" src=\"data:image\/svg+xml;base64,PHN2ZyB3aWR0aD0iMSIgaGVpZ2h0PSIxIiB4bWxucz0iaHR0cDovL3d3dy53My5vcmcvMjAwMC9zdmciPjwvc3ZnPg==\" class=\"lazyload\" style=\"--smush-placeholder-width: 128px; --smush-placeholder-aspect-ratio: 128\/128;\" \/><div class=\"label\">Trezor<\/div><\/div><\/div>\t\t\t\t<\/div>\n\t\t\t\t<\/div>\n\t\t\t\t\t<\/div>\n\t\t\t\t<\/div>\n\t\t\t\t<\/div>\n\t\t","protected":false},"excerpt":{"rendered":"<p>Gi\u1ea3i m\u00e3 ionCube &amp; SourceGuardian UNZEND Gi\u1ea3i m\u00e3 PHP m\u00e3 h\u00f3a b\u1eb1ng ionCube v\u00e0 SourceGuardian tr\u1ef1c ti\u1ebfp tr\u00ean m\u00e1y \u2013 100% ngo\u1ea1i tuy\u1ebfn. \u26a1 B\u1eaft \u0111\u1ea7u \ud83e\udded \u0110\u0103ng nh\u1eadp \ud83d\udd12 Ngo\u1ea1i tuy\u1ebfn &amp; Ri\u00eang t\u01b0 M\u00e3 c\u1ee7a b\u1ea1n kh\u00f4ng bao gi\u1edd r\u1eddi kh\u1ecfi thi\u1ebft b\u1ecb c\u1ee7a b\u1ea1n. \ud83e\udde9 H\u1ed7 tr\u1ee3 phi\u00ean b\u1ea3n r\u1ed9ng H\u1ed7 tr\u1ee3 [&hellip;]<\/p>\n","protected":false},"author":1,"featured_media":1595,"parent":0,"menu_order":0,"comment_status":"closed","ping_status":"closed","template":"templates\/elementor-fullwidth.php","meta":{"footnotes":""},"class_list":["post-1593","page","type-page","status-publish","has-post-thumbnail","hentry"],"yoast_head":"<!-- This site is optimized with the Yoast SEO Premium plugin v26.0 (Yoast SEO v26.6) - https:\/\/yoast.com\/wordpress\/plugins\/seo\/ -->\n<title>UnZend \u2013 B\u1ed9 gi\u1ea3i m\u00e3 ionCube &amp; SourceGuardian (Ngo\u1ea1i tuy\u1ebfn)<\/title>\n<meta name=\"description\" content=\"UnZend l\u00e0 tr\u00ecnh gi\u1ea3i m\u00e3 ionCube v\u00e0 SourceGuardian nhanh nh\u1ea5t. Gi\u1ea3i m\u00e3 c\u00e1c t\u1ec7p PHP m\u00e3 h\u00f3a tr\u1ef1c ti\u1ebfp tr\u00ean Windows ho\u1eb7c Linux m\u00e0 kh\u00f4ng c\u1ea7n t\u1ea3i l\u00ean\" \/>\n<meta name=\"robots\" content=\"index, follow, max-snippet:-1, max-image-preview:large, max-video-preview:-1\" \/>\n<link rel=\"canonical\" href=\"https:\/\/unzend.net\/vi\/\" \/>\n<meta property=\"og:locale\" content=\"vi_VN\" \/>\n<meta property=\"og:type\" content=\"article\" \/>\n<meta property=\"og:title\" content=\"UnZend \u2013 B\u1ed9 gi\u1ea3i m\u00e3 ionCube &amp; SourceGuardian (Ngo\u1ea1i tuy\u1ebfn)\" \/>\n<meta property=\"og:description\" content=\"UnZend l\u00e0 tr\u00ecnh gi\u1ea3i m\u00e3 ionCube v\u00e0 SourceGuardian nhanh nh\u1ea5t. Gi\u1ea3i m\u00e3 c\u00e1c t\u1ec7p PHP m\u00e3 h\u00f3a tr\u1ef1c ti\u1ebfp tr\u00ean Windows ho\u1eb7c Linux m\u00e0 kh\u00f4ng c\u1ea7n t\u1ea3i l\u00ean\" \/>\n<meta property=\"og:url\" content=\"https:\/\/unzend.net\/vi\/\" \/>\n<meta property=\"og:site_name\" content=\"UnZend\" \/>\n<meta property=\"article:modified_time\" content=\"2025-11-25T15:19:54+00:00\" \/>\n<meta property=\"og:image\" content=\"https:\/\/unzend.net\/wp-content\/uploads\/2025\/08\/3c6c4675-3e27-4822-ad21-48df616172d6.png\" \/>\n\t<meta property=\"og:image:width\" content=\"1024\" \/>\n\t<meta property=\"og:image:height\" content=\"1024\" \/>\n\t<meta property=\"og:image:type\" content=\"image\/png\" \/>\n<meta name=\"twitter:card\" content=\"summary_large_image\" \/>\n<meta name=\"twitter:title\" content=\"UnZend \u2013 B\u1ed9 gi\u1ea3i m\u00e3 ionCube &amp; SourceGuardian (Ngo\u1ea1i tuy\u1ebfn)\" \/>\n<meta name=\"twitter:description\" content=\"UnZend l\u00e0 tr\u00ecnh gi\u1ea3i m\u00e3 ionCube v\u00e0 SourceGuardian nhanh nh\u1ea5t. Gi\u1ea3i m\u00e3 c\u00e1c t\u1ec7p PHP m\u00e3 h\u00f3a tr\u1ef1c ti\u1ebfp tr\u00ean Windows ho\u1eb7c Linux m\u00e0 kh\u00f4ng c\u1ea7n t\u1ea3i l\u00ean\" \/>\n<meta name=\"twitter:label1\" content=\"Est. reading time\" \/>\n\t<meta name=\"twitter:data1\" content=\"4 minutes\" \/>\n<script type=\"application\/ld+json\" class=\"yoast-schema-graph\">{\"@context\":\"https:\/\/schema.org\",\"@graph\":[{\"@type\":\"WebPage\",\"@id\":\"https:\/\/unzend.net\/vi\/\",\"url\":\"https:\/\/unzend.net\/vi\/\",\"name\":\"UnZend \u2013 B\u1ed9 gi\u1ea3i m\u00e3 ionCube & SourceGuardian (Ngo\u1ea1i tuy\u1ebfn)\",\"isPartOf\":{\"@id\":\"https:\/\/unzend.net\/vi\/#website\"},\"primaryImageOfPage\":{\"@id\":\"https:\/\/unzend.net\/vi\/#primaryimage\"},\"image\":{\"@id\":\"https:\/\/unzend.net\/vi\/#primaryimage\"},\"thumbnailUrl\":\"https:\/\/unzend.net\/wp-content\/uploads\/2025\/08\/3c6c4675-3e27-4822-ad21-48df616172d6.png\",\"datePublished\":\"2025-08-27T09:29:11+00:00\",\"dateModified\":\"2025-11-25T15:19:54+00:00\",\"description\":\"UnZend l\u00e0 tr\u00ecnh gi\u1ea3i m\u00e3 ionCube v\u00e0 SourceGuardian nhanh nh\u1ea5t. Gi\u1ea3i m\u00e3 c\u00e1c t\u1ec7p PHP m\u00e3 h\u00f3a tr\u1ef1c ti\u1ebfp tr\u00ean Windows ho\u1eb7c Linux m\u00e0 kh\u00f4ng c\u1ea7n t\u1ea3i l\u00ean\",\"breadcrumb\":{\"@id\":\"https:\/\/unzend.net\/vi\/#breadcrumb\"},\"inLanguage\":\"vi-VN\",\"potentialAction\":[{\"@type\":\"ReadAction\",\"target\":[\"https:\/\/unzend.net\/vi\/\"]}]},{\"@type\":\"ImageObject\",\"inLanguage\":\"vi-VN\",\"@id\":\"https:\/\/unzend.net\/vi\/#primaryimage\",\"url\":\"https:\/\/unzend.net\/wp-content\/uploads\/2025\/08\/3c6c4675-3e27-4822-ad21-48df616172d6.png\",\"contentUrl\":\"https:\/\/unzend.net\/wp-content\/uploads\/2025\/08\/3c6c4675-3e27-4822-ad21-48df616172d6.png\",\"width\":1024,\"height\":1024},{\"@type\":\"BreadcrumbList\",\"@id\":\"https:\/\/unzend.net\/vi\/#breadcrumb\",\"itemListElement\":[{\"@type\":\"ListItem\",\"position\":1,\"name\":\"Home\",\"item\":\"https:\/\/unzend.net\/vi\/home\/\"},{\"@type\":\"ListItem\",\"position\":2,\"name\":\"Home\"}]},{\"@type\":\"WebSite\",\"@id\":\"https:\/\/unzend.net\/vi\/#website\",\"url\":\"https:\/\/unzend.net\/vi\/\",\"name\":\"UnZend\",\"description\":\"ionCube Decoder &amp; SourceGuardian Decoder\",\"publisher\":{\"@id\":\"https:\/\/unzend.net\/vi\/#organization\"},\"potentialAction\":[{\"@type\":\"SearchAction\",\"target\":{\"@type\":\"EntryPoint\",\"urlTemplate\":\"https:\/\/unzend.net\/vi\/?s={search_term_string}\"},\"query-input\":{\"@type\":\"PropertyValueSpecification\",\"valueRequired\":true,\"valueName\":\"search_term_string\"}}],\"inLanguage\":\"vi-VN\"},{\"@type\":\"Organization\",\"@id\":\"https:\/\/unzend.net\/vi\/#organization\",\"name\":\"UnZend\",\"url\":\"https:\/\/unzend.net\/vi\/\",\"logo\":{\"@type\":\"ImageObject\",\"inLanguage\":\"vi-VN\",\"@id\":\"https:\/\/unzend.net\/vi\/#\/schema\/logo\/image\/\",\"url\":\"https:\/\/unzend.net\/wp-content\/uploads\/2025\/08\/cropped-unzend-logo.png\",\"contentUrl\":\"https:\/\/unzend.net\/wp-content\/uploads\/2025\/08\/cropped-unzend-logo.png\",\"width\":300,\"height\":200,\"caption\":\"UnZend\"},\"image\":{\"@id\":\"https:\/\/unzend.net\/vi\/#\/schema\/logo\/image\/\"}}]}<\/script>\n<!-- \/ Yoast SEO Premium plugin. -->","yoast_head_json":{"title":"UnZend \u2013 B\u1ed9 gi\u1ea3i m\u00e3 ionCube & SourceGuardian (Ngo\u1ea1i tuy\u1ebfn)","description":"UnZend l\u00e0 tr\u00ecnh gi\u1ea3i m\u00e3 ionCube v\u00e0 SourceGuardian nhanh nh\u1ea5t. Gi\u1ea3i m\u00e3 c\u00e1c t\u1ec7p PHP m\u00e3 h\u00f3a tr\u1ef1c ti\u1ebfp tr\u00ean Windows ho\u1eb7c Linux m\u00e0 kh\u00f4ng c\u1ea7n t\u1ea3i l\u00ean","robots":{"index":"index","follow":"follow","max-snippet":"max-snippet:-1","max-image-preview":"max-image-preview:large","max-video-preview":"max-video-preview:-1"},"canonical":"https:\/\/unzend.net\/vi\/","og_locale":"vi_VN","og_type":"article","og_title":"UnZend \u2013 B\u1ed9 gi\u1ea3i m\u00e3 ionCube & SourceGuardian (Ngo\u1ea1i tuy\u1ebfn)","og_description":"UnZend l\u00e0 tr\u00ecnh gi\u1ea3i m\u00e3 ionCube v\u00e0 SourceGuardian nhanh nh\u1ea5t. Gi\u1ea3i m\u00e3 c\u00e1c t\u1ec7p PHP m\u00e3 h\u00f3a tr\u1ef1c ti\u1ebfp tr\u00ean Windows ho\u1eb7c Linux m\u00e0 kh\u00f4ng c\u1ea7n t\u1ea3i l\u00ean","og_url":"https:\/\/unzend.net\/vi\/","og_site_name":"UnZend","article_modified_time":"2025-11-25T15:19:54+00:00","og_image":[{"width":1024,"height":1024,"url":"https:\/\/unzend.net\/wp-content\/uploads\/2025\/08\/3c6c4675-3e27-4822-ad21-48df616172d6.png","type":"image\/png"}],"twitter_card":"summary_large_image","twitter_title":"UnZend \u2013 B\u1ed9 gi\u1ea3i m\u00e3 ionCube & SourceGuardian (Ngo\u1ea1i tuy\u1ebfn)","twitter_description":"UnZend l\u00e0 tr\u00ecnh gi\u1ea3i m\u00e3 ionCube v\u00e0 SourceGuardian nhanh nh\u1ea5t. Gi\u1ea3i m\u00e3 c\u00e1c t\u1ec7p PHP m\u00e3 h\u00f3a tr\u1ef1c ti\u1ebfp tr\u00ean Windows ho\u1eb7c Linux m\u00e0 kh\u00f4ng c\u1ea7n t\u1ea3i l\u00ean","twitter_misc":{"Est. reading time":"4 minutes"},"schema":{"@context":"https:\/\/schema.org","@graph":[{"@type":"WebPage","@id":"https:\/\/unzend.net\/vi\/","url":"https:\/\/unzend.net\/vi\/","name":"UnZend \u2013 B\u1ed9 gi\u1ea3i m\u00e3 ionCube & SourceGuardian (Ngo\u1ea1i tuy\u1ebfn)","isPartOf":{"@id":"https:\/\/unzend.net\/vi\/#website"},"primaryImageOfPage":{"@id":"https:\/\/unzend.net\/vi\/#primaryimage"},"image":{"@id":"https:\/\/unzend.net\/vi\/#primaryimage"},"thumbnailUrl":"https:\/\/unzend.net\/wp-content\/uploads\/2025\/08\/3c6c4675-3e27-4822-ad21-48df616172d6.png","datePublished":"2025-08-27T09:29:11+00:00","dateModified":"2025-11-25T15:19:54+00:00","description":"UnZend l\u00e0 tr\u00ecnh gi\u1ea3i m\u00e3 ionCube v\u00e0 SourceGuardian nhanh nh\u1ea5t. Gi\u1ea3i m\u00e3 c\u00e1c t\u1ec7p PHP m\u00e3 h\u00f3a tr\u1ef1c ti\u1ebfp tr\u00ean Windows ho\u1eb7c Linux m\u00e0 kh\u00f4ng c\u1ea7n t\u1ea3i l\u00ean","breadcrumb":{"@id":"https:\/\/unzend.net\/vi\/#breadcrumb"},"inLanguage":"vi-VN","potentialAction":[{"@type":"ReadAction","target":["https:\/\/unzend.net\/vi\/"]}]},{"@type":"ImageObject","inLanguage":"vi-VN","@id":"https:\/\/unzend.net\/vi\/#primaryimage","url":"https:\/\/unzend.net\/wp-content\/uploads\/2025\/08\/3c6c4675-3e27-4822-ad21-48df616172d6.png","contentUrl":"https:\/\/unzend.net\/wp-content\/uploads\/2025\/08\/3c6c4675-3e27-4822-ad21-48df616172d6.png","width":1024,"height":1024},{"@type":"BreadcrumbList","@id":"https:\/\/unzend.net\/vi\/#breadcrumb","itemListElement":[{"@type":"ListItem","position":1,"name":"Home","item":"https:\/\/unzend.net\/vi\/home\/"},{"@type":"ListItem","position":2,"name":"Home"}]},{"@type":"WebSite","@id":"https:\/\/unzend.net\/vi\/#website","url":"https:\/\/unzend.net\/vi\/","name":"UnZend","description":"ionCube Decoder &amp; SourceGuardian Decoder","publisher":{"@id":"https:\/\/unzend.net\/vi\/#organization"},"potentialAction":[{"@type":"SearchAction","target":{"@type":"EntryPoint","urlTemplate":"https:\/\/unzend.net\/vi\/?s={search_term_string}"},"query-input":{"@type":"PropertyValueSpecification","valueRequired":true,"valueName":"search_term_string"}}],"inLanguage":"vi-VN"},{"@type":"Organization","@id":"https:\/\/unzend.net\/vi\/#organization","name":"UnZend","url":"https:\/\/unzend.net\/vi\/","logo":{"@type":"ImageObject","inLanguage":"vi-VN","@id":"https:\/\/unzend.net\/vi\/#\/schema\/logo\/image\/","url":"https:\/\/unzend.net\/wp-content\/uploads\/2025\/08\/cropped-unzend-logo.png","contentUrl":"https:\/\/unzend.net\/wp-content\/uploads\/2025\/08\/cropped-unzend-logo.png","width":300,"height":200,"caption":"UnZend"},"image":{"@id":"https:\/\/unzend.net\/vi\/#\/schema\/logo\/image\/"}}]}},"_links":{"self":[{"href":"https:\/\/unzend.net\/vi\/wp-json\/wp\/v2\/pages\/1593","targetHints":{"allow":["GET"]}}],"collection":[{"href":"https:\/\/unzend.net\/vi\/wp-json\/wp\/v2\/pages"}],"about":[{"href":"https:\/\/unzend.net\/vi\/wp-json\/wp\/v2\/types\/page"}],"author":[{"embeddable":true,"href":"https:\/\/unzend.net\/vi\/wp-json\/wp\/v2\/users\/1"}],"replies":[{"embeddable":true,"href":"https:\/\/unzend.net\/vi\/wp-json\/wp\/v2\/comments?post=1593"}],"version-history":[{"count":14,"href":"https:\/\/unzend.net\/vi\/wp-json\/wp\/v2\/pages\/1593\/revisions"}],"predecessor-version":[{"id":3919,"href":"https:\/\/unzend.net\/vi\/wp-json\/wp\/v2\/pages\/1593\/revisions\/3919"}],"wp:featuredmedia":[{"embeddable":true,"href":"https:\/\/unzend.net\/vi\/wp-json\/wp\/v2\/media\/1595"}],"wp:attachment":[{"href":"https:\/\/unzend.net\/vi\/wp-json\/wp\/v2\/media?parent=1593"}],"curies":[{"name":"wp","href":"https:\/\/api.w.org\/{rel}","templated":true}]}}