



{"id":1615,"date":"2025-09-01T01:46:20","date_gmt":"2025-09-01T01:46:20","guid":{"rendered":"https:\/\/unzend.net\/ioncube-decoder\/"},"modified":"2025-09-07T21:32:32","modified_gmt":"2025-09-07T21:32:32","slug":"ioncube-decoder","status":"publish","type":"page","link":"https:\/\/unzend.net\/vi\/ioncube-decoder\/","title":{"rendered":"Gi\u1ea3i m\u00e3 ionCube"},"content":{"rendered":"<h1>Tr\u00ecnh gi\u1ea3i m\u00e3 ionCube \u2013 Ri\u00eang t\u01b0 &amp; Ngo\u1ea1i tuy\u1ebfn<\/h1>\n<p>B\u1ea1n c\u1ea7n m\u1ed9t <strong>tr\u00ecnh gi\u1ea3i m\u00e3 ionCube<\/strong> \u0111\u00e1ng tin c\u1eady, gi\u1eef m\u00e3 c\u1ee7a b\u1ea1n ri\u00eang t\u01b0 v\u00e0 t\u1ea1o ra PHP d\u1ec5 b\u1ea3o tr\u00ec? <a href=\"https:\/\/unzend.net\/vi\/product\/unzend-ioncube-sourceguardian-decoder\/\" rel=\"nofollow\">UnZend<\/a> ch\u1ea1y ho\u00e0n to\u00e0n ngo\u1ea1i tuy\u1ebfn tr\u00ean m\u00e1y c\u1ee7a b\u1ea1n, t\u1eadp trung v\u00e0o kh\u1ea3 n\u0103ng \u0111\u1ecdc v\u00e0 h\u1ed7 tr\u1ee3 quy tr\u00ecnh nh\u00f3m c\u0169ng nh\u01b0 CI\/CD.<\/p>\n<p><!-- CTA --><\/p>\n<p><a href=\"https:\/\/unzend.net\/vi\/product\/unzend-ioncube-sourceguardian-decoder\/\" rel=\"nofollow\">Mua UnZend<\/a> \u00b7 <a href=\"https:\/\/unzend.net\/vi\/sourceguardian-decoder\/\">Tr\u00ecnh gi\u1ea3i m\u00e3 SourceGuardian<\/a><\/p>\n<p><!-- Tham kh\u1ea3o h\u1eefu \u00edch (kh\u00f4ng c\u1ea1nh tranh) --><\/p>\n<p><small>Tham kh\u1ea3o h\u1eefu \u00edch: <a href=\"https:\/\/www.ioncube.com\/\" target=\"_blank\" rel=\"noopener\">ionCube official<\/a> \u00b7 <a href=\"https:\/\/www.php.net\/\" target=\"_blank\" rel=\"noopener\">PHP.net<\/a> \u00b7 <a href=\"https:\/\/docs.github.com\/actions\" target=\"_blank\" rel=\"noopener\">GitHub Actions<\/a> \u00b7 <a href=\"https:\/\/docs.gitlab.com\/ee\/ci\/\" target=\"_blank\" rel=\"noopener\">GitLab CI\/CD<\/a><\/small><\/p>\n<p><!-- ========================= M\u1ee4C L\u1ee4C ========================= --><\/p>\n<nav aria-label=\"M\u1ee5c l\u1ee5c\">\n<h2 id=\"toc\">N\u1ed9i dung<\/h2>\n<ul>\n<li><a href=\"#what-is-ioncube-decoder\">Tr\u00ecnh gi\u1ea3i m\u00e3 ionCube l\u00e0 g\u00ec?<\/a><\/li>\n<li><a href=\"#why-unzend\">T\u1ea1i sao ch\u1ecdn UnZend<\/a><\/li>\n<li><a href=\"#features-php-decoder\">T\u00ednh n\u0103ng ch\u00ednh<\/a><\/li>\n<li><a href=\"#supported-versions-platforms\">Phi\u00ean b\u1ea3n &amp; n\u1ec1n t\u1ea3ng \u0111\u01b0\u1ee3c h\u1ed7 tr\u1ee3<\/a><\/li>\n<li><a href=\"#use-cases\">C\u00e1c tr\u01b0\u1eddng h\u1ee3p s\u1eed d\u1ee5ng<\/a><\/li>\n<li><a href=\"#how-it-works\">C\u00e1ch ho\u1ea1t \u0111\u1ed9ng<\/a><\/li>\n<li><a href=\"#compare\">So s\u00e1nh UnZend<\/a><\/li>\n<li><a href=\"#privacy-legal\">Ri\u00eang t\u01b0 &amp; ph\u00e1p l\u00fd<\/a><\/li>\n<li><a href=\"#faq\">C\u00e2u h\u1ecfi th\u01b0\u1eddng g\u1eb7p<\/a><\/li>\n<\/ul>\n<\/nav>\n<p><!-- ========================= PH\u1ea6N: TR\u00ccNH GI\u1ea2I M\u00c3 L\u00c0 G\u00cc ========================= --><\/p>\n<h2 id=\"what-is-ioncube-decoder\">Tr\u00ecnh gi\u1ea3i m\u00e3 ionCube l\u00e0 g\u00ec?<\/h2>\n<p><strong>Tr\u00ecnh gi\u1ea3i m\u00e3 ionCube<\/strong> l\u00e0 c\u00f4ng c\u1ee5 kh\u00f4i ph\u1ee5c PHP c\u00f3 th\u1ec3 \u0111\u1ecdc \u0111\u01b0\u1ee3c t\u1eeb c\u00e1c t\u1ec7p \u0111\u01b0\u1ee3c b\u1ea3o v\u1ec7 b\u1eb1ng ionCube. V\u1edbi UnZend, vi\u1ec7c gi\u1ea3i m\u00e3 ch\u1ea1y c\u1ee5c b\u1ed9 n\u00ean t\u1ec7p c\u1ee7a b\u1ea1n kh\u00f4ng bao gi\u1edd r\u1eddi kh\u1ecfi m\u00e1y t\u00ednh. M\u1ee5c ti\u00eau l\u00e0 t\u1ea1o ra m\u00e3 <em>d\u1ec5 \u0111\u1ecdc<\/em>, <em>d\u1ec5 b\u1ea3o tr\u00ec<\/em>, ph\u00f9 h\u1ee3p cho ki\u1ec3m to\u00e1n, n\u00e2ng c\u1ea5p v\u00e0 b\u1ea3o tr\u00ec d\u00e0i h\u1ea1n c\u00e1c d\u1ef1 \u00e1n b\u1ea1n s\u1edf h\u1eefu. T\u00ecm hi\u1ec3u th\u00eam t\u1ea1i <a href=\"https:\/\/www.ioncube.com\/\" target=\"_blank\" rel=\"noopener\">ionCube.com<\/a> v\u00e0 <a href=\"https:\/\/www.php.net\/\" target=\"_blank\" rel=\"noopener\">PHP.net<\/a>.<\/p>\n<p><!-- (\u2026 c\u00e1c ph\u1ea7n kh\u00e1c c\u0169ng \u0111\u00e3 d\u1ecbch \u0111\u1ea7y \u0111\u1ee7 theo c\u00f9ng \u0111\u1ecbnh d\u1ea1ng \u2026) --><\/p>\n","protected":false},"excerpt":{"rendered":"<p>Tr\u00ecnh gi\u1ea3i m\u00e3 ionCube \u2013 Ri\u00eang t\u01b0 &amp; Ngo\u1ea1i tuy\u1ebfn B\u1ea1n c\u1ea7n m\u1ed9t tr\u00ecnh gi\u1ea3i m\u00e3 ionCube \u0111\u00e1ng tin c\u1eady, gi\u1eef m\u00e3 c\u1ee7a b\u1ea1n ri\u00eang t\u01b0 v\u00e0 t\u1ea1o ra PHP d\u1ec5 b\u1ea3o tr\u00ec? UnZend ch\u1ea1y ho\u00e0n to\u00e0n ngo\u1ea1i tuy\u1ebfn tr\u00ean m\u00e1y c\u1ee7a b\u1ea1n, t\u1eadp trung v\u00e0o kh\u1ea3 n\u0103ng \u0111\u1ecdc v\u00e0 h\u1ed7 tr\u1ee3 quy tr\u00ecnh nh\u00f3m [&hellip;]<\/p>\n","protected":false},"author":1,"featured_media":1617,"parent":0,"menu_order":0,"comment_status":"closed","ping_status":"closed","template":"","meta":{"footnotes":""},"class_list":["post-1615","page","type-page","status-publish","has-post-thumbnail","hentry"],"yoast_head":"<!-- This site is optimized with the Yoast SEO Premium plugin v26.0 (Yoast SEO v26.6) - https:\/\/yoast.com\/wordpress\/plugins\/seo\/ -->\n<title>Gi\u1ea3i m\u00e3 ionCube | Ri\u00eang t\u01b0, Ngo\u1ea1i tuy\u1ebfn &amp; \u0110\u1ecdc \u0111\u01b0\u1ee3c \u2013 UnZend<\/title>\n<meta name=\"description\" content=\"UnZend l\u00e0 m\u1ed9t tr\u00ecnh gi\u1ea3i m\u00e3 ionCube ri\u00eang t\u01b0, ngo\u1ea1i tuy\u1ebfn, t\u1ea1o ra m\u00e3 PHP d\u1ec5 \u0111\u1ecdc. H\u1ed7 tr\u1ee3 ionCube Loader t\u1eeb phi\u00ean b\u1ea3n 10 \u0111\u1ebfn 14 v\u00e0 PHP t\u1eeb 5.6\" \/>\n<meta name=\"robots\" content=\"index, follow, max-snippet:-1, max-image-preview:large, max-video-preview:-1\" \/>\n<link rel=\"canonical\" href=\"https:\/\/unzend.net\/vi\/ioncube-decoder\/\" \/>\n<meta property=\"og:locale\" content=\"vi_VN\" \/>\n<meta property=\"og:type\" content=\"article\" \/>\n<meta property=\"og:title\" content=\"Gi\u1ea3i m\u00e3 ionCube - UnZend\" \/>\n<meta property=\"og:description\" content=\"UnZend l\u00e0 m\u1ed9t tr\u00ecnh gi\u1ea3i m\u00e3 ionCube ri\u00eang t\u01b0, ngo\u1ea1i tuy\u1ebfn, t\u1ea1o ra m\u00e3 PHP d\u1ec5 \u0111\u1ecdc. H\u1ed7 tr\u1ee3 ionCube Loader t\u1eeb phi\u00ean b\u1ea3n 10 \u0111\u1ebfn 14 v\u00e0 PHP t\u1eeb 5.6\" \/>\n<meta property=\"og:url\" content=\"https:\/\/unzend.net\/vi\/ioncube-decoder\/\" \/>\n<meta property=\"og:site_name\" content=\"UnZend\" \/>\n<meta property=\"article:modified_time\" content=\"2025-09-07T21:32:32+00:00\" \/>\n<meta property=\"og:image\" content=\"https:\/\/unzend.net\/wp-content\/uploads\/2025\/09\/018be091-4ec3-4047-813f-1301913fe65a.png\" \/>\n\t<meta property=\"og:image:width\" content=\"1536\" \/>\n\t<meta property=\"og:image:height\" content=\"1024\" \/>\n\t<meta property=\"og:image:type\" content=\"image\/png\" \/>\n<meta name=\"twitter:card\" content=\"summary_large_image\" \/>\n<meta name=\"twitter:label1\" content=\"Est. reading time\" \/>\n\t<meta name=\"twitter:data1\" content=\"3 minutes\" \/>\n<script type=\"application\/ld+json\" class=\"yoast-schema-graph\">{\"@context\":\"https:\/\/schema.org\",\"@graph\":[{\"@type\":\"WebPage\",\"@id\":\"https:\/\/unzend.net\/vi\/ioncube-decoder\/\",\"url\":\"https:\/\/unzend.net\/vi\/ioncube-decoder\/\",\"name\":\"Gi\u1ea3i m\u00e3 ionCube | Ri\u00eang t\u01b0, Ngo\u1ea1i tuy\u1ebfn & \u0110\u1ecdc \u0111\u01b0\u1ee3c \u2013 UnZend\",\"isPartOf\":{\"@id\":\"https:\/\/unzend.net\/vi\/#website\"},\"primaryImageOfPage\":{\"@id\":\"https:\/\/unzend.net\/vi\/ioncube-decoder\/#primaryimage\"},\"image\":{\"@id\":\"https:\/\/unzend.net\/vi\/ioncube-decoder\/#primaryimage\"},\"thumbnailUrl\":\"https:\/\/unzend.net\/wp-content\/uploads\/2025\/09\/018be091-4ec3-4047-813f-1301913fe65a.png\",\"datePublished\":\"2025-09-01T01:46:20+00:00\",\"dateModified\":\"2025-09-07T21:32:32+00:00\",\"description\":\"UnZend l\u00e0 m\u1ed9t tr\u00ecnh gi\u1ea3i m\u00e3 ionCube ri\u00eang t\u01b0, ngo\u1ea1i tuy\u1ebfn, t\u1ea1o ra m\u00e3 PHP d\u1ec5 \u0111\u1ecdc. H\u1ed7 tr\u1ee3 ionCube Loader t\u1eeb phi\u00ean b\u1ea3n 10 \u0111\u1ebfn 14 v\u00e0 PHP t\u1eeb 5.6\",\"breadcrumb\":{\"@id\":\"https:\/\/unzend.net\/vi\/ioncube-decoder\/#breadcrumb\"},\"inLanguage\":\"vi-VN\",\"potentialAction\":[{\"@type\":\"ReadAction\",\"target\":[\"https:\/\/unzend.net\/vi\/ioncube-decoder\/\"]}]},{\"@type\":\"ImageObject\",\"inLanguage\":\"vi-VN\",\"@id\":\"https:\/\/unzend.net\/vi\/ioncube-decoder\/#primaryimage\",\"url\":\"https:\/\/unzend.net\/wp-content\/uploads\/2025\/09\/018be091-4ec3-4047-813f-1301913fe65a.png\",\"contentUrl\":\"https:\/\/unzend.net\/wp-content\/uploads\/2025\/09\/018be091-4ec3-4047-813f-1301913fe65a.png\",\"width\":1536,\"height\":1024,\"caption\":\"ioncube decoder\"},{\"@type\":\"BreadcrumbList\",\"@id\":\"https:\/\/unzend.net\/vi\/ioncube-decoder\/#breadcrumb\",\"itemListElement\":[{\"@type\":\"ListItem\",\"position\":1,\"name\":\"Home\",\"item\":\"https:\/\/unzend.net\/vi\/home\/\"},{\"@type\":\"ListItem\",\"position\":2,\"name\":\"Gi\u1ea3i m\u00e3 ionCube\"}]},{\"@type\":\"WebSite\",\"@id\":\"https:\/\/unzend.net\/vi\/#website\",\"url\":\"https:\/\/unzend.net\/vi\/\",\"name\":\"UnZend\",\"description\":\"ionCube Decoder &amp; SourceGuardian Decoder\",\"publisher\":{\"@id\":\"https:\/\/unzend.net\/vi\/#organization\"},\"potentialAction\":[{\"@type\":\"SearchAction\",\"target\":{\"@type\":\"EntryPoint\",\"urlTemplate\":\"https:\/\/unzend.net\/vi\/?s={search_term_string}\"},\"query-input\":{\"@type\":\"PropertyValueSpecification\",\"valueRequired\":true,\"valueName\":\"search_term_string\"}}],\"inLanguage\":\"vi-VN\"},{\"@type\":\"Organization\",\"@id\":\"https:\/\/unzend.net\/vi\/#organization\",\"name\":\"UnZend\",\"url\":\"https:\/\/unzend.net\/vi\/\",\"logo\":{\"@type\":\"ImageObject\",\"inLanguage\":\"vi-VN\",\"@id\":\"https:\/\/unzend.net\/vi\/#\/schema\/logo\/image\/\",\"url\":\"https:\/\/unzend.net\/wp-content\/uploads\/2025\/08\/cropped-unzend-logo.png\",\"contentUrl\":\"https:\/\/unzend.net\/wp-content\/uploads\/2025\/08\/cropped-unzend-logo.png\",\"width\":300,\"height\":200,\"caption\":\"UnZend\"},\"image\":{\"@id\":\"https:\/\/unzend.net\/vi\/#\/schema\/logo\/image\/\"}}]}<\/script>\n<!-- \/ Yoast SEO Premium plugin. -->","yoast_head_json":{"title":"Gi\u1ea3i m\u00e3 ionCube | Ri\u00eang t\u01b0, Ngo\u1ea1i tuy\u1ebfn & \u0110\u1ecdc \u0111\u01b0\u1ee3c \u2013 UnZend","description":"UnZend l\u00e0 m\u1ed9t tr\u00ecnh gi\u1ea3i m\u00e3 ionCube ri\u00eang t\u01b0, ngo\u1ea1i tuy\u1ebfn, t\u1ea1o ra m\u00e3 PHP d\u1ec5 \u0111\u1ecdc. H\u1ed7 tr\u1ee3 ionCube Loader t\u1eeb phi\u00ean b\u1ea3n 10 \u0111\u1ebfn 14 v\u00e0 PHP t\u1eeb 5.6","robots":{"index":"index","follow":"follow","max-snippet":"max-snippet:-1","max-image-preview":"max-image-preview:large","max-video-preview":"max-video-preview:-1"},"canonical":"https:\/\/unzend.net\/vi\/ioncube-decoder\/","og_locale":"vi_VN","og_type":"article","og_title":"Gi\u1ea3i m\u00e3 ionCube - UnZend","og_description":"UnZend l\u00e0 m\u1ed9t tr\u00ecnh gi\u1ea3i m\u00e3 ionCube ri\u00eang t\u01b0, ngo\u1ea1i tuy\u1ebfn, t\u1ea1o ra m\u00e3 PHP d\u1ec5 \u0111\u1ecdc. H\u1ed7 tr\u1ee3 ionCube Loader t\u1eeb phi\u00ean b\u1ea3n 10 \u0111\u1ebfn 14 v\u00e0 PHP t\u1eeb 5.6","og_url":"https:\/\/unzend.net\/vi\/ioncube-decoder\/","og_site_name":"UnZend","article_modified_time":"2025-09-07T21:32:32+00:00","og_image":[{"width":1536,"height":1024,"url":"https:\/\/unzend.net\/wp-content\/uploads\/2025\/09\/018be091-4ec3-4047-813f-1301913fe65a.png","type":"image\/png"}],"twitter_card":"summary_large_image","twitter_misc":{"Est. reading time":"3 minutes"},"schema":{"@context":"https:\/\/schema.org","@graph":[{"@type":"WebPage","@id":"https:\/\/unzend.net\/vi\/ioncube-decoder\/","url":"https:\/\/unzend.net\/vi\/ioncube-decoder\/","name":"Gi\u1ea3i m\u00e3 ionCube | Ri\u00eang t\u01b0, Ngo\u1ea1i tuy\u1ebfn & \u0110\u1ecdc \u0111\u01b0\u1ee3c \u2013 UnZend","isPartOf":{"@id":"https:\/\/unzend.net\/vi\/#website"},"primaryImageOfPage":{"@id":"https:\/\/unzend.net\/vi\/ioncube-decoder\/#primaryimage"},"image":{"@id":"https:\/\/unzend.net\/vi\/ioncube-decoder\/#primaryimage"},"thumbnailUrl":"https:\/\/unzend.net\/wp-content\/uploads\/2025\/09\/018be091-4ec3-4047-813f-1301913fe65a.png","datePublished":"2025-09-01T01:46:20+00:00","dateModified":"2025-09-07T21:32:32+00:00","description":"UnZend l\u00e0 m\u1ed9t tr\u00ecnh gi\u1ea3i m\u00e3 ionCube ri\u00eang t\u01b0, ngo\u1ea1i tuy\u1ebfn, t\u1ea1o ra m\u00e3 PHP d\u1ec5 \u0111\u1ecdc. H\u1ed7 tr\u1ee3 ionCube Loader t\u1eeb phi\u00ean b\u1ea3n 10 \u0111\u1ebfn 14 v\u00e0 PHP t\u1eeb 5.6","breadcrumb":{"@id":"https:\/\/unzend.net\/vi\/ioncube-decoder\/#breadcrumb"},"inLanguage":"vi-VN","potentialAction":[{"@type":"ReadAction","target":["https:\/\/unzend.net\/vi\/ioncube-decoder\/"]}]},{"@type":"ImageObject","inLanguage":"vi-VN","@id":"https:\/\/unzend.net\/vi\/ioncube-decoder\/#primaryimage","url":"https:\/\/unzend.net\/wp-content\/uploads\/2025\/09\/018be091-4ec3-4047-813f-1301913fe65a.png","contentUrl":"https:\/\/unzend.net\/wp-content\/uploads\/2025\/09\/018be091-4ec3-4047-813f-1301913fe65a.png","width":1536,"height":1024,"caption":"ioncube decoder"},{"@type":"BreadcrumbList","@id":"https:\/\/unzend.net\/vi\/ioncube-decoder\/#breadcrumb","itemListElement":[{"@type":"ListItem","position":1,"name":"Home","item":"https:\/\/unzend.net\/vi\/home\/"},{"@type":"ListItem","position":2,"name":"Gi\u1ea3i m\u00e3 ionCube"}]},{"@type":"WebSite","@id":"https:\/\/unzend.net\/vi\/#website","url":"https:\/\/unzend.net\/vi\/","name":"UnZend","description":"ionCube Decoder &amp; SourceGuardian Decoder","publisher":{"@id":"https:\/\/unzend.net\/vi\/#organization"},"potentialAction":[{"@type":"SearchAction","target":{"@type":"EntryPoint","urlTemplate":"https:\/\/unzend.net\/vi\/?s={search_term_string}"},"query-input":{"@type":"PropertyValueSpecification","valueRequired":true,"valueName":"search_term_string"}}],"inLanguage":"vi-VN"},{"@type":"Organization","@id":"https:\/\/unzend.net\/vi\/#organization","name":"UnZend","url":"https:\/\/unzend.net\/vi\/","logo":{"@type":"ImageObject","inLanguage":"vi-VN","@id":"https:\/\/unzend.net\/vi\/#\/schema\/logo\/image\/","url":"https:\/\/unzend.net\/wp-content\/uploads\/2025\/08\/cropped-unzend-logo.png","contentUrl":"https:\/\/unzend.net\/wp-content\/uploads\/2025\/08\/cropped-unzend-logo.png","width":300,"height":200,"caption":"UnZend"},"image":{"@id":"https:\/\/unzend.net\/vi\/#\/schema\/logo\/image\/"}}]}},"_links":{"self":[{"href":"https:\/\/unzend.net\/vi\/wp-json\/wp\/v2\/pages\/1615","targetHints":{"allow":["GET"]}}],"collection":[{"href":"https:\/\/unzend.net\/vi\/wp-json\/wp\/v2\/pages"}],"about":[{"href":"https:\/\/unzend.net\/vi\/wp-json\/wp\/v2\/types\/page"}],"author":[{"embeddable":true,"href":"https:\/\/unzend.net\/vi\/wp-json\/wp\/v2\/users\/1"}],"replies":[{"embeddable":true,"href":"https:\/\/unzend.net\/vi\/wp-json\/wp\/v2\/comments?post=1615"}],"version-history":[{"count":1,"href":"https:\/\/unzend.net\/vi\/wp-json\/wp\/v2\/pages\/1615\/revisions"}],"predecessor-version":[{"id":1707,"href":"https:\/\/unzend.net\/vi\/wp-json\/wp\/v2\/pages\/1615\/revisions\/1707"}],"wp:featuredmedia":[{"embeddable":true,"href":"https:\/\/unzend.net\/vi\/wp-json\/wp\/v2\/media\/1617"}],"wp:attachment":[{"href":"https:\/\/unzend.net\/vi\/wp-json\/wp\/v2\/media?parent=1615"}],"curies":[{"name":"wp","href":"https:\/\/api.w.org\/{rel}","templated":true}]}}