



{"id":1620,"date":"2025-08-29T16:26:35","date_gmt":"2025-08-29T16:26:35","guid":{"rendered":"https:\/\/unzend.net\/pricing\/"},"modified":"2025-10-12T14:34:30","modified_gmt":"2025-10-12T14:34:30","slug":"pricing","status":"publish","type":"page","link":"https:\/\/unzend.net\/vi\/pricing\/","title":{"rendered":"B\u1ea3ng gi\u00e1"},"content":{"rendered":"\t\t<div data-elementor-type=\"wp-page\" data-elementor-id=\"1620\" class=\"elementor elementor-1620 elementor-479\">\n\t\t\t\t<div class=\"elementor-element elementor-element-9d88764 e-grid e-con-boxed e-con e-parent\" data-id=\"9d88764\" data-element_type=\"container\">\n\t\t\t\t\t<div class=\"e-con-inner\">\n\t\t\t\t<div class=\"elementor-element elementor-element-f080983 elementor-widget elementor-widget-heading\" data-id=\"f080983\" data-element_type=\"widget\" data-widget_type=\"heading.default\">\n\t\t\t\t\t<h2 class=\"elementor-heading-title elementor-size-default\">Ch\u1ecdn G\u00f3i Ph\u00f9 H\u1ee3p V\u1edbi B\u1ea1n<\/h2>\t\t\t\t<\/div>\n\t\t\t\t<div class=\"elementor-element elementor-element-2194a3b elementor-widget elementor-widget-text-editor\" data-id=\"2194a3b\" data-element_type=\"widget\" data-widget_type=\"text-editor.default\">\n\t\t\t\t\t\t\t\t\t<p>T\u00ecm gi\u1ea5y ph\u00e9p UnZend ho\u00e0n h\u1ea3o cho quy tr\u00ecnh l\u00e0m vi\u1ec7c c\u1ee7a b\u1ea1n. D\u00f9 b\u1ea1n l\u00e0 nh\u00e0 ph\u00e1t tri\u1ec3n \u0111\u1ed9c l\u1eadp hay m\u1ed9t nh\u00f3m doanh nghi\u1ec7p, c\u00e1c g\u00f3i c\u1ee7a ch\u00fang t\u00f4i \u0111\u1ec1u \u0111\u01b0\u1ee3c thi\u1ebft k\u1ebf ph\u00f9 h\u1ee3p v\u1edbi nhu c\u1ea7u c\u1ee7a b\u1ea1n.<\/p>\t\t\t\t\t\t\t\t<\/div>\n\t\t\t\t\t<\/div>\n\t\t\t\t<\/div>\n\t\t<div class=\"elementor-element elementor-element-0396fe1 e-flex e-con-boxed e-con e-parent\" data-id=\"0396fe1\" data-element_type=\"container\">\n\t\t\t\t\t<div class=\"e-con-inner\">\n\t\t\t\t<div class=\"elementor-element elementor-element-3e3cbc1 elementor-widget elementor-widget-uzp_pricing_plus\" data-id=\"3e3cbc1\" data-element_type=\"widget\" data-widget_type=\"uzp_pricing_plus.default\">\n\t\t\t\t<div class=\"elementor-widget-container\">\n\t\t\t\t\t    <section class=\"unzend-plus uzp-pricing\">\n      <div class=\"grid\">\n                  <div class=\"pr-card\">\n                          <span class=\"badge\">C\u01a1 b\u1ea3n<\/span>\n            \n            <h4 class=\"section-title\" style=\"margin-bottom:8px\">Standard<\/h4>\n\n            <div class=\"price\" aria-label=\"$168\">\n              <span class=\"cur\">$<\/span>              <span class=\"amt\">168<\/span>\n                          <\/div>\n\n                          <ul class=\"features\">\n                                  <li>D\u00e0nh cho Freelancer<\/li>\n                                  <li>1 Thi\u1ebft b\u1ecb<\/li>\n                                  <li>C\u1eadp nh\u1eadt trong 6 th\u00e1ng<\/li>\n                                  <li>Gi\u1edbi h\u1ea1n l\u00f4 h\u00e0ng (t\u1ed1i \u0111a 200 t\u1ec7p\/l\u1ea7n ch\u1ea1y)<\/li>\n                                  <li>H\u1ed7 tr\u1ee3 ti\u00eau chu\u1ea9n<\/li>\n                              <\/ul>\n            \n                          <div class=\"crypto-logos\">\n                <span class=\"coin c-btc\"><svg xmlns='http:\/\/www.w3.org\/2000\/svg' viewBox='0 0 64 64'><circle cx='32' cy='32' r='30' fill='#f7931a'\/><text x='32' y='40' font-size='28' text-anchor='middle' fill='#fff' font-family='Arial'>\u20bf<\/text><\/svg><span class=\"label\">BTC<\/span><\/span><span class=\"coin c-eth\"><svg xmlns='http:\/\/www.w3.org\/2000\/svg' viewBox='0 0 64 64'><circle cx='32' cy='32' r='30' fill='#627eea'\/><path d='M32 10L20 32l12-8 12 8-12-22zm0 44l12-18-12 8-12-8 12 18z' fill='#fff'\/><\/svg><span class=\"label\">ETH<\/span><\/span><span class=\"coin c-usdt\"><svg xmlns='http:\/\/www.w3.org\/2000\/svg' viewBox='0 0 64 64'><circle cx='32' cy='32' r='30' fill='#26a17b'\/><text x='32' y='40' font-size='26' text-anchor='middle' fill='#fff' font-family='Arial'>T<\/text><\/svg><span class=\"label\">USDT<\/span><\/span>              <\/div>\n            \n            <a class=\"uz-btn uz-btn--primary\" href=\"\/vi\/product\/unzend-ioncube-sourceguardian-decoder\/?attribute_pa_model=standard\">\n              Ch\u1ecdn            <\/a>\n          <\/div>\n                  <div class=\"pr-card highlight\">\n                          <span class=\"badge\">Ph\u1ed5 bi\u1ebfn<\/span>\n            \n            <h4 class=\"section-title\" style=\"margin-bottom:8px\">Pro<\/h4>\n\n            <div class=\"price\" aria-label=\"$299\">\n              <span class=\"cur\">$<\/span>              <span class=\"amt\">299<\/span>\n                          <\/div>\n\n                          <ul class=\"features\">\n                                  <li>D\u00e0nh cho Nh\u00f3m Nh\u1ecf<\/li>\n                                  <li>3 Thi\u1ebft B\u1ecb<\/li>\n                                  <li>12 Th\u00e1ng C\u1eadp Nh\u1eadt<\/li>\n                                  <li>Kh\u00f4ng gi\u1edbi h\u1ea1n S\u1ed1 L\u01b0\u1ee3ng G\u1eedi<\/li>\n                                  <li>H\u1ed7 Tr\u1ee3 CLI + \u01afu Ti\u00ean<\/li>\n                              <\/ul>\n            \n                          <div class=\"crypto-logos\">\n                <span class=\"coin c-btc\"><svg xmlns='http:\/\/www.w3.org\/2000\/svg' viewBox='0 0 64 64'><circle cx='32' cy='32' r='30' fill='#f7931a'\/><text x='32' y='40' font-size='28' text-anchor='middle' fill='#fff' font-family='Arial'>\u20bf<\/text><\/svg><span class=\"label\">BTC<\/span><\/span><span class=\"coin c-eth\"><svg xmlns='http:\/\/www.w3.org\/2000\/svg' viewBox='0 0 64 64'><circle cx='32' cy='32' r='30' fill='#627eea'\/><path d='M32 10L20 32l12-8 12 8-12-22zm0 44l12-18-12 8-12-8 12 18z' fill='#fff'\/><\/svg><span class=\"label\">ETH<\/span><\/span><span class=\"coin c-usdt\"><svg xmlns='http:\/\/www.w3.org\/2000\/svg' viewBox='0 0 64 64'><circle cx='32' cy='32' r='30' fill='#26a17b'\/><text x='32' y='40' font-size='26' text-anchor='middle' fill='#fff' font-family='Arial'>T<\/text><\/svg><span class=\"label\">USDT<\/span><\/span>              <\/div>\n            \n            <a class=\"uz-btn uz-btn--primary\" href=\"\/vi\/product\/unzend-ioncube-sourceguardian-decoder\/?attribute_pa_model=pro\">\n              Ch\u1ecdn            <\/a>\n          <\/div>\n                  <div class=\"pr-card\">\n                          <span class=\"badge\">VIP<\/span>\n            \n            <h4 class=\"section-title\" style=\"margin-bottom:8px\">Ultimate<\/h4>\n\n            <div class=\"price\" aria-label=\"$699\">\n              <span class=\"cur\">$<\/span>              <span class=\"amt\">699<\/span>\n                          <\/div>\n\n                          <ul class=\"features\">\n                                  <li>D\u00e0nh cho C\u00e1c C\u01a1 Quan &amp; Doanh Nghi\u1ec7p<\/li>\n                                  <li>5 Thi\u1ebft B\u1ecb<\/li>\n                                  <li>C\u1eadp Nh\u1eadt Tr\u1ecdn \u0110\u1eddi<\/li>\n                                  <li>S\u1eed D\u1ee5ng N\u1ed9i B\u1ed9 Qua C\u00e1c D\u1ef1 \u00c1n<\/li>\n                                  <li>K\u00eanh H\u1ed7 Tr\u1ee3 Ri\u00eang Bi\u1ec7t<\/li>\n                              <\/ul>\n            \n                          <div class=\"crypto-logos\">\n                <span class=\"coin c-btc\"><svg xmlns='http:\/\/www.w3.org\/2000\/svg' viewBox='0 0 64 64'><circle cx='32' cy='32' r='30' fill='#f7931a'\/><text x='32' y='40' font-size='28' text-anchor='middle' fill='#fff' font-family='Arial'>\u20bf<\/text><\/svg><span class=\"label\">BTC<\/span><\/span><span class=\"coin c-eth\"><svg xmlns='http:\/\/www.w3.org\/2000\/svg' viewBox='0 0 64 64'><circle cx='32' cy='32' r='30' fill='#627eea'\/><path d='M32 10L20 32l12-8 12 8-12-22zm0 44l12-18-12 8-12-8 12 18z' fill='#fff'\/><\/svg><span class=\"label\">ETH<\/span><\/span><span class=\"coin c-usdt\"><svg xmlns='http:\/\/www.w3.org\/2000\/svg' viewBox='0 0 64 64'><circle cx='32' cy='32' r='30' fill='#26a17b'\/><text x='32' y='40' font-size='26' text-anchor='middle' fill='#fff' font-family='Arial'>T<\/text><\/svg><span class=\"label\">USDT<\/span><\/span>              <\/div>\n            \n            <a class=\"uz-btn uz-btn--primary\" href=\"\/vi\/product\/unzend-ioncube-sourceguardian-decoder\/?attribute_pa_model=ultimate\">\n              Ch\u1ecdn            <\/a>\n          <\/div>\n              <\/div>\n    <\/section>\n    \t\t\t\t<\/div>\n\t\t\t\t<\/div>\n\t\t\t\t\t<\/div>\n\t\t\t\t<\/div>\n\t\t\t\t<\/div>\n\t\t","protected":false},"excerpt":{"rendered":"<p>Ch\u1ecdn G\u00f3i Ph\u00f9 H\u1ee3p V\u1edbi B\u1ea1n T\u00ecm gi\u1ea5y ph\u00e9p UnZend ho\u00e0n h\u1ea3o cho quy tr\u00ecnh l\u00e0m vi\u1ec7c c\u1ee7a b\u1ea1n. D\u00f9 b\u1ea1n l\u00e0 nh\u00e0 ph\u00e1t tri\u1ec3n \u0111\u1ed9c l\u1eadp hay m\u1ed9t nh\u00f3m doanh nghi\u1ec7p, c\u00e1c g\u00f3i c\u1ee7a ch\u00fang t\u00f4i \u0111\u1ec1u \u0111\u01b0\u1ee3c thi\u1ebft k\u1ebf ph\u00f9 h\u1ee3p v\u1edbi nhu c\u1ea7u c\u1ee7a b\u1ea1n. C\u01a1 b\u1ea3n Standard $ 168 D\u00e0nh cho [&hellip;]<\/p>\n","protected":false},"author":1,"featured_media":0,"parent":0,"menu_order":0,"comment_status":"closed","ping_status":"closed","template":"templates\/elementor-fullwidth.php","meta":{"footnotes":""},"class_list":["post-1620","page","type-page","status-publish","hentry"],"yoast_head":"<!-- This site is optimized with the Yoast SEO Premium plugin v26.0 (Yoast SEO v26.6) - https:\/\/yoast.com\/wordpress\/plugins\/seo\/ -->\n<title>B\u1ea3ng gi\u00e1 - UnZend<\/title>\n<meta name=\"robots\" content=\"index, follow, max-snippet:-1, max-image-preview:large, max-video-preview:-1\" \/>\n<link rel=\"canonical\" href=\"https:\/\/unzend.net\/vi\/pricing\/\" \/>\n<meta property=\"og:locale\" content=\"vi_VN\" \/>\n<meta property=\"og:type\" content=\"article\" \/>\n<meta property=\"og:title\" content=\"B\u1ea3ng gi\u00e1 - UnZend\" \/>\n<meta property=\"og:description\" content=\"Ch\u1ecdn G\u00f3i Ph\u00f9 H\u1ee3p V\u1edbi B\u1ea1n T\u00ecm gi\u1ea5y ph\u00e9p UnZend ho\u00e0n h\u1ea3o cho quy tr\u00ecnh l\u00e0m vi\u1ec7c c\u1ee7a b\u1ea1n. D\u00f9 b\u1ea1n l\u00e0 nh\u00e0 ph\u00e1t tri\u1ec3n \u0111\u1ed9c l\u1eadp hay m\u1ed9t nh\u00f3m doanh nghi\u1ec7p, c\u00e1c g\u00f3i c\u1ee7a ch\u00fang t\u00f4i \u0111\u1ec1u \u0111\u01b0\u1ee3c thi\u1ebft k\u1ebf ph\u00f9 h\u1ee3p v\u1edbi nhu c\u1ea7u c\u1ee7a b\u1ea1n. C\u01a1 b\u1ea3n Standard $ 168 D\u00e0nh cho [&hellip;]\" \/>\n<meta property=\"og:url\" content=\"https:\/\/unzend.net\/vi\/pricing\/\" \/>\n<meta property=\"og:site_name\" content=\"UnZend\" \/>\n<meta property=\"article:modified_time\" content=\"2025-10-12T14:34:30+00:00\" \/>\n<meta name=\"twitter:card\" content=\"summary_large_image\" \/>\n<meta name=\"twitter:label1\" content=\"Est. reading time\" \/>\n\t<meta name=\"twitter:data1\" content=\"1 minute\" \/>\n<script type=\"application\/ld+json\" class=\"yoast-schema-graph\">{\"@context\":\"https:\/\/schema.org\",\"@graph\":[{\"@type\":\"WebPage\",\"@id\":\"https:\/\/unzend.net\/vi\/pricing\/\",\"url\":\"https:\/\/unzend.net\/vi\/pricing\/\",\"name\":\"B\u1ea3ng gi\u00e1 - UnZend\",\"isPartOf\":{\"@id\":\"https:\/\/unzend.net\/vi\/#website\"},\"datePublished\":\"2025-08-29T16:26:35+00:00\",\"dateModified\":\"2025-10-12T14:34:30+00:00\",\"breadcrumb\":{\"@id\":\"https:\/\/unzend.net\/vi\/pricing\/#breadcrumb\"},\"inLanguage\":\"vi-VN\",\"potentialAction\":[{\"@type\":\"ReadAction\",\"target\":[\"https:\/\/unzend.net\/vi\/pricing\/\"]}]},{\"@type\":\"BreadcrumbList\",\"@id\":\"https:\/\/unzend.net\/vi\/pricing\/#breadcrumb\",\"itemListElement\":[{\"@type\":\"ListItem\",\"position\":1,\"name\":\"Home\",\"item\":\"https:\/\/unzend.net\/vi\/home\/\"},{\"@type\":\"ListItem\",\"position\":2,\"name\":\"B\u1ea3ng gi\u00e1\"}]},{\"@type\":\"WebSite\",\"@id\":\"https:\/\/unzend.net\/vi\/#website\",\"url\":\"https:\/\/unzend.net\/vi\/\",\"name\":\"UnZend\",\"description\":\"ionCube Decoder &amp; SourceGuardian Decoder\",\"publisher\":{\"@id\":\"https:\/\/unzend.net\/vi\/#organization\"},\"potentialAction\":[{\"@type\":\"SearchAction\",\"target\":{\"@type\":\"EntryPoint\",\"urlTemplate\":\"https:\/\/unzend.net\/vi\/?s={search_term_string}\"},\"query-input\":{\"@type\":\"PropertyValueSpecification\",\"valueRequired\":true,\"valueName\":\"search_term_string\"}}],\"inLanguage\":\"vi-VN\"},{\"@type\":\"Organization\",\"@id\":\"https:\/\/unzend.net\/vi\/#organization\",\"name\":\"UnZend\",\"url\":\"https:\/\/unzend.net\/vi\/\",\"logo\":{\"@type\":\"ImageObject\",\"inLanguage\":\"vi-VN\",\"@id\":\"https:\/\/unzend.net\/vi\/#\/schema\/logo\/image\/\",\"url\":\"https:\/\/unzend.net\/wp-content\/uploads\/2025\/08\/cropped-unzend-logo.png\",\"contentUrl\":\"https:\/\/unzend.net\/wp-content\/uploads\/2025\/08\/cropped-unzend-logo.png\",\"width\":300,\"height\":200,\"caption\":\"UnZend\"},\"image\":{\"@id\":\"https:\/\/unzend.net\/vi\/#\/schema\/logo\/image\/\"}}]}<\/script>\n<!-- \/ Yoast SEO Premium plugin. -->","yoast_head_json":{"title":"B\u1ea3ng gi\u00e1 - UnZend","robots":{"index":"index","follow":"follow","max-snippet":"max-snippet:-1","max-image-preview":"max-image-preview:large","max-video-preview":"max-video-preview:-1"},"canonical":"https:\/\/unzend.net\/vi\/pricing\/","og_locale":"vi_VN","og_type":"article","og_title":"B\u1ea3ng gi\u00e1 - UnZend","og_description":"Ch\u1ecdn G\u00f3i Ph\u00f9 H\u1ee3p V\u1edbi B\u1ea1n T\u00ecm gi\u1ea5y ph\u00e9p UnZend ho\u00e0n h\u1ea3o cho quy tr\u00ecnh l\u00e0m vi\u1ec7c c\u1ee7a b\u1ea1n. D\u00f9 b\u1ea1n l\u00e0 nh\u00e0 ph\u00e1t tri\u1ec3n \u0111\u1ed9c l\u1eadp hay m\u1ed9t nh\u00f3m doanh nghi\u1ec7p, c\u00e1c g\u00f3i c\u1ee7a ch\u00fang t\u00f4i \u0111\u1ec1u \u0111\u01b0\u1ee3c thi\u1ebft k\u1ebf ph\u00f9 h\u1ee3p v\u1edbi nhu c\u1ea7u c\u1ee7a b\u1ea1n. C\u01a1 b\u1ea3n Standard $ 168 D\u00e0nh cho [&hellip;]","og_url":"https:\/\/unzend.net\/vi\/pricing\/","og_site_name":"UnZend","article_modified_time":"2025-10-12T14:34:30+00:00","twitter_card":"summary_large_image","twitter_misc":{"Est. reading time":"1 minute"},"schema":{"@context":"https:\/\/schema.org","@graph":[{"@type":"WebPage","@id":"https:\/\/unzend.net\/vi\/pricing\/","url":"https:\/\/unzend.net\/vi\/pricing\/","name":"B\u1ea3ng gi\u00e1 - UnZend","isPartOf":{"@id":"https:\/\/unzend.net\/vi\/#website"},"datePublished":"2025-08-29T16:26:35+00:00","dateModified":"2025-10-12T14:34:30+00:00","breadcrumb":{"@id":"https:\/\/unzend.net\/vi\/pricing\/#breadcrumb"},"inLanguage":"vi-VN","potentialAction":[{"@type":"ReadAction","target":["https:\/\/unzend.net\/vi\/pricing\/"]}]},{"@type":"BreadcrumbList","@id":"https:\/\/unzend.net\/vi\/pricing\/#breadcrumb","itemListElement":[{"@type":"ListItem","position":1,"name":"Home","item":"https:\/\/unzend.net\/vi\/home\/"},{"@type":"ListItem","position":2,"name":"B\u1ea3ng gi\u00e1"}]},{"@type":"WebSite","@id":"https:\/\/unzend.net\/vi\/#website","url":"https:\/\/unzend.net\/vi\/","name":"UnZend","description":"ionCube Decoder &amp; SourceGuardian Decoder","publisher":{"@id":"https:\/\/unzend.net\/vi\/#organization"},"potentialAction":[{"@type":"SearchAction","target":{"@type":"EntryPoint","urlTemplate":"https:\/\/unzend.net\/vi\/?s={search_term_string}"},"query-input":{"@type":"PropertyValueSpecification","valueRequired":true,"valueName":"search_term_string"}}],"inLanguage":"vi-VN"},{"@type":"Organization","@id":"https:\/\/unzend.net\/vi\/#organization","name":"UnZend","url":"https:\/\/unzend.net\/vi\/","logo":{"@type":"ImageObject","inLanguage":"vi-VN","@id":"https:\/\/unzend.net\/vi\/#\/schema\/logo\/image\/","url":"https:\/\/unzend.net\/wp-content\/uploads\/2025\/08\/cropped-unzend-logo.png","contentUrl":"https:\/\/unzend.net\/wp-content\/uploads\/2025\/08\/cropped-unzend-logo.png","width":300,"height":200,"caption":"UnZend"},"image":{"@id":"https:\/\/unzend.net\/vi\/#\/schema\/logo\/image\/"}}]}},"_links":{"self":[{"href":"https:\/\/unzend.net\/vi\/wp-json\/wp\/v2\/pages\/1620","targetHints":{"allow":["GET"]}}],"collection":[{"href":"https:\/\/unzend.net\/vi\/wp-json\/wp\/v2\/pages"}],"about":[{"href":"https:\/\/unzend.net\/vi\/wp-json\/wp\/v2\/types\/page"}],"author":[{"embeddable":true,"href":"https:\/\/unzend.net\/vi\/wp-json\/wp\/v2\/users\/1"}],"replies":[{"embeddable":true,"href":"https:\/\/unzend.net\/vi\/wp-json\/wp\/v2\/comments?post=1620"}],"version-history":[{"count":12,"href":"https:\/\/unzend.net\/vi\/wp-json\/wp\/v2\/pages\/1620\/revisions"}],"predecessor-version":[{"id":3382,"href":"https:\/\/unzend.net\/vi\/wp-json\/wp\/v2\/pages\/1620\/revisions\/3382"}],"wp:attachment":[{"href":"https:\/\/unzend.net\/vi\/wp-json\/wp\/v2\/media?parent=1620"}],"curies":[{"name":"wp","href":"https:\/\/api.w.org\/{rel}","templated":true}]}}